{"id":3000,"date":"2016-02-20T21:39:34","date_gmt":"2016-02-20T21:39:34","guid":{"rendered":"http:\/\/grafomix.ro\/\/despre-noi\/"},"modified":"2020-09-09T11:35:31","modified_gmt":"2020-09-09T08:35:31","slug":"cegunkrol-grafomix-targu-mures","status":"publish","type":"page","link":"https:\/\/grafomix.ro\/hu\/cegunkrol-grafomix-targu-mures\/","title":{"rendered":"C\u00e9g\u00fcnkr\u0151l"},"content":{"rendered":"<h3>\u00dcdv\u00f6z\u00f6lj\u00fck!<\/h3>\n<h4>A j\u00f3 rekl\u00e1m az \u00fczlet lelke.<\/h4>\n<p>Perform\u00e1ns felszerel\u00e9ssel, j\u00f3l k\u00e9pzett alkalmazotakkal, komoly hozz\u00e1\u00e1ll\u00e1ssal tervezz\u00fck \u00e9s kivitelezz\u00fck munk\u00e1inkat,\u00a0 legyen az design, \u00f6ntapados-v\u00e1g\u00e1s -ragaszt\u00e1s, volumetrikus bet\u0171k, f\u00e9nyrekl\u00e1mdoboz, led-es pan\u00f3.<\/p>\n<p>Min\u0151s\u00e9gi felszerel\u00e9ssel: plotter cutter, nyomtat\u00f3k, lamin\u00e1l\u00f3, grav\u00edroz\u00f3 \u00e9s min\u0151s\u00e9gi alapanyagokb\u00f3l: plexid, PVC, ABS, aluminium, r\u00e9z, s\u00e1rgar\u00e9z, fa, dolgozunk.<br \/>\nTeljes felszerel\u00e9s\u00fcnkkel \u00e9s cspatunkkal azon dolgozunk, hogy \u00d6nnek a legmegfele\u0151bb rekl\u00e1mot elk\u00e9sz\u00edts\u00fck!<br \/>\nUgy Marosv\u00e1s\u00e1rhelyen mint a k\u00f6rnyez\u0151 telep\u00fcl\u00e9seken is biztos\u00edtjuk az \u00d6n rekl\u00e1mj\u00e1nak megtervez\u00e9s\u00e9t, kivitelez\u00e9s\u00e9t, felszerel\u00e9s\u00e9t \u00e9s nem\u00a0 utols\u00f3 sorban, karbantart\u00e1s\u00e1t.<br \/>\nHa pedig m\u00e9g nem d\u00f6nt\u00f6ted el milye rekl\u00e1mra van sz\u00fcks\u00e9ged,\u00a0 tan\u00e1csad\u00e1ssal is rendelkez\u00e9sedre \u00e1llunk<\/p>\n<p><strong>GRAFOMIX KFT<\/strong><br \/>\n<strong>Marosvas\u00e1rhely, Budai Nagy Antal utca 8 sz\u00e1m<\/strong><br \/>\n<strong> marketing@grafomix.ro<\/strong><\/p>\n<p class=\"Body\"><strong>Kapcsolat: <\/strong><strong>Szegedi Lorant<\/strong><\/p>\n<p><strong>Telefonsz\u00e1ma: 0744\/775.803<\/strong><br \/>\n<strong> lori@grafomix.ro<\/strong><\/p>\n","protected":false},"excerpt":{"rendered":"<p>\u00dcdv\u00f6z\u00f6lj\u00fck! A j\u00f3 rekl\u00e1m az \u00fczlet lelke. Perform\u00e1ns felszerel\u00e9ssel, j\u00f3l k\u00e9pzett alkalmazotakkal, komoly hozz\u00e1\u00e1ll\u00e1ssal tervezz\u00fck \u00e9s kivitelezz\u00fck munk\u00e1inkat,\u00a0 legyen az design, \u00f6ntapados-v\u00e1g\u00e1s -ragaszt\u00e1s, volumetrikus bet\u0171k, f\u00e9nyrekl\u00e1mdoboz, led-es pan\u00f3. Min\u0151s\u00e9gi felszerel\u00e9ssel: plotter cutter, nyomtat\u00f3k, lamin\u00e1l\u00f3, grav\u00edroz\u00f3 \u00e9s min\u0151s\u00e9gi alapanyagokb\u00f3l: plexid, PVC, ABS, aluminium, r\u00e9z, s\u00e1rgar\u00e9z, fa, dolgozunk. Teljes felszerel\u00e9s\u00fcnkkel \u00e9s cspatunkkal azon dolgozunk, hogy \u00d6nnek a [&hellip;]<\/p>\n","protected":false},"author":1,"featured_media":0,"parent":0,"menu_order":0,"comment_status":"closed","ping_status":"closed","template":"template-aboutus.php","meta":{"_acf_changed":false,"footnotes":""},"class_list":["post-3000","page","type-page","status-publish","hentry"],"acf":[],"yoast_head":"<!-- This site is optimized with the Yoast SEO plugin v27.1.1 - https:\/\/yoast.com\/product\/yoast-seo-wordpress\/ -->\n<title>C\u00e9g\u00fcnkr\u0151l Grafomix - Targu Mures reklam<\/title>\n<meta name=\"description\" content=\"C\u00e9g\u00fcnkr\u0151l Grafomix - Targu Mures reklam legyen az design, \u00f6ntapados-v\u00e1g\u00e1s -ragaszt\u00e1s, volumetrikus bet\u0171k, f\u00e9nyrekl\u00e1mdoboz, led-es pan\u00f3.\" \/>\n<meta name=\"robots\" content=\"index, follow, max-snippet:-1, max-image-preview:large, max-video-preview:-1\" \/>\n<link rel=\"canonical\" href=\"https:\/\/grafomix.ro\/hu\/cegunkrol-grafomix-targu-mures\/\" \/>\n<meta property=\"og:locale\" content=\"hu_HU\" \/>\n<meta property=\"og:type\" content=\"article\" \/>\n<meta property=\"og:title\" content=\"C\u00e9g\u00fcnkr\u0151l Grafomix - Targu Mures reklam\" \/>\n<meta property=\"og:description\" content=\"C\u00e9g\u00fcnkr\u0151l Grafomix - Targu Mures reklam legyen az design, \u00f6ntapados-v\u00e1g\u00e1s -ragaszt\u00e1s, volumetrikus bet\u0171k, f\u00e9nyrekl\u00e1mdoboz, led-es pan\u00f3.\" \/>\n<meta property=\"og:url\" content=\"https:\/\/grafomix.ro\/hu\/cegunkrol-grafomix-targu-mures\/\" \/>\n<meta property=\"og:site_name\" content=\"Grafomix\" \/>\n<meta property=\"article:modified_time\" content=\"2020-09-09T08:35:31+00:00\" \/>\n<meta name=\"twitter:card\" content=\"summary_large_image\" \/>\n<meta name=\"twitter:label1\" content=\"Becs\u00fclt olvas\u00e1si id\u0151\" \/>\n\t<meta name=\"twitter:data1\" content=\"1 perc\" \/>\n<script type=\"application\/ld+json\" class=\"yoast-schema-graph\">{\"@context\":\"https:\/\/schema.org\",\"@graph\":[{\"@type\":\"WebPage\",\"@id\":\"https:\/\/grafomix.ro\/hu\/cegunkrol-grafomix-targu-mures\/\",\"url\":\"https:\/\/grafomix.ro\/hu\/cegunkrol-grafomix-targu-mures\/\",\"name\":\"C\u00e9g\u00fcnkr\u0151l Grafomix - Targu Mures reklam\",\"isPartOf\":{\"@id\":\"https:\/\/grafomix.ro\/#website\"},\"datePublished\":\"2016-02-20T21:39:34+00:00\",\"dateModified\":\"2020-09-09T08:35:31+00:00\",\"description\":\"C\u00e9g\u00fcnkr\u0151l Grafomix - Targu Mures reklam legyen az design, \u00f6ntapados-v\u00e1g\u00e1s -ragaszt\u00e1s, volumetrikus bet\u0171k, f\u00e9nyrekl\u00e1mdoboz, led-es pan\u00f3.\",\"breadcrumb\":{\"@id\":\"https:\/\/grafomix.ro\/hu\/cegunkrol-grafomix-targu-mures\/#breadcrumb\"},\"inLanguage\":\"hu\",\"potentialAction\":[{\"@type\":\"ReadAction\",\"target\":[\"https:\/\/grafomix.ro\/hu\/cegunkrol-grafomix-targu-mures\/\"]}]},{\"@type\":\"BreadcrumbList\",\"@id\":\"https:\/\/grafomix.ro\/hu\/cegunkrol-grafomix-targu-mures\/#breadcrumb\",\"itemListElement\":[{\"@type\":\"ListItem\",\"position\":1,\"name\":\"Prima pagin\u0103\",\"item\":\"https:\/\/grafomix.ro\/hu\/\"},{\"@type\":\"ListItem\",\"position\":2,\"name\":\"C\u00e9g\u00fcnkr\u0151l\"}]},{\"@type\":\"WebSite\",\"@id\":\"https:\/\/grafomix.ro\/#website\",\"url\":\"https:\/\/grafomix.ro\/\",\"name\":\"Grafomix\",\"description\":\"Reclame luminoase, 3d ,litere volumetrice\",\"potentialAction\":[{\"@type\":\"SearchAction\",\"target\":{\"@type\":\"EntryPoint\",\"urlTemplate\":\"https:\/\/grafomix.ro\/?s={search_term_string}\"},\"query-input\":{\"@type\":\"PropertyValueSpecification\",\"valueRequired\":true,\"valueName\":\"search_term_string\"}}],\"inLanguage\":\"hu\"}]}<\/script>\n<!-- \/ Yoast SEO plugin. -->","yoast_head_json":{"title":"C\u00e9g\u00fcnkr\u0151l Grafomix - Targu Mures reklam","description":"C\u00e9g\u00fcnkr\u0151l Grafomix - Targu Mures reklam legyen az design, \u00f6ntapados-v\u00e1g\u00e1s -ragaszt\u00e1s, volumetrikus bet\u0171k, f\u00e9nyrekl\u00e1mdoboz, led-es pan\u00f3.","robots":{"index":"index","follow":"follow","max-snippet":"max-snippet:-1","max-image-preview":"max-image-preview:large","max-video-preview":"max-video-preview:-1"},"canonical":"https:\/\/grafomix.ro\/hu\/cegunkrol-grafomix-targu-mures\/","og_locale":"hu_HU","og_type":"article","og_title":"C\u00e9g\u00fcnkr\u0151l Grafomix - Targu Mures reklam","og_description":"C\u00e9g\u00fcnkr\u0151l Grafomix - Targu Mures reklam legyen az design, \u00f6ntapados-v\u00e1g\u00e1s -ragaszt\u00e1s, volumetrikus bet\u0171k, f\u00e9nyrekl\u00e1mdoboz, led-es pan\u00f3.","og_url":"https:\/\/grafomix.ro\/hu\/cegunkrol-grafomix-targu-mures\/","og_site_name":"Grafomix","article_modified_time":"2020-09-09T08:35:31+00:00","twitter_card":"summary_large_image","twitter_misc":{"Becs\u00fclt olvas\u00e1si id\u0151":"1 perc"},"schema":{"@context":"https:\/\/schema.org","@graph":[{"@type":"WebPage","@id":"https:\/\/grafomix.ro\/hu\/cegunkrol-grafomix-targu-mures\/","url":"https:\/\/grafomix.ro\/hu\/cegunkrol-grafomix-targu-mures\/","name":"C\u00e9g\u00fcnkr\u0151l Grafomix - Targu Mures reklam","isPartOf":{"@id":"https:\/\/grafomix.ro\/#website"},"datePublished":"2016-02-20T21:39:34+00:00","dateModified":"2020-09-09T08:35:31+00:00","description":"C\u00e9g\u00fcnkr\u0151l Grafomix - Targu Mures reklam legyen az design, \u00f6ntapados-v\u00e1g\u00e1s -ragaszt\u00e1s, volumetrikus bet\u0171k, f\u00e9nyrekl\u00e1mdoboz, led-es pan\u00f3.","breadcrumb":{"@id":"https:\/\/grafomix.ro\/hu\/cegunkrol-grafomix-targu-mures\/#breadcrumb"},"inLanguage":"hu","potentialAction":[{"@type":"ReadAction","target":["https:\/\/grafomix.ro\/hu\/cegunkrol-grafomix-targu-mures\/"]}]},{"@type":"BreadcrumbList","@id":"https:\/\/grafomix.ro\/hu\/cegunkrol-grafomix-targu-mures\/#breadcrumb","itemListElement":[{"@type":"ListItem","position":1,"name":"Prima pagin\u0103","item":"https:\/\/grafomix.ro\/hu\/"},{"@type":"ListItem","position":2,"name":"C\u00e9g\u00fcnkr\u0151l"}]},{"@type":"WebSite","@id":"https:\/\/grafomix.ro\/#website","url":"https:\/\/grafomix.ro\/","name":"Grafomix","description":"Reclame luminoase, 3d ,litere volumetrice","potentialAction":[{"@type":"SearchAction","target":{"@type":"EntryPoint","urlTemplate":"https:\/\/grafomix.ro\/?s={search_term_string}"},"query-input":{"@type":"PropertyValueSpecification","valueRequired":true,"valueName":"search_term_string"}}],"inLanguage":"hu"}]}},"_links":{"self":[{"href":"https:\/\/grafomix.ro\/hu\/wp-json\/wp\/v2\/pages\/3000","targetHints":{"allow":["GET"]}}],"collection":[{"href":"https:\/\/grafomix.ro\/hu\/wp-json\/wp\/v2\/pages"}],"about":[{"href":"https:\/\/grafomix.ro\/hu\/wp-json\/wp\/v2\/types\/page"}],"author":[{"embeddable":true,"href":"https:\/\/grafomix.ro\/hu\/wp-json\/wp\/v2\/users\/1"}],"replies":[{"embeddable":true,"href":"https:\/\/grafomix.ro\/hu\/wp-json\/wp\/v2\/comments?post=3000"}],"version-history":[{"count":3,"href":"https:\/\/grafomix.ro\/hu\/wp-json\/wp\/v2\/pages\/3000\/revisions"}],"predecessor-version":[{"id":9138,"href":"https:\/\/grafomix.ro\/hu\/wp-json\/wp\/v2\/pages\/3000\/revisions\/9138"}],"wp:attachment":[{"href":"https:\/\/grafomix.ro\/hu\/wp-json\/wp\/v2\/media?parent=3000"}],"curies":[{"name":"wp","href":"https:\/\/api.w.org\/{rel}","templated":true}]}}