{"id":2998,"date":"2016-02-20T21:42:40","date_gmt":"2016-02-20T21:42:40","guid":{"rendered":"http:\/\/grafomix.ro\/\/casete-si-firme-luminoase\/"},"modified":"2025-12-19T11:54:58","modified_gmt":"2025-12-19T08:54:58","slug":"fenyreklamok","status":"publish","type":"page","link":"https:\/\/grafomix.ro\/hu\/fenyreklamok\/","title":{"rendered":"F\u00c9NYREKL\u00c1MOK"},"content":{"rendered":"<p class=\"Body\">F\u00c9NYREKL\u00c1MOK<\/p>\n<p>&nbsp;<\/p>\n<p class=\"Body\">Egyoldalas doboz eset\u00e9n 120 mm sz\u00e9les, k\u00e9toldalas doboz eset\u00e9n pedig 180 mm sz\u00e9les m\u0171anyag vagy aluminiumprofilb\u00f3l k\u00e9sz\u00fcl az oldaluk.<\/p>\n<p class=\"Body\">A rekl\u00e1m eleje feh\u00e9r plexidb\u0151l vagy polikarbon\u00e1tb\u00f3l.<\/p>\n<p class=\"Body\">Felt\u00e9telek:<\/p>\n<p class=\"Body\">M\u00e9retek:<\/p>\n<ul>\n<li>minim\u00e1lis magass\u00e1g 10 cm.<\/li>\n<li>maxim\u00e1lis magass\u00e1g 3oo cm<\/li>\n<\/ul>\n<p>M\u00e9lys\u00e9g<\/p>\n<ul>\n<li>\n<p class=\"Body\">m\u00e9lys\u00e9g 12-18 cm<\/p>\n<\/li>\n<\/ul>\n<p class=\"Body\">A rekl\u00e1mdoboz eleje:<\/p>\n<ul>\n<li>3,4,5 mm-es feh\u00e9r vagy sz\u00ednes plexid.<\/li>\n<li>3,4,5,6 mm-es feh\u00e9r polikarbon\u00e1t<\/li>\n<\/ul>\n<p class=\"Body\">A fel\u00edratot a rekl\u00e1mt\u00e1bl\u00e1ra cutter-plotterrel v\u00e1gott, min\u0151s\u00e9gi \u00f6ntapad\u00f3s foli\u00e1b\u00f3l k\u00e9sz\u00edtj\u00fck.<\/p>\n<p class=\"Body\">A folia sz\u00edne nappali f\u00e9nyn\u00e9l \u00e9s kivil\u00e1g\u00edtva is egyar\u00e1nt egys\u00e9ges fel\u00fcletet mutat.<\/p>\n<p class=\"Body\">Egy m\u00e1sik lehet\u0151s\u00e9g a fel\u00edratoz\u00e1sra a nyomtatott folia, 1440 dpi min\u0151s\u00e9gben.<\/p>\n<p>Megvil\u00e1g\u00edt\u00e1si lehet\u0151s\u00e9gek<\/p>\n<ul>\n<li>\n<p class=\"Body\">neon f\u00e9nycs\u00f6vekkel, max 13 cm-re helyezve egym\u00e1st\u00f3l \u0151ket Philips m\u00e1rk\u00e1ju f\u00e9nycs\u00f6veket, startereket \u00e9s transzform\u00e1torokat haszn\u00e1lunk<\/p>\n<\/li>\n<li>ledekkel val\u00f3 megvil\u00e1g\u00edt\u00e1s<\/li>\n<\/ul>\n<p class=\"Body\">A doboz h\u00e1ta:<\/p>\n<ul>\n<li>\n<p class=\"Body\">galvaniz\u00e1lt cinklemezb\u0151l, esetleg a kisebb dobozokn\u00e1l pvc-b\u0151l k\u00e9sz\u00fcl<\/p>\n<\/li>\n<\/ul>\n<p>SZEREL\u00c9S:<\/p>\n<ul>\n<li>30-50 perc<\/li>\n<\/ul>\n<p class=\"Body\">A szerel\u00e9s a doboz egyik oldal\u00e1nak elt\u00e1vol\u00edtasa \u00e9s a rekl\u00e1m elej\u00e9nek kihuz\u00e1sa ut\u00e1n nagyon egyszer\u00fcen megoldhat\u00f3.<\/p>\n<p class=\"Body\">A garancia egy \u00e9v.<\/p>\n<p>&nbsp;<\/p>\n<p>Ha f\u00e9nyrekl\u00e1mdobozra\u00a0 van sz\u00fcks\u00e9ge, forduljon bizalommal hozz\u00e1nk, telefonon a 0744-775803-as telefonon vagy szem\u00e9lyesen Marosv\u00e1s\u00e1rhely, Budai Nagy Antal utca 8 sz\u00e1m alatti sz\u00e9khely\u00fcnk\u00f6n.<br \/>\n<iframe src=\"https:\/\/www.youtube.com\/embed\/6eEEyjXTOw8\" width=\"100%\" height=\"315\" frameborder=\"0\" allowfullscreen=\"allowfullscreen\"><\/iframe><\/p>\n","protected":false},"excerpt":{"rendered":"<p>F\u00c9NYREKL\u00c1MOK &nbsp; Egyoldalas doboz eset\u00e9n 120 mm sz\u00e9les, k\u00e9toldalas doboz eset\u00e9n pedig 180 mm sz\u00e9les m\u0171anyag vagy aluminiumprofilb\u00f3l k\u00e9sz\u00fcl az oldaluk. A rekl\u00e1m eleje feh\u00e9r plexidb\u0151l vagy polikarbon\u00e1tb\u00f3l. Felt\u00e9telek: M\u00e9retek: minim\u00e1lis magass\u00e1g 10 cm. maxim\u00e1lis magass\u00e1g 3oo cm M\u00e9lys\u00e9g m\u00e9lys\u00e9g 12-18 cm A rekl\u00e1mdoboz eleje: 3,4,5 mm-es feh\u00e9r vagy sz\u00ednes plexid. 3,4,5,6 mm-es feh\u00e9r polikarbon\u00e1t [&hellip;]<\/p>\n","protected":false},"author":1,"featured_media":5229,"parent":0,"menu_order":0,"comment_status":"closed","ping_status":"closed","template":"template-portfolio.php","meta":{"_acf_changed":false,"footnotes":""},"class_list":["post-2998","page","type-page","status-publish","has-post-thumbnail","hentry"],"acf":[],"yoast_head":"<!-- This site is optimized with the Yoast SEO plugin v27.1.1 - https:\/\/yoast.com\/product\/yoast-seo-wordpress\/ -->\n<title>F\u00c9NYREKL\u00c1MDOBOZOK Grafomix Targu Mures<\/title>\n<meta name=\"description\" content=\"F\u00c9NYREKL\u00c1MDOBOZOK Grafomix Targu Mures. Egyoldalas doboz eset\u00e9n 120 mm sz\u00e9les, k\u00e9toldalas doboz eset\u00e9n pedig 180 mm sz\u00e9les m\u0171anyag vagy aluminiumprofilb\u00f3l\" \/>\n<meta name=\"robots\" content=\"index, follow, max-snippet:-1, max-image-preview:large, max-video-preview:-1\" \/>\n<link rel=\"canonical\" href=\"https:\/\/grafomix.ro\/hu\/fenyreklamok\/\" \/>\n<meta property=\"og:locale\" content=\"hu_HU\" \/>\n<meta property=\"og:type\" content=\"article\" \/>\n<meta property=\"og:title\" content=\"F\u00c9NYREKL\u00c1MDOBOZOK Grafomix Targu Mures\" \/>\n<meta property=\"og:description\" content=\"F\u00c9NYREKL\u00c1MDOBOZOK Grafomix Targu Mures. Egyoldalas doboz eset\u00e9n 120 mm sz\u00e9les, k\u00e9toldalas doboz eset\u00e9n pedig 180 mm sz\u00e9les m\u0171anyag vagy aluminiumprofilb\u00f3l\" \/>\n<meta property=\"og:url\" content=\"https:\/\/grafomix.ro\/hu\/fenyreklamok\/\" \/>\n<meta property=\"og:site_name\" content=\"Grafomix\" \/>\n<meta property=\"article:modified_time\" content=\"2025-12-19T08:54:58+00:00\" \/>\n<meta property=\"og:image\" content=\"https:\/\/grafomix.ro\/wp-content\/uploads\/2016\/02\/casete_firme_luminoase_targu_mures-2.jpg\" \/>\n\t<meta property=\"og:image:width\" content=\"2000\" \/>\n\t<meta property=\"og:image:height\" content=\"500\" \/>\n\t<meta property=\"og:image:type\" content=\"image\/jpeg\" \/>\n<meta name=\"twitter:card\" content=\"summary_large_image\" \/>\n<meta name=\"twitter:label1\" content=\"Becs\u00fclt olvas\u00e1si id\u0151\" \/>\n\t<meta name=\"twitter:data1\" content=\"1 perc\" \/>\n<script type=\"application\/ld+json\" class=\"yoast-schema-graph\">{\"@context\":\"https:\/\/schema.org\",\"@graph\":[{\"@type\":\"WebPage\",\"@id\":\"https:\/\/grafomix.ro\/hu\/fenyreklamok\/\",\"url\":\"https:\/\/grafomix.ro\/hu\/fenyreklamok\/\",\"name\":\"F\u00c9NYREKL\u00c1MDOBOZOK Grafomix Targu Mures\",\"isPartOf\":{\"@id\":\"https:\/\/grafomix.ro\/#website\"},\"primaryImageOfPage\":{\"@id\":\"https:\/\/grafomix.ro\/hu\/fenyreklamok\/#primaryimage\"},\"image\":{\"@id\":\"https:\/\/grafomix.ro\/hu\/fenyreklamok\/#primaryimage\"},\"thumbnailUrl\":\"https:\/\/grafomix.ro\/wp-content\/uploads\/2016\/02\/casete_firme_luminoase_targu_mures-2.jpg\",\"datePublished\":\"2016-02-20T21:42:40+00:00\",\"dateModified\":\"2025-12-19T08:54:58+00:00\",\"description\":\"F\u00c9NYREKL\u00c1MDOBOZOK Grafomix Targu Mures. Egyoldalas doboz eset\u00e9n 120 mm sz\u00e9les, k\u00e9toldalas doboz eset\u00e9n pedig 180 mm sz\u00e9les m\u0171anyag vagy aluminiumprofilb\u00f3l\",\"breadcrumb\":{\"@id\":\"https:\/\/grafomix.ro\/hu\/fenyreklamok\/#breadcrumb\"},\"inLanguage\":\"hu\",\"potentialAction\":[{\"@type\":\"ReadAction\",\"target\":[\"https:\/\/grafomix.ro\/hu\/fenyreklamok\/\"]}]},{\"@type\":\"ImageObject\",\"inLanguage\":\"hu\",\"@id\":\"https:\/\/grafomix.ro\/hu\/fenyreklamok\/#primaryimage\",\"url\":\"https:\/\/grafomix.ro\/wp-content\/uploads\/2016\/02\/casete_firme_luminoase_targu_mures-2.jpg\",\"contentUrl\":\"https:\/\/grafomix.ro\/wp-content\/uploads\/2016\/02\/casete_firme_luminoase_targu_mures-2.jpg\",\"width\":2000,\"height\":500},{\"@type\":\"BreadcrumbList\",\"@id\":\"https:\/\/grafomix.ro\/hu\/fenyreklamok\/#breadcrumb\",\"itemListElement\":[{\"@type\":\"ListItem\",\"position\":1,\"name\":\"Prima pagin\u0103\",\"item\":\"https:\/\/grafomix.ro\/hu\/\"},{\"@type\":\"ListItem\",\"position\":2,\"name\":\"F\u00c9NYREKL\u00c1MOK\"}]},{\"@type\":\"WebSite\",\"@id\":\"https:\/\/grafomix.ro\/#website\",\"url\":\"https:\/\/grafomix.ro\/\",\"name\":\"Grafomix\",\"description\":\"Reclame luminoase, 3d ,litere volumetrice\",\"potentialAction\":[{\"@type\":\"SearchAction\",\"target\":{\"@type\":\"EntryPoint\",\"urlTemplate\":\"https:\/\/grafomix.ro\/?s={search_term_string}\"},\"query-input\":{\"@type\":\"PropertyValueSpecification\",\"valueRequired\":true,\"valueName\":\"search_term_string\"}}],\"inLanguage\":\"hu\"}]}<\/script>\n<!-- \/ Yoast SEO plugin. -->","yoast_head_json":{"title":"F\u00c9NYREKL\u00c1MDOBOZOK Grafomix Targu Mures","description":"F\u00c9NYREKL\u00c1MDOBOZOK Grafomix Targu Mures. Egyoldalas doboz eset\u00e9n 120 mm sz\u00e9les, k\u00e9toldalas doboz eset\u00e9n pedig 180 mm sz\u00e9les m\u0171anyag vagy aluminiumprofilb\u00f3l","robots":{"index":"index","follow":"follow","max-snippet":"max-snippet:-1","max-image-preview":"max-image-preview:large","max-video-preview":"max-video-preview:-1"},"canonical":"https:\/\/grafomix.ro\/hu\/fenyreklamok\/","og_locale":"hu_HU","og_type":"article","og_title":"F\u00c9NYREKL\u00c1MDOBOZOK Grafomix Targu Mures","og_description":"F\u00c9NYREKL\u00c1MDOBOZOK Grafomix Targu Mures. Egyoldalas doboz eset\u00e9n 120 mm sz\u00e9les, k\u00e9toldalas doboz eset\u00e9n pedig 180 mm sz\u00e9les m\u0171anyag vagy aluminiumprofilb\u00f3l","og_url":"https:\/\/grafomix.ro\/hu\/fenyreklamok\/","og_site_name":"Grafomix","article_modified_time":"2025-12-19T08:54:58+00:00","og_image":[{"width":2000,"height":500,"url":"https:\/\/grafomix.ro\/wp-content\/uploads\/2016\/02\/casete_firme_luminoase_targu_mures-2.jpg","type":"image\/jpeg"}],"twitter_card":"summary_large_image","twitter_misc":{"Becs\u00fclt olvas\u00e1si id\u0151":"1 perc"},"schema":{"@context":"https:\/\/schema.org","@graph":[{"@type":"WebPage","@id":"https:\/\/grafomix.ro\/hu\/fenyreklamok\/","url":"https:\/\/grafomix.ro\/hu\/fenyreklamok\/","name":"F\u00c9NYREKL\u00c1MDOBOZOK Grafomix Targu Mures","isPartOf":{"@id":"https:\/\/grafomix.ro\/#website"},"primaryImageOfPage":{"@id":"https:\/\/grafomix.ro\/hu\/fenyreklamok\/#primaryimage"},"image":{"@id":"https:\/\/grafomix.ro\/hu\/fenyreklamok\/#primaryimage"},"thumbnailUrl":"https:\/\/grafomix.ro\/wp-content\/uploads\/2016\/02\/casete_firme_luminoase_targu_mures-2.jpg","datePublished":"2016-02-20T21:42:40+00:00","dateModified":"2025-12-19T08:54:58+00:00","description":"F\u00c9NYREKL\u00c1MDOBOZOK Grafomix Targu Mures. Egyoldalas doboz eset\u00e9n 120 mm sz\u00e9les, k\u00e9toldalas doboz eset\u00e9n pedig 180 mm sz\u00e9les m\u0171anyag vagy aluminiumprofilb\u00f3l","breadcrumb":{"@id":"https:\/\/grafomix.ro\/hu\/fenyreklamok\/#breadcrumb"},"inLanguage":"hu","potentialAction":[{"@type":"ReadAction","target":["https:\/\/grafomix.ro\/hu\/fenyreklamok\/"]}]},{"@type":"ImageObject","inLanguage":"hu","@id":"https:\/\/grafomix.ro\/hu\/fenyreklamok\/#primaryimage","url":"https:\/\/grafomix.ro\/wp-content\/uploads\/2016\/02\/casete_firme_luminoase_targu_mures-2.jpg","contentUrl":"https:\/\/grafomix.ro\/wp-content\/uploads\/2016\/02\/casete_firme_luminoase_targu_mures-2.jpg","width":2000,"height":500},{"@type":"BreadcrumbList","@id":"https:\/\/grafomix.ro\/hu\/fenyreklamok\/#breadcrumb","itemListElement":[{"@type":"ListItem","position":1,"name":"Prima pagin\u0103","item":"https:\/\/grafomix.ro\/hu\/"},{"@type":"ListItem","position":2,"name":"F\u00c9NYREKL\u00c1MOK"}]},{"@type":"WebSite","@id":"https:\/\/grafomix.ro\/#website","url":"https:\/\/grafomix.ro\/","name":"Grafomix","description":"Reclame luminoase, 3d ,litere volumetrice","potentialAction":[{"@type":"SearchAction","target":{"@type":"EntryPoint","urlTemplate":"https:\/\/grafomix.ro\/?s={search_term_string}"},"query-input":{"@type":"PropertyValueSpecification","valueRequired":true,"valueName":"search_term_string"}}],"inLanguage":"hu"}]}},"_links":{"self":[{"href":"https:\/\/grafomix.ro\/hu\/wp-json\/wp\/v2\/pages\/2998","targetHints":{"allow":["GET"]}}],"collection":[{"href":"https:\/\/grafomix.ro\/hu\/wp-json\/wp\/v2\/pages"}],"about":[{"href":"https:\/\/grafomix.ro\/hu\/wp-json\/wp\/v2\/types\/page"}],"author":[{"embeddable":true,"href":"https:\/\/grafomix.ro\/hu\/wp-json\/wp\/v2\/users\/1"}],"replies":[{"embeddable":true,"href":"https:\/\/grafomix.ro\/hu\/wp-json\/wp\/v2\/comments?post=2998"}],"version-history":[{"count":4,"href":"https:\/\/grafomix.ro\/hu\/wp-json\/wp\/v2\/pages\/2998\/revisions"}],"predecessor-version":[{"id":10478,"href":"https:\/\/grafomix.ro\/hu\/wp-json\/wp\/v2\/pages\/2998\/revisions\/10478"}],"wp:featuredmedia":[{"embeddable":true,"href":"https:\/\/grafomix.ro\/hu\/wp-json\/wp\/v2\/media\/5229"}],"wp:attachment":[{"href":"https:\/\/grafomix.ro\/hu\/wp-json\/wp\/v2\/media?parent=2998"}],"curies":[{"name":"wp","href":"https:\/\/api.w.org\/{rel}","templated":true}]}}