{"id":2997,"date":"2016-02-20T21:44:07","date_gmt":"2016-02-20T18:44:07","guid":{"rendered":"http:\/\/grafomix.ro\/\/cruci-pentru-farmacii-cu-led\/"},"modified":"2021-05-19T19:00:59","modified_gmt":"2021-05-19T16:00:59","slug":"gyogyszertari-fenyreklamok","status":"publish","type":"page","link":"https:\/\/grafomix.ro\/hu\/gyogyszertari-fenyreklamok\/","title":{"rendered":"GY\u00d3GYSZERT\u00c1RI F\u00c9NYREKL\u00c1MOK"},"content":{"rendered":"<p>GY\u00d3GYSZERT\u00c1RI F\u00c9NYREKL\u00c1MOK<\/p>\n<p class=\"Body\">\n<p class=\"Body\"><strong>Technikai adatok:<\/strong><\/p>\n<p class=\"Body\"><strong>M\u00e9retek:<\/strong><\/p>\n<ul>\n<li class=\"Body\">60 x 60 cm, 70 x 70 cm, 80 x 80 cm vagy 90 x 90 cm<\/li>\n<li class=\"Body\">lehet egy vagy k\u00e9t oldalas kereszt<\/li>\n<li class=\"Body\">szinkron j\u00e1tekkal a megv\u00edl\u00e1g\u00edt\u00e1s<\/li>\n<li class=\"Body\">szerel\u00e9s fal homlokzatra vagy oszlopra<\/li>\n<li class=\"Body\">5 mm-es szuper-flux ledek<\/li>\n<li class=\"Body\">a rekl\u00e1m sulya 7-8 kg. maximum<\/li>\n<li class=\"Body\">ledek \u00e9lettartalma 50000 &#8211; 80000 \u00f3ra<\/li>\n<\/ul>\n<p class=\"Body\">Lehets\u00e9ges sz\u00e1m\u00edt\u00f3g\u00e9pr\u0151l is program\u00e1lni a keresztek m\u0171k\u0151d\u00e9s\u00e9t<\/p>\n<p class=\"Body\">A garancia a megrendelt ledek min\u0151s\u00e9g\u00e9t\u0151l f\u00fcgg\u0151en 1-3 \u00e9v.<\/p>\n<p class=\"Body\">Ha gy\u00f3gyszert\u00e1ri keresztre van sz\u00fcks\u00e9ge,<\/p>\n<p class=\"Body\">forduljon bizalommal hozz\u00e1nk, telefonon a <strong>0744-775803<\/strong>-as telefonon vagy szem\u00e9lyesen Marosv\u00e1s\u00e1rhely, Budai Nagy Antal utca 8 sz\u00e1m\u00a0 alatti sz\u00e9khely\u00fcnk\u00f6n.<\/p>\n<p>&nbsp;<\/p>\n<p><iframe src=\"https:\/\/www.youtube.com\/embed\/ADdOtr4sdEE\" width=\"100%\" height=\"400\" frameborder=\"0\" allowfullscreen=\"allowfullscreen\"><\/iframe><\/p>\n","protected":false},"excerpt":{"rendered":"<p>GY\u00d3GYSZERT\u00c1RI F\u00c9NYREKL\u00c1MOK Technikai adatok: M\u00e9retek: 60 x 60 cm, 70 x 70 cm, 80 x 80 cm vagy 90 x 90 cm lehet egy vagy k\u00e9t oldalas kereszt szinkron j\u00e1tekkal a megv\u00edl\u00e1g\u00edt\u00e1s szerel\u00e9s fal homlokzatra vagy oszlopra 5 mm-es szuper-flux ledek a rekl\u00e1m sulya 7-8 kg. maximum ledek \u00e9lettartalma 50000 &#8211; 80000 \u00f3ra Lehets\u00e9ges sz\u00e1m\u00edt\u00f3g\u00e9pr\u0151l [&hellip;]<\/p>\n","protected":false},"author":1,"featured_media":5285,"parent":0,"menu_order":0,"comment_status":"closed","ping_status":"closed","template":"template-portfolio.php","meta":{"_acf_changed":false,"footnotes":""},"class_list":["post-2997","page","type-page","status-publish","has-post-thumbnail","hentry"],"acf":[],"yoast_head":"<!-- This site is optimized with the Yoast SEO plugin v27.1.1 - https:\/\/yoast.com\/product\/yoast-seo-wordpress\/ -->\n<title>GY\u00d3GYSZERT\u00c1RI LEDES KERESZTEK Grafomix Targu Mures<\/title>\n<meta name=\"description\" content=\"GY\u00d3GYSZERT\u00c1RI LEDES KERESZTEK Grafomix Targu Mures. 60 x 60 cm, 70 x 70 cm, 80 x 80 cm vagy 90 x 90 cm, lehet egy vagy k\u00e9t oldalas kereszt\" \/>\n<meta name=\"robots\" content=\"index, follow, max-snippet:-1, max-image-preview:large, max-video-preview:-1\" \/>\n<link rel=\"canonical\" href=\"https:\/\/grafomix.ro\/hu\/gyogyszertari-fenyreklamok\/\" \/>\n<meta property=\"og:locale\" content=\"hu_HU\" \/>\n<meta property=\"og:type\" content=\"article\" \/>\n<meta property=\"og:title\" content=\"GY\u00d3GYSZERT\u00c1RI LEDES KERESZTEK Grafomix Targu Mures\" \/>\n<meta property=\"og:description\" content=\"GY\u00d3GYSZERT\u00c1RI LEDES KERESZTEK Grafomix Targu Mures. 60 x 60 cm, 70 x 70 cm, 80 x 80 cm vagy 90 x 90 cm, lehet egy vagy k\u00e9t oldalas kereszt\" \/>\n<meta property=\"og:url\" content=\"https:\/\/grafomix.ro\/hu\/gyogyszertari-fenyreklamok\/\" \/>\n<meta property=\"og:site_name\" content=\"Grafomix\" \/>\n<meta property=\"article:modified_time\" content=\"2021-05-19T16:00:59+00:00\" \/>\n<meta property=\"og:image\" content=\"https:\/\/grafomix.ro\/wp-content\/uploads\/2016\/02\/cruci_luminoase_farmacii_led-1.jpg\" \/>\n\t<meta property=\"og:image:width\" content=\"2000\" \/>\n\t<meta property=\"og:image:height\" content=\"500\" \/>\n\t<meta property=\"og:image:type\" content=\"image\/jpeg\" \/>\n<meta name=\"twitter:card\" content=\"summary_large_image\" \/>\n<meta name=\"twitter:label1\" content=\"Becs\u00fclt olvas\u00e1si id\u0151\" \/>\n\t<meta name=\"twitter:data1\" content=\"1 perc\" \/>\n<script type=\"application\/ld+json\" class=\"yoast-schema-graph\">{\"@context\":\"https:\/\/schema.org\",\"@graph\":[{\"@type\":\"WebPage\",\"@id\":\"https:\/\/grafomix.ro\/hu\/gyogyszertari-fenyreklamok\/\",\"url\":\"https:\/\/grafomix.ro\/hu\/gyogyszertari-fenyreklamok\/\",\"name\":\"GY\u00d3GYSZERT\u00c1RI LEDES KERESZTEK Grafomix Targu Mures\",\"isPartOf\":{\"@id\":\"https:\/\/grafomix.ro\/#website\"},\"primaryImageOfPage\":{\"@id\":\"https:\/\/grafomix.ro\/hu\/gyogyszertari-fenyreklamok\/#primaryimage\"},\"image\":{\"@id\":\"https:\/\/grafomix.ro\/hu\/gyogyszertari-fenyreklamok\/#primaryimage\"},\"thumbnailUrl\":\"https:\/\/grafomix.ro\/wp-content\/uploads\/2016\/02\/cruci_luminoase_farmacii_led-1.jpg\",\"datePublished\":\"2016-02-20T18:44:07+00:00\",\"dateModified\":\"2021-05-19T16:00:59+00:00\",\"description\":\"GY\u00d3GYSZERT\u00c1RI LEDES KERESZTEK Grafomix Targu Mures. 60 x 60 cm, 70 x 70 cm, 80 x 80 cm vagy 90 x 90 cm, lehet egy vagy k\u00e9t oldalas kereszt\",\"breadcrumb\":{\"@id\":\"https:\/\/grafomix.ro\/hu\/gyogyszertari-fenyreklamok\/#breadcrumb\"},\"inLanguage\":\"hu\",\"potentialAction\":[{\"@type\":\"ReadAction\",\"target\":[\"https:\/\/grafomix.ro\/hu\/gyogyszertari-fenyreklamok\/\"]}]},{\"@type\":\"ImageObject\",\"inLanguage\":\"hu\",\"@id\":\"https:\/\/grafomix.ro\/hu\/gyogyszertari-fenyreklamok\/#primaryimage\",\"url\":\"https:\/\/grafomix.ro\/wp-content\/uploads\/2016\/02\/cruci_luminoase_farmacii_led-1.jpg\",\"contentUrl\":\"https:\/\/grafomix.ro\/wp-content\/uploads\/2016\/02\/cruci_luminoase_farmacii_led-1.jpg\",\"width\":2000,\"height\":500},{\"@type\":\"BreadcrumbList\",\"@id\":\"https:\/\/grafomix.ro\/hu\/gyogyszertari-fenyreklamok\/#breadcrumb\",\"itemListElement\":[{\"@type\":\"ListItem\",\"position\":1,\"name\":\"Prima pagin\u0103\",\"item\":\"https:\/\/grafomix.ro\/hu\/\"},{\"@type\":\"ListItem\",\"position\":2,\"name\":\"GY\u00d3GYSZERT\u00c1RI F\u00c9NYREKL\u00c1MOK\"}]},{\"@type\":\"WebSite\",\"@id\":\"https:\/\/grafomix.ro\/#website\",\"url\":\"https:\/\/grafomix.ro\/\",\"name\":\"Grafomix\",\"description\":\"Reclame luminoase, 3d ,litere volumetrice\",\"potentialAction\":[{\"@type\":\"SearchAction\",\"target\":{\"@type\":\"EntryPoint\",\"urlTemplate\":\"https:\/\/grafomix.ro\/?s={search_term_string}\"},\"query-input\":{\"@type\":\"PropertyValueSpecification\",\"valueRequired\":true,\"valueName\":\"search_term_string\"}}],\"inLanguage\":\"hu\"}]}<\/script>\n<!-- \/ Yoast SEO plugin. -->","yoast_head_json":{"title":"GY\u00d3GYSZERT\u00c1RI LEDES KERESZTEK Grafomix Targu Mures","description":"GY\u00d3GYSZERT\u00c1RI LEDES KERESZTEK Grafomix Targu Mures. 60 x 60 cm, 70 x 70 cm, 80 x 80 cm vagy 90 x 90 cm, lehet egy vagy k\u00e9t oldalas kereszt","robots":{"index":"index","follow":"follow","max-snippet":"max-snippet:-1","max-image-preview":"max-image-preview:large","max-video-preview":"max-video-preview:-1"},"canonical":"https:\/\/grafomix.ro\/hu\/gyogyszertari-fenyreklamok\/","og_locale":"hu_HU","og_type":"article","og_title":"GY\u00d3GYSZERT\u00c1RI LEDES KERESZTEK Grafomix Targu Mures","og_description":"GY\u00d3GYSZERT\u00c1RI LEDES KERESZTEK Grafomix Targu Mures. 60 x 60 cm, 70 x 70 cm, 80 x 80 cm vagy 90 x 90 cm, lehet egy vagy k\u00e9t oldalas kereszt","og_url":"https:\/\/grafomix.ro\/hu\/gyogyszertari-fenyreklamok\/","og_site_name":"Grafomix","article_modified_time":"2021-05-19T16:00:59+00:00","og_image":[{"width":2000,"height":500,"url":"https:\/\/grafomix.ro\/wp-content\/uploads\/2016\/02\/cruci_luminoase_farmacii_led-1.jpg","type":"image\/jpeg"}],"twitter_card":"summary_large_image","twitter_misc":{"Becs\u00fclt olvas\u00e1si id\u0151":"1 perc"},"schema":{"@context":"https:\/\/schema.org","@graph":[{"@type":"WebPage","@id":"https:\/\/grafomix.ro\/hu\/gyogyszertari-fenyreklamok\/","url":"https:\/\/grafomix.ro\/hu\/gyogyszertari-fenyreklamok\/","name":"GY\u00d3GYSZERT\u00c1RI LEDES KERESZTEK Grafomix Targu Mures","isPartOf":{"@id":"https:\/\/grafomix.ro\/#website"},"primaryImageOfPage":{"@id":"https:\/\/grafomix.ro\/hu\/gyogyszertari-fenyreklamok\/#primaryimage"},"image":{"@id":"https:\/\/grafomix.ro\/hu\/gyogyszertari-fenyreklamok\/#primaryimage"},"thumbnailUrl":"https:\/\/grafomix.ro\/wp-content\/uploads\/2016\/02\/cruci_luminoase_farmacii_led-1.jpg","datePublished":"2016-02-20T18:44:07+00:00","dateModified":"2021-05-19T16:00:59+00:00","description":"GY\u00d3GYSZERT\u00c1RI LEDES KERESZTEK Grafomix Targu Mures. 60 x 60 cm, 70 x 70 cm, 80 x 80 cm vagy 90 x 90 cm, lehet egy vagy k\u00e9t oldalas kereszt","breadcrumb":{"@id":"https:\/\/grafomix.ro\/hu\/gyogyszertari-fenyreklamok\/#breadcrumb"},"inLanguage":"hu","potentialAction":[{"@type":"ReadAction","target":["https:\/\/grafomix.ro\/hu\/gyogyszertari-fenyreklamok\/"]}]},{"@type":"ImageObject","inLanguage":"hu","@id":"https:\/\/grafomix.ro\/hu\/gyogyszertari-fenyreklamok\/#primaryimage","url":"https:\/\/grafomix.ro\/wp-content\/uploads\/2016\/02\/cruci_luminoase_farmacii_led-1.jpg","contentUrl":"https:\/\/grafomix.ro\/wp-content\/uploads\/2016\/02\/cruci_luminoase_farmacii_led-1.jpg","width":2000,"height":500},{"@type":"BreadcrumbList","@id":"https:\/\/grafomix.ro\/hu\/gyogyszertari-fenyreklamok\/#breadcrumb","itemListElement":[{"@type":"ListItem","position":1,"name":"Prima pagin\u0103","item":"https:\/\/grafomix.ro\/hu\/"},{"@type":"ListItem","position":2,"name":"GY\u00d3GYSZERT\u00c1RI F\u00c9NYREKL\u00c1MOK"}]},{"@type":"WebSite","@id":"https:\/\/grafomix.ro\/#website","url":"https:\/\/grafomix.ro\/","name":"Grafomix","description":"Reclame luminoase, 3d ,litere volumetrice","potentialAction":[{"@type":"SearchAction","target":{"@type":"EntryPoint","urlTemplate":"https:\/\/grafomix.ro\/?s={search_term_string}"},"query-input":{"@type":"PropertyValueSpecification","valueRequired":true,"valueName":"search_term_string"}}],"inLanguage":"hu"}]}},"_links":{"self":[{"href":"https:\/\/grafomix.ro\/hu\/wp-json\/wp\/v2\/pages\/2997","targetHints":{"allow":["GET"]}}],"collection":[{"href":"https:\/\/grafomix.ro\/hu\/wp-json\/wp\/v2\/pages"}],"about":[{"href":"https:\/\/grafomix.ro\/hu\/wp-json\/wp\/v2\/types\/page"}],"author":[{"embeddable":true,"href":"https:\/\/grafomix.ro\/hu\/wp-json\/wp\/v2\/users\/1"}],"replies":[{"embeddable":true,"href":"https:\/\/grafomix.ro\/hu\/wp-json\/wp\/v2\/comments?post=2997"}],"version-history":[{"count":4,"href":"https:\/\/grafomix.ro\/hu\/wp-json\/wp\/v2\/pages\/2997\/revisions"}],"predecessor-version":[{"id":9346,"href":"https:\/\/grafomix.ro\/hu\/wp-json\/wp\/v2\/pages\/2997\/revisions\/9346"}],"wp:featuredmedia":[{"embeddable":true,"href":"https:\/\/grafomix.ro\/hu\/wp-json\/wp\/v2\/media\/5285"}],"wp:attachment":[{"href":"https:\/\/grafomix.ro\/hu\/wp-json\/wp\/v2\/media?parent=2997"}],"curies":[{"name":"wp","href":"https:\/\/api.w.org\/{rel}","templated":true}]}}