{"id":2996,"date":"2016-02-20T21:44:47","date_gmt":"2016-02-20T21:44:47","guid":{"rendered":"http:\/\/grafomix.ro\/\/?page_id=2996"},"modified":"2017-03-17T19:29:07","modified_gmt":"2017-03-17T16:29:07","slug":"decoratiuni-nunti-si-evenimente","status":"publish","type":"page","link":"https:\/\/grafomix.ro\/hu\/decoratiuni-nunti-si-evenimente\/","title":{"rendered":"Decoratiuni Nunti si Evenimente"},"content":{"rendered":"<h4><span class=\"Titre-Gris\">DECORATIUNI NUNTI<\/span><span class=\"Titre-Vert\">\u00a0SI EVENIMENTE<\/span><\/h4>\n<p id=\"u1747-2\">In cadrul firmei Grafomix, floraria KIRA d\u00e9cor se straduieste ca fiecare eveniment din viata dumnevoastra sa fie unic\u2026<\/p>\n<p id=\"u1747-4\">Alegand flori in functie de anotimp, de stilul si personalitatea fiecaruia cream un d\u00e9cor original pentru clipe de neuitat<\/p>\n<p id=\"u1747-5\">\u00a0\u00a0\u00a0\u00a0 Folosind fructe, legume si flori de cea mai buna calitate, suntem atenti la cel mai mic detaliu pentru a oferi clientilor mici capodopere florale pentru marcarea evenimentelor din viata lor.<\/p>\n<p id=\"u1747-8\">\u00a0Combinand flori de inalta clasa cu finetea artistica europeana care leam castigat prin cursuri de la cei mai buni din domeniul aranjamentelor florale.<\/p>\n<p id=\"u1747-11\">\u00a0<span class=\"Verde\">Realizam:<\/span><\/p>\n<ul>\n<li>evenimente firme<\/li>\n<li>decoratiuni cu plante<\/li>\n<li>nunti<\/li>\n<li>buchete de mireasa<\/li>\n<li>buchete de nasa<\/li>\n<li>aranjamente pentru sala mese si masini<\/li>\n<li>coronite<\/li>\n<li>corsaje<\/li>\n<li>arcade<\/li>\n<li>lumanari de botez si cununie<\/li>\n<li>consiliere de amenajari interioare<\/li>\n<li>livrari de buchete la domiciliu<\/li>\n<\/ul>\n<p>Decoratiuni nunti si evenimente KIRA d\u00e9cor<\/p>\n<p>Florarie:<br \/>\nTargu Mures, str. Budai Antal nr.8<br \/>\nTel.: 0265-311.111<br \/>\nkiradecor@grafomix2.dev<\/p>\n<p>&nbsp;<\/p>\n<p>Persoana de contact:<br \/>\nKacso Andrea<br \/>\nMobil: 0744\/423.473<br \/>\nkiradecor@yahoo.com<\/p>\n","protected":false},"excerpt":{"rendered":"<p>DECORATIUNI NUNTI\u00a0SI EVENIMENTE In cadrul firmei Grafomix, floraria KIRA d\u00e9cor se straduieste ca fiecare eveniment din viata dumnevoastra sa fie unic\u2026 Alegand flori in functie de anotimp, de stilul si personalitatea fiecaruia cream un d\u00e9cor original pentru clipe de neuitat \u00a0\u00a0\u00a0\u00a0 Folosind fructe, legume si flori de cea mai buna calitate, suntem atenti la cel [&hellip;]<\/p>\n","protected":false},"author":1,"featured_media":0,"parent":0,"menu_order":0,"comment_status":"closed","ping_status":"closed","template":"","meta":{"_acf_changed":false,"footnotes":""},"class_list":["post-2996","page","type-page","status-publish","hentry"],"acf":[],"yoast_head":"<!-- This site is optimized with the Yoast SEO plugin v27.1.1 - https:\/\/yoast.com\/product\/yoast-seo-wordpress\/ -->\n<title>Decoratiuni Nunti si Evenimente - Grafomix Targu Mures<\/title>\n<meta name=\"description\" content=\"Decoratiuni Nunti si Evenimente Targu Mures In cadrul firmei Grafomix, floraria KIRA d\u00e9cor se straduieste ca fiecare eveniment din viata dumnevoastra sa fie\" \/>\n<meta name=\"robots\" content=\"index, follow, max-snippet:-1, max-image-preview:large, max-video-preview:-1\" \/>\n<link rel=\"canonical\" href=\"https:\/\/grafomix.ro\/hu\/decoratiuni-nunti-si-evenimente\/\" \/>\n<meta property=\"og:locale\" content=\"hu_HU\" \/>\n<meta property=\"og:type\" content=\"article\" \/>\n<meta property=\"og:title\" content=\"Decoratiuni Nunti si Evenimente - Grafomix Targu Mures\" \/>\n<meta property=\"og:description\" content=\"Decoratiuni Nunti si Evenimente Targu Mures In cadrul firmei Grafomix, floraria KIRA d\u00e9cor se straduieste ca fiecare eveniment din viata dumnevoastra sa fie\" \/>\n<meta property=\"og:url\" content=\"https:\/\/grafomix.ro\/hu\/decoratiuni-nunti-si-evenimente\/\" \/>\n<meta property=\"og:site_name\" content=\"Grafomix\" \/>\n<meta property=\"article:modified_time\" content=\"2017-03-17T16:29:07+00:00\" \/>\n<meta name=\"twitter:card\" content=\"summary_large_image\" \/>\n<meta name=\"twitter:label1\" content=\"Becs\u00fclt olvas\u00e1si id\u0151\" \/>\n\t<meta name=\"twitter:data1\" content=\"1 perc\" \/>\n<script type=\"application\/ld+json\" class=\"yoast-schema-graph\">{\"@context\":\"https:\/\/schema.org\",\"@graph\":[{\"@type\":\"WebPage\",\"@id\":\"https:\/\/grafomix.ro\/hu\/decoratiuni-nunti-si-evenimente\/\",\"url\":\"https:\/\/grafomix.ro\/hu\/decoratiuni-nunti-si-evenimente\/\",\"name\":\"Decoratiuni Nunti si Evenimente - Grafomix Targu Mures\",\"isPartOf\":{\"@id\":\"https:\/\/grafomix.ro\/#website\"},\"datePublished\":\"2016-02-20T21:44:47+00:00\",\"dateModified\":\"2017-03-17T16:29:07+00:00\",\"description\":\"Decoratiuni Nunti si Evenimente Targu Mures In cadrul firmei Grafomix, floraria KIRA d\u00e9cor se straduieste ca fiecare eveniment din viata dumnevoastra sa fie\",\"breadcrumb\":{\"@id\":\"https:\/\/grafomix.ro\/hu\/decoratiuni-nunti-si-evenimente\/#breadcrumb\"},\"inLanguage\":\"hu\",\"potentialAction\":[{\"@type\":\"ReadAction\",\"target\":[\"https:\/\/grafomix.ro\/hu\/decoratiuni-nunti-si-evenimente\/\"]}]},{\"@type\":\"BreadcrumbList\",\"@id\":\"https:\/\/grafomix.ro\/hu\/decoratiuni-nunti-si-evenimente\/#breadcrumb\",\"itemListElement\":[{\"@type\":\"ListItem\",\"position\":1,\"name\":\"Prima pagin\u0103\",\"item\":\"https:\/\/grafomix.ro\/hu\/\"},{\"@type\":\"ListItem\",\"position\":2,\"name\":\"Decoratiuni Nunti si Evenimente\"}]},{\"@type\":\"WebSite\",\"@id\":\"https:\/\/grafomix.ro\/#website\",\"url\":\"https:\/\/grafomix.ro\/\",\"name\":\"Grafomix\",\"description\":\"Reclame luminoase, 3d ,litere volumetrice\",\"potentialAction\":[{\"@type\":\"SearchAction\",\"target\":{\"@type\":\"EntryPoint\",\"urlTemplate\":\"https:\/\/grafomix.ro\/?s={search_term_string}\"},\"query-input\":{\"@type\":\"PropertyValueSpecification\",\"valueRequired\":true,\"valueName\":\"search_term_string\"}}],\"inLanguage\":\"hu\"}]}<\/script>\n<!-- \/ Yoast SEO plugin. -->","yoast_head_json":{"title":"Decoratiuni Nunti si Evenimente - Grafomix Targu Mures","description":"Decoratiuni Nunti si Evenimente Targu Mures In cadrul firmei Grafomix, floraria KIRA d\u00e9cor se straduieste ca fiecare eveniment din viata dumnevoastra sa fie","robots":{"index":"index","follow":"follow","max-snippet":"max-snippet:-1","max-image-preview":"max-image-preview:large","max-video-preview":"max-video-preview:-1"},"canonical":"https:\/\/grafomix.ro\/hu\/decoratiuni-nunti-si-evenimente\/","og_locale":"hu_HU","og_type":"article","og_title":"Decoratiuni Nunti si Evenimente - Grafomix Targu Mures","og_description":"Decoratiuni Nunti si Evenimente Targu Mures In cadrul firmei Grafomix, floraria KIRA d\u00e9cor se straduieste ca fiecare eveniment din viata dumnevoastra sa fie","og_url":"https:\/\/grafomix.ro\/hu\/decoratiuni-nunti-si-evenimente\/","og_site_name":"Grafomix","article_modified_time":"2017-03-17T16:29:07+00:00","twitter_card":"summary_large_image","twitter_misc":{"Becs\u00fclt olvas\u00e1si id\u0151":"1 perc"},"schema":{"@context":"https:\/\/schema.org","@graph":[{"@type":"WebPage","@id":"https:\/\/grafomix.ro\/hu\/decoratiuni-nunti-si-evenimente\/","url":"https:\/\/grafomix.ro\/hu\/decoratiuni-nunti-si-evenimente\/","name":"Decoratiuni Nunti si Evenimente - Grafomix Targu Mures","isPartOf":{"@id":"https:\/\/grafomix.ro\/#website"},"datePublished":"2016-02-20T21:44:47+00:00","dateModified":"2017-03-17T16:29:07+00:00","description":"Decoratiuni Nunti si Evenimente Targu Mures In cadrul firmei Grafomix, floraria KIRA d\u00e9cor se straduieste ca fiecare eveniment din viata dumnevoastra sa fie","breadcrumb":{"@id":"https:\/\/grafomix.ro\/hu\/decoratiuni-nunti-si-evenimente\/#breadcrumb"},"inLanguage":"hu","potentialAction":[{"@type":"ReadAction","target":["https:\/\/grafomix.ro\/hu\/decoratiuni-nunti-si-evenimente\/"]}]},{"@type":"BreadcrumbList","@id":"https:\/\/grafomix.ro\/hu\/decoratiuni-nunti-si-evenimente\/#breadcrumb","itemListElement":[{"@type":"ListItem","position":1,"name":"Prima pagin\u0103","item":"https:\/\/grafomix.ro\/hu\/"},{"@type":"ListItem","position":2,"name":"Decoratiuni Nunti si Evenimente"}]},{"@type":"WebSite","@id":"https:\/\/grafomix.ro\/#website","url":"https:\/\/grafomix.ro\/","name":"Grafomix","description":"Reclame luminoase, 3d ,litere volumetrice","potentialAction":[{"@type":"SearchAction","target":{"@type":"EntryPoint","urlTemplate":"https:\/\/grafomix.ro\/?s={search_term_string}"},"query-input":{"@type":"PropertyValueSpecification","valueRequired":true,"valueName":"search_term_string"}}],"inLanguage":"hu"}]}},"_links":{"self":[{"href":"https:\/\/grafomix.ro\/hu\/wp-json\/wp\/v2\/pages\/2996","targetHints":{"allow":["GET"]}}],"collection":[{"href":"https:\/\/grafomix.ro\/hu\/wp-json\/wp\/v2\/pages"}],"about":[{"href":"https:\/\/grafomix.ro\/hu\/wp-json\/wp\/v2\/types\/page"}],"author":[{"embeddable":true,"href":"https:\/\/grafomix.ro\/hu\/wp-json\/wp\/v2\/users\/1"}],"replies":[{"embeddable":true,"href":"https:\/\/grafomix.ro\/hu\/wp-json\/wp\/v2\/comments?post=2996"}],"version-history":[{"count":0,"href":"https:\/\/grafomix.ro\/hu\/wp-json\/wp\/v2\/pages\/2996\/revisions"}],"wp:attachment":[{"href":"https:\/\/grafomix.ro\/hu\/wp-json\/wp\/v2\/media?parent=2996"}],"curies":[{"name":"wp","href":"https:\/\/api.w.org\/{rel}","templated":true}]}}