{"id":2995,"date":"2016-02-20T21:45:34","date_gmt":"2016-02-20T21:45:34","guid":{"rendered":"http:\/\/grafomix.ro\/\/gravura-laser-mecanic\/"},"modified":"2025-09-25T10:38:23","modified_gmt":"2025-09-25T07:38:23","slug":"lezergravirozas","status":"publish","type":"page","link":"https:\/\/grafomix.ro\/hu\/lezergravirozas\/","title":{"rendered":"L\u00c9ZERGRAV\u00cdROZ\u00c1S"},"content":{"rendered":"<h3 class=\"Body\">L\u00c9ZERGRAV\u00cdROZ\u00c1S<\/h3>\n<p class=\"Body\">Grav\u00edrozott rekl\u00e1mt\u00e1bl\u00e1kat, grav\u00edroz\u00e1st \u00e9s v\u00e1g\u00e1st v\u00e1llalunk l\u00e9zergraviroz\u00f3val.<\/p>\n<p class=\"Body\">K\u00fclt\u00e9ri \u00e9s belt\u00e9ri rekl\u00e1mok k\u00e9sz\u00edthet\u0151k. ABS, plexid, fa, m\u0171anyag alapokra grav\u00edrozunk.<\/p>\n<p class=\"Body\">A maxim\u00e1lis m\u00e9ret egy darabra 800 x 1200 mm.<\/p>\n<p class=\"Body\">Ha l\u00e9zergrav\u00edroz\u00e1sra van sz\u00fcks\u00e9ge, forduljon bizalommal hozz\u00e1nk, telefonon a 0744-775803-as telefonon vagy szem\u00e9lyesen Marosv\u00e1s\u00e1rhely, Budai Nagy Antal utca 8 sz\u00e1m alatti sz\u00e9khely\u00fcnk\u00f6n.<\/p>\n<p><iframe src=\"https:\/\/www.youtube.com\/embed\/hDClVHHNGpI\" width=\"100%\" height=\"315\" frameborder=\"0\" allowfullscreen=\"allowfullscreen\"><\/iframe><\/p>\n","protected":false},"excerpt":{"rendered":"<p>L\u00c9ZERGRAV\u00cdROZ\u00c1S Grav\u00edrozott rekl\u00e1mt\u00e1bl\u00e1kat, grav\u00edroz\u00e1st \u00e9s v\u00e1g\u00e1st v\u00e1llalunk l\u00e9zergraviroz\u00f3val. K\u00fclt\u00e9ri \u00e9s belt\u00e9ri rekl\u00e1mok k\u00e9sz\u00edthet\u0151k. ABS, plexid, fa, m\u0171anyag alapokra grav\u00edrozunk. A maxim\u00e1lis m\u00e9ret egy darabra 800 x 1200 mm. Ha l\u00e9zergrav\u00edroz\u00e1sra van sz\u00fcks\u00e9ge, forduljon bizalommal hozz\u00e1nk, telefonon a 0744-775803-as telefonon vagy szem\u00e9lyesen Marosv\u00e1s\u00e1rhely, Budai Nagy Antal utca 8 sz\u00e1m alatti sz\u00e9khely\u00fcnk\u00f6n.<\/p>\n","protected":false},"author":1,"featured_media":5291,"parent":0,"menu_order":0,"comment_status":"closed","ping_status":"closed","template":"template-portfolio.php","meta":{"_acf_changed":false,"footnotes":""},"class_list":["post-2995","page","type-page","status-publish","has-post-thumbnail","hentry"],"acf":[],"yoast_head":"<!-- This site is optimized with the Yoast SEO plugin v27.1.1 - https:\/\/yoast.com\/product\/yoast-seo-wordpress\/ -->\n<title>L\u00c9ZERGRAV\u00cdROZ\u00c1S Grav\u00edrozott rekl\u00e1mt\u00e1bl\u00e1kat<\/title>\n<meta name=\"description\" content=\"L\u00c9ZERGRAV\u00cdROZ\u00c1S Grav\u00edrozott rekl\u00e1mt\u00e1bl\u00e1kat, grav\u00edroz\u00e1st \u00e9s v\u00e1g\u00e1st v\u00e1llalunk l\u00e9zergraviroz\u00f3val. K\u00fclt\u00e9ri \u00e9s belt\u00e9ri rekl\u00e1mok k\u00e9sz\u00edthet\u0151k. ABS, plexid, fa\" \/>\n<meta name=\"robots\" content=\"index, follow, max-snippet:-1, max-image-preview:large, max-video-preview:-1\" \/>\n<link rel=\"canonical\" href=\"https:\/\/grafomix.ro\/hu\/lezergravirozas\/\" \/>\n<meta property=\"og:locale\" content=\"hu_HU\" \/>\n<meta property=\"og:type\" content=\"article\" \/>\n<meta property=\"og:title\" content=\"L\u00c9ZERGRAV\u00cdROZ\u00c1S Grav\u00edrozott rekl\u00e1mt\u00e1bl\u00e1kat\" \/>\n<meta property=\"og:description\" content=\"L\u00c9ZERGRAV\u00cdROZ\u00c1S Grav\u00edrozott rekl\u00e1mt\u00e1bl\u00e1kat, grav\u00edroz\u00e1st \u00e9s v\u00e1g\u00e1st v\u00e1llalunk l\u00e9zergraviroz\u00f3val. K\u00fclt\u00e9ri \u00e9s belt\u00e9ri rekl\u00e1mok k\u00e9sz\u00edthet\u0151k. ABS, plexid, fa\" \/>\n<meta property=\"og:url\" content=\"https:\/\/grafomix.ro\/hu\/lezergravirozas\/\" \/>\n<meta property=\"og:site_name\" content=\"Grafomix\" \/>\n<meta property=\"article:modified_time\" content=\"2025-09-25T07:38:23+00:00\" \/>\n<meta property=\"og:image\" content=\"https:\/\/grafomix.ro\/wp-content\/uploads\/2016\/02\/gravura_laser_mecanic_firme_mures.jpg\" \/>\n\t<meta property=\"og:image:width\" content=\"2000\" \/>\n\t<meta property=\"og:image:height\" content=\"500\" \/>\n\t<meta property=\"og:image:type\" content=\"image\/jpeg\" \/>\n<meta name=\"twitter:card\" content=\"summary_large_image\" \/>\n<meta name=\"twitter:label1\" content=\"Becs\u00fclt olvas\u00e1si id\u0151\" \/>\n\t<meta name=\"twitter:data1\" content=\"1 perc\" \/>\n<script type=\"application\/ld+json\" class=\"yoast-schema-graph\">{\"@context\":\"https:\/\/schema.org\",\"@graph\":[{\"@type\":\"WebPage\",\"@id\":\"https:\/\/grafomix.ro\/hu\/lezergravirozas\/\",\"url\":\"https:\/\/grafomix.ro\/hu\/lezergravirozas\/\",\"name\":\"L\u00c9ZERGRAV\u00cdROZ\u00c1S Grav\u00edrozott rekl\u00e1mt\u00e1bl\u00e1kat\",\"isPartOf\":{\"@id\":\"https:\/\/grafomix.ro\/#website\"},\"primaryImageOfPage\":{\"@id\":\"https:\/\/grafomix.ro\/hu\/lezergravirozas\/#primaryimage\"},\"image\":{\"@id\":\"https:\/\/grafomix.ro\/hu\/lezergravirozas\/#primaryimage\"},\"thumbnailUrl\":\"https:\/\/grafomix.ro\/wp-content\/uploads\/2016\/02\/gravura_laser_mecanic_firme_mures.jpg\",\"datePublished\":\"2016-02-20T21:45:34+00:00\",\"dateModified\":\"2025-09-25T07:38:23+00:00\",\"description\":\"L\u00c9ZERGRAV\u00cdROZ\u00c1S Grav\u00edrozott rekl\u00e1mt\u00e1bl\u00e1kat, grav\u00edroz\u00e1st \u00e9s v\u00e1g\u00e1st v\u00e1llalunk l\u00e9zergraviroz\u00f3val. K\u00fclt\u00e9ri \u00e9s belt\u00e9ri rekl\u00e1mok k\u00e9sz\u00edthet\u0151k. ABS, plexid, fa\",\"breadcrumb\":{\"@id\":\"https:\/\/grafomix.ro\/hu\/lezergravirozas\/#breadcrumb\"},\"inLanguage\":\"hu\",\"potentialAction\":[{\"@type\":\"ReadAction\",\"target\":[\"https:\/\/grafomix.ro\/hu\/lezergravirozas\/\"]}]},{\"@type\":\"ImageObject\",\"inLanguage\":\"hu\",\"@id\":\"https:\/\/grafomix.ro\/hu\/lezergravirozas\/#primaryimage\",\"url\":\"https:\/\/grafomix.ro\/wp-content\/uploads\/2016\/02\/gravura_laser_mecanic_firme_mures.jpg\",\"contentUrl\":\"https:\/\/grafomix.ro\/wp-content\/uploads\/2016\/02\/gravura_laser_mecanic_firme_mures.jpg\",\"width\":2000,\"height\":500},{\"@type\":\"BreadcrumbList\",\"@id\":\"https:\/\/grafomix.ro\/hu\/lezergravirozas\/#breadcrumb\",\"itemListElement\":[{\"@type\":\"ListItem\",\"position\":1,\"name\":\"Prima pagin\u0103\",\"item\":\"https:\/\/grafomix.ro\/hu\/\"},{\"@type\":\"ListItem\",\"position\":2,\"name\":\"L\u00c9ZERGRAV\u00cdROZ\u00c1S\"}]},{\"@type\":\"WebSite\",\"@id\":\"https:\/\/grafomix.ro\/#website\",\"url\":\"https:\/\/grafomix.ro\/\",\"name\":\"Grafomix\",\"description\":\"Reclame luminoase, 3d ,litere volumetrice\",\"potentialAction\":[{\"@type\":\"SearchAction\",\"target\":{\"@type\":\"EntryPoint\",\"urlTemplate\":\"https:\/\/grafomix.ro\/?s={search_term_string}\"},\"query-input\":{\"@type\":\"PropertyValueSpecification\",\"valueRequired\":true,\"valueName\":\"search_term_string\"}}],\"inLanguage\":\"hu\"}]}<\/script>\n<!-- \/ Yoast SEO plugin. -->","yoast_head_json":{"title":"L\u00c9ZERGRAV\u00cdROZ\u00c1S Grav\u00edrozott rekl\u00e1mt\u00e1bl\u00e1kat","description":"L\u00c9ZERGRAV\u00cdROZ\u00c1S Grav\u00edrozott rekl\u00e1mt\u00e1bl\u00e1kat, grav\u00edroz\u00e1st \u00e9s v\u00e1g\u00e1st v\u00e1llalunk l\u00e9zergraviroz\u00f3val. K\u00fclt\u00e9ri \u00e9s belt\u00e9ri rekl\u00e1mok k\u00e9sz\u00edthet\u0151k. ABS, plexid, fa","robots":{"index":"index","follow":"follow","max-snippet":"max-snippet:-1","max-image-preview":"max-image-preview:large","max-video-preview":"max-video-preview:-1"},"canonical":"https:\/\/grafomix.ro\/hu\/lezergravirozas\/","og_locale":"hu_HU","og_type":"article","og_title":"L\u00c9ZERGRAV\u00cdROZ\u00c1S Grav\u00edrozott rekl\u00e1mt\u00e1bl\u00e1kat","og_description":"L\u00c9ZERGRAV\u00cdROZ\u00c1S Grav\u00edrozott rekl\u00e1mt\u00e1bl\u00e1kat, grav\u00edroz\u00e1st \u00e9s v\u00e1g\u00e1st v\u00e1llalunk l\u00e9zergraviroz\u00f3val. K\u00fclt\u00e9ri \u00e9s belt\u00e9ri rekl\u00e1mok k\u00e9sz\u00edthet\u0151k. ABS, plexid, fa","og_url":"https:\/\/grafomix.ro\/hu\/lezergravirozas\/","og_site_name":"Grafomix","article_modified_time":"2025-09-25T07:38:23+00:00","og_image":[{"width":2000,"height":500,"url":"https:\/\/grafomix.ro\/wp-content\/uploads\/2016\/02\/gravura_laser_mecanic_firme_mures.jpg","type":"image\/jpeg"}],"twitter_card":"summary_large_image","twitter_misc":{"Becs\u00fclt olvas\u00e1si id\u0151":"1 perc"},"schema":{"@context":"https:\/\/schema.org","@graph":[{"@type":"WebPage","@id":"https:\/\/grafomix.ro\/hu\/lezergravirozas\/","url":"https:\/\/grafomix.ro\/hu\/lezergravirozas\/","name":"L\u00c9ZERGRAV\u00cdROZ\u00c1S Grav\u00edrozott rekl\u00e1mt\u00e1bl\u00e1kat","isPartOf":{"@id":"https:\/\/grafomix.ro\/#website"},"primaryImageOfPage":{"@id":"https:\/\/grafomix.ro\/hu\/lezergravirozas\/#primaryimage"},"image":{"@id":"https:\/\/grafomix.ro\/hu\/lezergravirozas\/#primaryimage"},"thumbnailUrl":"https:\/\/grafomix.ro\/wp-content\/uploads\/2016\/02\/gravura_laser_mecanic_firme_mures.jpg","datePublished":"2016-02-20T21:45:34+00:00","dateModified":"2025-09-25T07:38:23+00:00","description":"L\u00c9ZERGRAV\u00cdROZ\u00c1S Grav\u00edrozott rekl\u00e1mt\u00e1bl\u00e1kat, grav\u00edroz\u00e1st \u00e9s v\u00e1g\u00e1st v\u00e1llalunk l\u00e9zergraviroz\u00f3val. K\u00fclt\u00e9ri \u00e9s belt\u00e9ri rekl\u00e1mok k\u00e9sz\u00edthet\u0151k. ABS, plexid, fa","breadcrumb":{"@id":"https:\/\/grafomix.ro\/hu\/lezergravirozas\/#breadcrumb"},"inLanguage":"hu","potentialAction":[{"@type":"ReadAction","target":["https:\/\/grafomix.ro\/hu\/lezergravirozas\/"]}]},{"@type":"ImageObject","inLanguage":"hu","@id":"https:\/\/grafomix.ro\/hu\/lezergravirozas\/#primaryimage","url":"https:\/\/grafomix.ro\/wp-content\/uploads\/2016\/02\/gravura_laser_mecanic_firme_mures.jpg","contentUrl":"https:\/\/grafomix.ro\/wp-content\/uploads\/2016\/02\/gravura_laser_mecanic_firme_mures.jpg","width":2000,"height":500},{"@type":"BreadcrumbList","@id":"https:\/\/grafomix.ro\/hu\/lezergravirozas\/#breadcrumb","itemListElement":[{"@type":"ListItem","position":1,"name":"Prima pagin\u0103","item":"https:\/\/grafomix.ro\/hu\/"},{"@type":"ListItem","position":2,"name":"L\u00c9ZERGRAV\u00cdROZ\u00c1S"}]},{"@type":"WebSite","@id":"https:\/\/grafomix.ro\/#website","url":"https:\/\/grafomix.ro\/","name":"Grafomix","description":"Reclame luminoase, 3d ,litere volumetrice","potentialAction":[{"@type":"SearchAction","target":{"@type":"EntryPoint","urlTemplate":"https:\/\/grafomix.ro\/?s={search_term_string}"},"query-input":{"@type":"PropertyValueSpecification","valueRequired":true,"valueName":"search_term_string"}}],"inLanguage":"hu"}]}},"_links":{"self":[{"href":"https:\/\/grafomix.ro\/hu\/wp-json\/wp\/v2\/pages\/2995","targetHints":{"allow":["GET"]}}],"collection":[{"href":"https:\/\/grafomix.ro\/hu\/wp-json\/wp\/v2\/pages"}],"about":[{"href":"https:\/\/grafomix.ro\/hu\/wp-json\/wp\/v2\/types\/page"}],"author":[{"embeddable":true,"href":"https:\/\/grafomix.ro\/hu\/wp-json\/wp\/v2\/users\/1"}],"replies":[{"embeddable":true,"href":"https:\/\/grafomix.ro\/hu\/wp-json\/wp\/v2\/comments?post=2995"}],"version-history":[{"count":4,"href":"https:\/\/grafomix.ro\/hu\/wp-json\/wp\/v2\/pages\/2995\/revisions"}],"predecessor-version":[{"id":10413,"href":"https:\/\/grafomix.ro\/hu\/wp-json\/wp\/v2\/pages\/2995\/revisions\/10413"}],"wp:featuredmedia":[{"embeddable":true,"href":"https:\/\/grafomix.ro\/hu\/wp-json\/wp\/v2\/media\/5291"}],"wp:attachment":[{"href":"https:\/\/grafomix.ro\/hu\/wp-json\/wp\/v2\/media?parent=2995"}],"curies":[{"name":"wp","href":"https:\/\/api.w.org\/{rel}","templated":true}]}}