{"id":2994,"date":"2016-02-20T21:46:50","date_gmt":"2016-02-20T18:46:50","guid":{"rendered":"http:\/\/grafomix.ro\/\/decor-auto-si-vitrine\/"},"modified":"2025-09-05T11:53:56","modified_gmt":"2025-09-05T08:53:56","slug":"auto-feliratozas","status":"publish","type":"page","link":"https:\/\/grafomix.ro\/hu\/auto-feliratozas\/","title":{"rendered":"AUT\u00d3 FEL\u00cdRATOZ\u00c1S"},"content":{"rendered":"<p><strong>AUT\u00d3 FEL\u00cdRATOZ\u00c1S<\/strong><\/p>\n<p>A fel\u00edratokat matt vagy f\u00e9nyes \u00f6ntapad\u00f3s foli\u00e1b\u00f3l \u00e9s 360 dpi-s nyomtatott foli\u00e1b\u00f3l is k\u00e9sz\u00edthetj\u00fck<\/p>\n<ul>\n<li>kirakatfoli\u00e1z\u00e1s matt homokozott foli\u00e1val, digit\u00e1lis nyomtat\u00e1ssal egy\u00fctt is<\/li>\n<\/ul>\n<p class=\"Body\">Ujj\u00e1 var\u00e1zsoljuk \u00e9p\u00fclete homlokzat\u00e1t kirakat\u00e1nak fel\u00edratoz\u00e1s\u00e1sval, d\u00edsz\u00edt\u00e9s\u00e9vel, amelyhez 24 \u00f3r\u00e1n bel\u00fcl l\u00e1tv\u00e1nytervet k\u00e9sz\u00edtenek szakembereink.<\/p>\n<p class=\"Body\">Ha aut\u00f3 vagy kirakatfel\u00edratoz\u00e1sra van sz\u00fcks\u00e9ge, forduljon bizalommal hozz\u00e1nk, telefonon a 0744-775803-as telefonon vagy szem\u00e9lyesen Marosv\u00e1s\u00e1rhely, Budai Nagy Antal utca 8 sz\u00e1m alatti sz\u00e9khely\u00fcnk\u00f6n.<\/p>\n","protected":false},"excerpt":{"rendered":"<p>AUT\u00d3 FEL\u00cdRATOZ\u00c1S A fel\u00edratokat matt vagy f\u00e9nyes \u00f6ntapad\u00f3s foli\u00e1b\u00f3l \u00e9s 360 dpi-s nyomtatott foli\u00e1b\u00f3l is k\u00e9sz\u00edthetj\u00fck kirakatfoli\u00e1z\u00e1s matt homokozott foli\u00e1val, digit\u00e1lis nyomtat\u00e1ssal egy\u00fctt is Ujj\u00e1 var\u00e1zsoljuk \u00e9p\u00fclete homlokzat\u00e1t kirakat\u00e1nak fel\u00edratoz\u00e1s\u00e1sval, d\u00edsz\u00edt\u00e9s\u00e9vel, amelyhez 24 \u00f3r\u00e1n bel\u00fcl l\u00e1tv\u00e1nytervet k\u00e9sz\u00edtenek szakembereink. Ha aut\u00f3 vagy kirakatfel\u00edratoz\u00e1sra van sz\u00fcks\u00e9ge, forduljon bizalommal hozz\u00e1nk, telefonon a 0744-775803-as telefonon vagy szem\u00e9lyesen Marosv\u00e1s\u00e1rhely, Budai [&hellip;]<\/p>\n","protected":false},"author":1,"featured_media":5281,"parent":0,"menu_order":0,"comment_status":"closed","ping_status":"closed","template":"template-portfolio.php","meta":{"_acf_changed":false,"footnotes":""},"class_list":["post-2994","page","type-page","status-publish","has-post-thumbnail","hentry"],"acf":[],"yoast_head":"<!-- This site is optimized with the Yoast SEO plugin v27.1.1 - https:\/\/yoast.com\/product\/yoast-seo-wordpress\/ -->\n<title>Aut\u00f3 \u00e9s kirakat fel\u00edratoz\u00e1s reklam Targu Mures<\/title>\n<meta name=\"description\" content=\"Aut\u00f3 \u00e9s kirakat fel\u00edratoz\u00e1s reklam Targu Mures. \u2014 A fel\u00edratokat matt vagy f\u00e9nyes \u00f6ntapad\u00f3s foli\u00e1b\u00f3l \u00e9s 360 dpi-s nyomtatott foli\u00e1b\u00f3l is k\u00e9sz\u00edthetj\u00fck\" \/>\n<meta name=\"robots\" content=\"index, follow, max-snippet:-1, max-image-preview:large, max-video-preview:-1\" \/>\n<link rel=\"canonical\" href=\"https:\/\/grafomix.ro\/hu\/auto-feliratozas\/\" \/>\n<meta property=\"og:locale\" content=\"hu_HU\" \/>\n<meta property=\"og:type\" content=\"article\" \/>\n<meta property=\"og:title\" content=\"Aut\u00f3 \u00e9s kirakat fel\u00edratoz\u00e1s reklam Targu Mures\" \/>\n<meta property=\"og:description\" content=\"Aut\u00f3 \u00e9s kirakat fel\u00edratoz\u00e1s reklam Targu Mures. \u2014 A fel\u00edratokat matt vagy f\u00e9nyes \u00f6ntapad\u00f3s foli\u00e1b\u00f3l \u00e9s 360 dpi-s nyomtatott foli\u00e1b\u00f3l is k\u00e9sz\u00edthetj\u00fck\" \/>\n<meta property=\"og:url\" content=\"https:\/\/grafomix.ro\/hu\/auto-feliratozas\/\" \/>\n<meta property=\"og:site_name\" content=\"Grafomix\" \/>\n<meta property=\"article:modified_time\" content=\"2025-09-05T08:53:56+00:00\" \/>\n<meta property=\"og:image\" content=\"https:\/\/grafomix.ro\/wp-content\/uploads\/2016\/02\/decor_inscriptionari_auto_mures_design.jpg\" \/>\n\t<meta property=\"og:image:width\" content=\"2000\" \/>\n\t<meta property=\"og:image:height\" content=\"500\" \/>\n\t<meta property=\"og:image:type\" content=\"image\/jpeg\" \/>\n<meta name=\"twitter:card\" content=\"summary_large_image\" \/>\n<meta name=\"twitter:label1\" content=\"Becs\u00fclt olvas\u00e1si id\u0151\" \/>\n\t<meta name=\"twitter:data1\" content=\"1 perc\" \/>\n<script type=\"application\/ld+json\" class=\"yoast-schema-graph\">{\"@context\":\"https:\/\/schema.org\",\"@graph\":[{\"@type\":\"WebPage\",\"@id\":\"https:\/\/grafomix.ro\/hu\/auto-feliratozas\/\",\"url\":\"https:\/\/grafomix.ro\/hu\/auto-feliratozas\/\",\"name\":\"Aut\u00f3 \u00e9s kirakat fel\u00edratoz\u00e1s reklam Targu Mures\",\"isPartOf\":{\"@id\":\"https:\/\/grafomix.ro\/#website\"},\"primaryImageOfPage\":{\"@id\":\"https:\/\/grafomix.ro\/hu\/auto-feliratozas\/#primaryimage\"},\"image\":{\"@id\":\"https:\/\/grafomix.ro\/hu\/auto-feliratozas\/#primaryimage\"},\"thumbnailUrl\":\"https:\/\/grafomix.ro\/wp-content\/uploads\/2016\/02\/decor_inscriptionari_auto_mures_design.jpg\",\"datePublished\":\"2016-02-20T18:46:50+00:00\",\"dateModified\":\"2025-09-05T08:53:56+00:00\",\"description\":\"Aut\u00f3 \u00e9s kirakat fel\u00edratoz\u00e1s reklam Targu Mures. \u2014 A fel\u00edratokat matt vagy f\u00e9nyes \u00f6ntapad\u00f3s foli\u00e1b\u00f3l \u00e9s 360 dpi-s nyomtatott foli\u00e1b\u00f3l is k\u00e9sz\u00edthetj\u00fck\",\"breadcrumb\":{\"@id\":\"https:\/\/grafomix.ro\/hu\/auto-feliratozas\/#breadcrumb\"},\"inLanguage\":\"hu\",\"potentialAction\":[{\"@type\":\"ReadAction\",\"target\":[\"https:\/\/grafomix.ro\/hu\/auto-feliratozas\/\"]}]},{\"@type\":\"ImageObject\",\"inLanguage\":\"hu\",\"@id\":\"https:\/\/grafomix.ro\/hu\/auto-feliratozas\/#primaryimage\",\"url\":\"https:\/\/grafomix.ro\/wp-content\/uploads\/2016\/02\/decor_inscriptionari_auto_mures_design.jpg\",\"contentUrl\":\"https:\/\/grafomix.ro\/wp-content\/uploads\/2016\/02\/decor_inscriptionari_auto_mures_design.jpg\",\"width\":2000,\"height\":500},{\"@type\":\"BreadcrumbList\",\"@id\":\"https:\/\/grafomix.ro\/hu\/auto-feliratozas\/#breadcrumb\",\"itemListElement\":[{\"@type\":\"ListItem\",\"position\":1,\"name\":\"Prima pagin\u0103\",\"item\":\"https:\/\/grafomix.ro\/hu\/\"},{\"@type\":\"ListItem\",\"position\":2,\"name\":\"AUT\u00d3 FEL\u00cdRATOZ\u00c1S\"}]},{\"@type\":\"WebSite\",\"@id\":\"https:\/\/grafomix.ro\/#website\",\"url\":\"https:\/\/grafomix.ro\/\",\"name\":\"Grafomix\",\"description\":\"Reclame luminoase, 3d ,litere volumetrice\",\"potentialAction\":[{\"@type\":\"SearchAction\",\"target\":{\"@type\":\"EntryPoint\",\"urlTemplate\":\"https:\/\/grafomix.ro\/?s={search_term_string}\"},\"query-input\":{\"@type\":\"PropertyValueSpecification\",\"valueRequired\":true,\"valueName\":\"search_term_string\"}}],\"inLanguage\":\"hu\"}]}<\/script>\n<!-- \/ Yoast SEO plugin. -->","yoast_head_json":{"title":"Aut\u00f3 \u00e9s kirakat fel\u00edratoz\u00e1s reklam Targu Mures","description":"Aut\u00f3 \u00e9s kirakat fel\u00edratoz\u00e1s reklam Targu Mures. \u2014 A fel\u00edratokat matt vagy f\u00e9nyes \u00f6ntapad\u00f3s foli\u00e1b\u00f3l \u00e9s 360 dpi-s nyomtatott foli\u00e1b\u00f3l is k\u00e9sz\u00edthetj\u00fck","robots":{"index":"index","follow":"follow","max-snippet":"max-snippet:-1","max-image-preview":"max-image-preview:large","max-video-preview":"max-video-preview:-1"},"canonical":"https:\/\/grafomix.ro\/hu\/auto-feliratozas\/","og_locale":"hu_HU","og_type":"article","og_title":"Aut\u00f3 \u00e9s kirakat fel\u00edratoz\u00e1s reklam Targu Mures","og_description":"Aut\u00f3 \u00e9s kirakat fel\u00edratoz\u00e1s reklam Targu Mures. \u2014 A fel\u00edratokat matt vagy f\u00e9nyes \u00f6ntapad\u00f3s foli\u00e1b\u00f3l \u00e9s 360 dpi-s nyomtatott foli\u00e1b\u00f3l is k\u00e9sz\u00edthetj\u00fck","og_url":"https:\/\/grafomix.ro\/hu\/auto-feliratozas\/","og_site_name":"Grafomix","article_modified_time":"2025-09-05T08:53:56+00:00","og_image":[{"width":2000,"height":500,"url":"https:\/\/grafomix.ro\/wp-content\/uploads\/2016\/02\/decor_inscriptionari_auto_mures_design.jpg","type":"image\/jpeg"}],"twitter_card":"summary_large_image","twitter_misc":{"Becs\u00fclt olvas\u00e1si id\u0151":"1 perc"},"schema":{"@context":"https:\/\/schema.org","@graph":[{"@type":"WebPage","@id":"https:\/\/grafomix.ro\/hu\/auto-feliratozas\/","url":"https:\/\/grafomix.ro\/hu\/auto-feliratozas\/","name":"Aut\u00f3 \u00e9s kirakat fel\u00edratoz\u00e1s reklam Targu Mures","isPartOf":{"@id":"https:\/\/grafomix.ro\/#website"},"primaryImageOfPage":{"@id":"https:\/\/grafomix.ro\/hu\/auto-feliratozas\/#primaryimage"},"image":{"@id":"https:\/\/grafomix.ro\/hu\/auto-feliratozas\/#primaryimage"},"thumbnailUrl":"https:\/\/grafomix.ro\/wp-content\/uploads\/2016\/02\/decor_inscriptionari_auto_mures_design.jpg","datePublished":"2016-02-20T18:46:50+00:00","dateModified":"2025-09-05T08:53:56+00:00","description":"Aut\u00f3 \u00e9s kirakat fel\u00edratoz\u00e1s reklam Targu Mures. \u2014 A fel\u00edratokat matt vagy f\u00e9nyes \u00f6ntapad\u00f3s foli\u00e1b\u00f3l \u00e9s 360 dpi-s nyomtatott foli\u00e1b\u00f3l is k\u00e9sz\u00edthetj\u00fck","breadcrumb":{"@id":"https:\/\/grafomix.ro\/hu\/auto-feliratozas\/#breadcrumb"},"inLanguage":"hu","potentialAction":[{"@type":"ReadAction","target":["https:\/\/grafomix.ro\/hu\/auto-feliratozas\/"]}]},{"@type":"ImageObject","inLanguage":"hu","@id":"https:\/\/grafomix.ro\/hu\/auto-feliratozas\/#primaryimage","url":"https:\/\/grafomix.ro\/wp-content\/uploads\/2016\/02\/decor_inscriptionari_auto_mures_design.jpg","contentUrl":"https:\/\/grafomix.ro\/wp-content\/uploads\/2016\/02\/decor_inscriptionari_auto_mures_design.jpg","width":2000,"height":500},{"@type":"BreadcrumbList","@id":"https:\/\/grafomix.ro\/hu\/auto-feliratozas\/#breadcrumb","itemListElement":[{"@type":"ListItem","position":1,"name":"Prima pagin\u0103","item":"https:\/\/grafomix.ro\/hu\/"},{"@type":"ListItem","position":2,"name":"AUT\u00d3 FEL\u00cdRATOZ\u00c1S"}]},{"@type":"WebSite","@id":"https:\/\/grafomix.ro\/#website","url":"https:\/\/grafomix.ro\/","name":"Grafomix","description":"Reclame luminoase, 3d ,litere volumetrice","potentialAction":[{"@type":"SearchAction","target":{"@type":"EntryPoint","urlTemplate":"https:\/\/grafomix.ro\/?s={search_term_string}"},"query-input":{"@type":"PropertyValueSpecification","valueRequired":true,"valueName":"search_term_string"}}],"inLanguage":"hu"}]}},"_links":{"self":[{"href":"https:\/\/grafomix.ro\/hu\/wp-json\/wp\/v2\/pages\/2994","targetHints":{"allow":["GET"]}}],"collection":[{"href":"https:\/\/grafomix.ro\/hu\/wp-json\/wp\/v2\/pages"}],"about":[{"href":"https:\/\/grafomix.ro\/hu\/wp-json\/wp\/v2\/types\/page"}],"author":[{"embeddable":true,"href":"https:\/\/grafomix.ro\/hu\/wp-json\/wp\/v2\/users\/1"}],"replies":[{"embeddable":true,"href":"https:\/\/grafomix.ro\/hu\/wp-json\/wp\/v2\/comments?post=2994"}],"version-history":[{"count":4,"href":"https:\/\/grafomix.ro\/hu\/wp-json\/wp\/v2\/pages\/2994\/revisions"}],"predecessor-version":[{"id":10406,"href":"https:\/\/grafomix.ro\/hu\/wp-json\/wp\/v2\/pages\/2994\/revisions\/10406"}],"wp:featuredmedia":[{"embeddable":true,"href":"https:\/\/grafomix.ro\/hu\/wp-json\/wp\/v2\/media\/5281"}],"wp:attachment":[{"href":"https:\/\/grafomix.ro\/hu\/wp-json\/wp\/v2\/media?parent=2994"}],"curies":[{"name":"wp","href":"https:\/\/api.w.org\/{rel}","templated":true}]}}