{"id":2993,"date":"2016-02-20T21:47:29","date_gmt":"2016-02-20T18:47:29","guid":{"rendered":"http:\/\/grafomix.ro\/\/leduri-rgb\/"},"modified":"2021-05-19T18:59:35","modified_gmt":"2021-05-19T15:59:35","slug":"rgb-ledek","status":"publish","type":"page","link":"https:\/\/grafomix.ro\/hu\/rgb-ledek\/","title":{"rendered":"RGB LEDEK"},"content":{"rendered":"<p>RGB LEDEK<\/p>\n<p><strong>\u00cdgy k\u00e9sz\u00fclnek:<\/strong><\/p>\n<ul>\n<li>mechanikus vagy l\u00e9zer kiv\u00e1g\u00e1s<\/li>\n<li>el\u0151lap feh\u00e9r vagy sz\u00ednes 3-4 mm-s plexid, Komatex<\/li>\n<li>a megvil\u00e1g\u00edt\u00e1s be\u00e9p\u00edtett ledekkel<\/li>\n<\/ul>\n<p>Az \u00e1rny\u00e9kos, h\u00e1trafele vil\u00e1g\u00edt\u00f3 bet\u0171k ugy nappal mint \u00e9jjel k\u00fcl\u00f6nlegesen j\u00f3l mutatnak, RGB ledek haszn\u00e1lat\u00e1val pedig t\u00f6bbf\u00e9le f\u00e9nyj\u00e1t\u00e9kot \u00e9rhet\u00fcnk el.<\/p>\n<p>&nbsp;<\/p>\n<p><strong>Technikai adatok:<\/strong><\/p>\n<p>M\u00e9retek:<\/p>\n<ul>\n<li>minim\u00e1lis magass\u00e1g 10 cm<\/li>\n<li>maxim\u00e1lis magass\u00e1g 150 cm<\/li>\n<\/ul>\n<p>M\u00e9lys\u00e9g:<\/p>\n<ul>\n<li>5 \u00e9s 15 cm k\u00f6z\u00f6tt<\/li>\n<\/ul>\n<p>A bet\u0171 el\u0151lapja<\/p>\n<ul>\n<li>3,4,5 mm vastags\u00e1g\u00fa plexidb\u0151l vagy Komatexb\u0151l<\/li>\n<\/ul>\n<p>El\u0151lap sz\u00ednv\u00e1laszt\u00e9ka:<\/p>\n<ul>\n<li>t\u00f6bb mint 4o sz\u00edn\u00e1rnyalatb\u00f3l v\u00e1laszthatunk foli\u00e1t<\/li>\n<li>20 file sz\u00edn\u0171 plexidb\u0151l v\u00e1laszthatunk<\/li>\n<\/ul>\n<p>Megvil\u00e1g\u00edt\u00e1s:<\/p>\n<ul>\n<li>RGB led, amely v\u00e1ltoztatja sz\u00edneit egy elektronika seg\u00edts\u00e9g\u00e9vel<\/li>\n<\/ul>\n<p>A ledekkel megvil\u00e1g\u00edtott rekl\u00e1mok \u00e1ramfogyaszt\u00e1sa minim\u00e1lis, 12 V-s transzform\u00e1torral m\u0171k\u00f6dnek.<\/p>\n<p>A garancia a megrendelt ledek min\u0151s\u00e9g\u00e9t\u0151l f\u00fcgg\u0151en 1-3 \u00e9v.<\/p>\n","protected":false},"excerpt":{"rendered":"<p>RGB LEDEK \u00cdgy k\u00e9sz\u00fclnek: mechanikus vagy l\u00e9zer kiv\u00e1g\u00e1s el\u0151lap feh\u00e9r vagy sz\u00ednes 3-4 mm-s plexid, Komatex a megvil\u00e1g\u00edt\u00e1s be\u00e9p\u00edtett ledekkel Az \u00e1rny\u00e9kos, h\u00e1trafele vil\u00e1g\u00edt\u00f3 bet\u0171k ugy nappal mint \u00e9jjel k\u00fcl\u00f6nlegesen j\u00f3l mutatnak, RGB ledek haszn\u00e1lat\u00e1val pedig t\u00f6bbf\u00e9le f\u00e9nyj\u00e1t\u00e9kot \u00e9rhet\u00fcnk el. &nbsp; Technikai adatok: M\u00e9retek: minim\u00e1lis magass\u00e1g 10 cm maxim\u00e1lis magass\u00e1g 150 cm M\u00e9lys\u00e9g: 5 \u00e9s [&hellip;]<\/p>\n","protected":false},"author":1,"featured_media":5233,"parent":0,"menu_order":0,"comment_status":"closed","ping_status":"closed","template":"template-portfolio.php","meta":{"_acf_changed":false,"footnotes":""},"class_list":["post-2993","page","type-page","status-publish","has-post-thumbnail","hentry"],"acf":[],"yoast_head":"<!-- This site is optimized with the Yoast SEO plugin v27.1.1 - https:\/\/yoast.com\/product\/yoast-seo-wordpress\/ -->\n<title>Reclame Leduri RGB Grafomix Targu Mures - decupare computerizata<\/title>\n<meta name=\"description\" content=\"Reclame Leduri RGB Grafomix Targu Mures LEDURI RGB Sunt realizate astfel: decupare computerizata laser sau mecanic fata din plexidglass colorat sau alb.\" \/>\n<meta name=\"robots\" content=\"index, follow, max-snippet:-1, max-image-preview:large, max-video-preview:-1\" \/>\n<link rel=\"canonical\" href=\"https:\/\/grafomix.ro\/hu\/rgb-ledek\/\" \/>\n<meta property=\"og:locale\" content=\"hu_HU\" \/>\n<meta property=\"og:type\" content=\"article\" \/>\n<meta property=\"og:title\" content=\"Reclame Leduri RGB Grafomix Targu Mures - decupare computerizata\" \/>\n<meta property=\"og:description\" content=\"Reclame Leduri RGB Grafomix Targu Mures LEDURI RGB Sunt realizate astfel: decupare computerizata laser sau mecanic fata din plexidglass colorat sau alb.\" \/>\n<meta property=\"og:url\" content=\"https:\/\/grafomix.ro\/hu\/rgb-ledek\/\" \/>\n<meta property=\"og:site_name\" content=\"Grafomix\" \/>\n<meta property=\"article:modified_time\" content=\"2021-05-19T15:59:35+00:00\" \/>\n<meta property=\"og:image\" content=\"https:\/\/grafomix.ro\/wp-content\/uploads\/2016\/02\/leduri_rgb.jpg\" \/>\n\t<meta property=\"og:image:width\" content=\"2000\" \/>\n\t<meta property=\"og:image:height\" content=\"500\" \/>\n\t<meta property=\"og:image:type\" content=\"image\/jpeg\" \/>\n<meta name=\"twitter:card\" content=\"summary_large_image\" \/>\n<meta name=\"twitter:label1\" content=\"Becs\u00fclt olvas\u00e1si id\u0151\" \/>\n\t<meta name=\"twitter:data1\" content=\"1 perc\" \/>\n<script type=\"application\/ld+json\" class=\"yoast-schema-graph\">{\"@context\":\"https:\/\/schema.org\",\"@graph\":[{\"@type\":\"WebPage\",\"@id\":\"https:\/\/grafomix.ro\/hu\/rgb-ledek\/\",\"url\":\"https:\/\/grafomix.ro\/hu\/rgb-ledek\/\",\"name\":\"Reclame Leduri RGB Grafomix Targu Mures - decupare computerizata\",\"isPartOf\":{\"@id\":\"https:\/\/grafomix.ro\/#website\"},\"primaryImageOfPage\":{\"@id\":\"https:\/\/grafomix.ro\/hu\/rgb-ledek\/#primaryimage\"},\"image\":{\"@id\":\"https:\/\/grafomix.ro\/hu\/rgb-ledek\/#primaryimage\"},\"thumbnailUrl\":\"https:\/\/grafomix.ro\/wp-content\/uploads\/2016\/02\/leduri_rgb.jpg\",\"datePublished\":\"2016-02-20T18:47:29+00:00\",\"dateModified\":\"2021-05-19T15:59:35+00:00\",\"description\":\"Reclame Leduri RGB Grafomix Targu Mures LEDURI RGB Sunt realizate astfel: decupare computerizata laser sau mecanic fata din plexidglass colorat sau alb.\",\"breadcrumb\":{\"@id\":\"https:\/\/grafomix.ro\/hu\/rgb-ledek\/#breadcrumb\"},\"inLanguage\":\"hu\",\"potentialAction\":[{\"@type\":\"ReadAction\",\"target\":[\"https:\/\/grafomix.ro\/hu\/rgb-ledek\/\"]}]},{\"@type\":\"ImageObject\",\"inLanguage\":\"hu\",\"@id\":\"https:\/\/grafomix.ro\/hu\/rgb-ledek\/#primaryimage\",\"url\":\"https:\/\/grafomix.ro\/wp-content\/uploads\/2016\/02\/leduri_rgb.jpg\",\"contentUrl\":\"https:\/\/grafomix.ro\/wp-content\/uploads\/2016\/02\/leduri_rgb.jpg\",\"width\":2000,\"height\":500},{\"@type\":\"BreadcrumbList\",\"@id\":\"https:\/\/grafomix.ro\/hu\/rgb-ledek\/#breadcrumb\",\"itemListElement\":[{\"@type\":\"ListItem\",\"position\":1,\"name\":\"Prima pagin\u0103\",\"item\":\"https:\/\/grafomix.ro\/hu\/\"},{\"@type\":\"ListItem\",\"position\":2,\"name\":\"RGB LEDEK\"}]},{\"@type\":\"WebSite\",\"@id\":\"https:\/\/grafomix.ro\/#website\",\"url\":\"https:\/\/grafomix.ro\/\",\"name\":\"Grafomix\",\"description\":\"Reclame luminoase, 3d ,litere volumetrice\",\"potentialAction\":[{\"@type\":\"SearchAction\",\"target\":{\"@type\":\"EntryPoint\",\"urlTemplate\":\"https:\/\/grafomix.ro\/?s={search_term_string}\"},\"query-input\":{\"@type\":\"PropertyValueSpecification\",\"valueRequired\":true,\"valueName\":\"search_term_string\"}}],\"inLanguage\":\"hu\"}]}<\/script>\n<!-- \/ Yoast SEO plugin. -->","yoast_head_json":{"title":"Reclame Leduri RGB Grafomix Targu Mures - decupare computerizata","description":"Reclame Leduri RGB Grafomix Targu Mures LEDURI RGB Sunt realizate astfel: decupare computerizata laser sau mecanic fata din plexidglass colorat sau alb.","robots":{"index":"index","follow":"follow","max-snippet":"max-snippet:-1","max-image-preview":"max-image-preview:large","max-video-preview":"max-video-preview:-1"},"canonical":"https:\/\/grafomix.ro\/hu\/rgb-ledek\/","og_locale":"hu_HU","og_type":"article","og_title":"Reclame Leduri RGB Grafomix Targu Mures - decupare computerizata","og_description":"Reclame Leduri RGB Grafomix Targu Mures LEDURI RGB Sunt realizate astfel: decupare computerizata laser sau mecanic fata din plexidglass colorat sau alb.","og_url":"https:\/\/grafomix.ro\/hu\/rgb-ledek\/","og_site_name":"Grafomix","article_modified_time":"2021-05-19T15:59:35+00:00","og_image":[{"width":2000,"height":500,"url":"https:\/\/grafomix.ro\/wp-content\/uploads\/2016\/02\/leduri_rgb.jpg","type":"image\/jpeg"}],"twitter_card":"summary_large_image","twitter_misc":{"Becs\u00fclt olvas\u00e1si id\u0151":"1 perc"},"schema":{"@context":"https:\/\/schema.org","@graph":[{"@type":"WebPage","@id":"https:\/\/grafomix.ro\/hu\/rgb-ledek\/","url":"https:\/\/grafomix.ro\/hu\/rgb-ledek\/","name":"Reclame Leduri RGB Grafomix Targu Mures - decupare computerizata","isPartOf":{"@id":"https:\/\/grafomix.ro\/#website"},"primaryImageOfPage":{"@id":"https:\/\/grafomix.ro\/hu\/rgb-ledek\/#primaryimage"},"image":{"@id":"https:\/\/grafomix.ro\/hu\/rgb-ledek\/#primaryimage"},"thumbnailUrl":"https:\/\/grafomix.ro\/wp-content\/uploads\/2016\/02\/leduri_rgb.jpg","datePublished":"2016-02-20T18:47:29+00:00","dateModified":"2021-05-19T15:59:35+00:00","description":"Reclame Leduri RGB Grafomix Targu Mures LEDURI RGB Sunt realizate astfel: decupare computerizata laser sau mecanic fata din plexidglass colorat sau alb.","breadcrumb":{"@id":"https:\/\/grafomix.ro\/hu\/rgb-ledek\/#breadcrumb"},"inLanguage":"hu","potentialAction":[{"@type":"ReadAction","target":["https:\/\/grafomix.ro\/hu\/rgb-ledek\/"]}]},{"@type":"ImageObject","inLanguage":"hu","@id":"https:\/\/grafomix.ro\/hu\/rgb-ledek\/#primaryimage","url":"https:\/\/grafomix.ro\/wp-content\/uploads\/2016\/02\/leduri_rgb.jpg","contentUrl":"https:\/\/grafomix.ro\/wp-content\/uploads\/2016\/02\/leduri_rgb.jpg","width":2000,"height":500},{"@type":"BreadcrumbList","@id":"https:\/\/grafomix.ro\/hu\/rgb-ledek\/#breadcrumb","itemListElement":[{"@type":"ListItem","position":1,"name":"Prima pagin\u0103","item":"https:\/\/grafomix.ro\/hu\/"},{"@type":"ListItem","position":2,"name":"RGB LEDEK"}]},{"@type":"WebSite","@id":"https:\/\/grafomix.ro\/#website","url":"https:\/\/grafomix.ro\/","name":"Grafomix","description":"Reclame luminoase, 3d ,litere volumetrice","potentialAction":[{"@type":"SearchAction","target":{"@type":"EntryPoint","urlTemplate":"https:\/\/grafomix.ro\/?s={search_term_string}"},"query-input":{"@type":"PropertyValueSpecification","valueRequired":true,"valueName":"search_term_string"}}],"inLanguage":"hu"}]}},"_links":{"self":[{"href":"https:\/\/grafomix.ro\/hu\/wp-json\/wp\/v2\/pages\/2993","targetHints":{"allow":["GET"]}}],"collection":[{"href":"https:\/\/grafomix.ro\/hu\/wp-json\/wp\/v2\/pages"}],"about":[{"href":"https:\/\/grafomix.ro\/hu\/wp-json\/wp\/v2\/types\/page"}],"author":[{"embeddable":true,"href":"https:\/\/grafomix.ro\/hu\/wp-json\/wp\/v2\/users\/1"}],"replies":[{"embeddable":true,"href":"https:\/\/grafomix.ro\/hu\/wp-json\/wp\/v2\/comments?post=2993"}],"version-history":[{"count":3,"href":"https:\/\/grafomix.ro\/hu\/wp-json\/wp\/v2\/pages\/2993\/revisions"}],"predecessor-version":[{"id":9345,"href":"https:\/\/grafomix.ro\/hu\/wp-json\/wp\/v2\/pages\/2993\/revisions\/9345"}],"wp:featuredmedia":[{"embeddable":true,"href":"https:\/\/grafomix.ro\/hu\/wp-json\/wp\/v2\/media\/5233"}],"wp:attachment":[{"href":"https:\/\/grafomix.ro\/hu\/wp-json\/wp\/v2\/media?parent=2993"}],"curies":[{"name":"wp","href":"https:\/\/api.w.org\/{rel}","templated":true}]}}