{"id":2992,"date":"2016-02-20T21:47:52","date_gmt":"2016-02-20T18:47:52","guid":{"rendered":"http:\/\/grafomix.ro\/\/litere-din-polistiren\/"},"modified":"2021-05-19T19:01:33","modified_gmt":"2021-05-19T16:01:33","slug":"3d-dekorbetuk","status":"publish","type":"page","link":"https:\/\/grafomix.ro\/hu\/3d-dekorbetuk\/","title":{"rendered":"3D &#8211; DEKORBET\u00dcK"},"content":{"rendered":"<h2>3D &#8211; DEKORBET\u00dcK<\/h2>\n<p>Ezeket a bet\u0171ket extrud\u00e1lt hungarocellb\u0151l k\u00e9sz\u00edtj\u00fck, amely j\u00f3l ellen\u00e1ll a \u00a0k\u00f6rnyezeti hat\u00e1soknak \u00e9s UV sug\u00e1rz\u00e1snak. Matt illetve magasf\u00e9ny\u0171 fest\u00e9kkel festj\u00fck, a kiv\u00e1lasztott sz\u00edn\u00e1rnyalatra.<\/p>\n<ul>\n<li>2-3-4-5, estleg 1o cm vastag extrud\u00e1lt hungarocellb\u0151l k\u00e9sz\u00fcl<\/li>\n<li>nichelin sz\u00e1llal van kiv\u00e1gva a megfelel\u0151 form\u00e1ra<\/li>\n<li>t\u00f6bb mint 3ooo sz\u00edn\u00e1rnyaltra festhet\u0151<\/li>\n<li>v\u00edz alap\u00fa fest\u00e9kkel festhet\u0151<\/li>\n<li>egy m\u0171h\u00f3t\u00e1bla m\u00e9rete 12ox6o cm<\/li>\n<\/ul>\n<p class=\"Body\">Szerel\u00e9s:<\/p>\n<ul>\n<li>a bet\u0171k,illetve form\u00e1k falra ragaszthat\u00f3k vagy egy alukobond, plexid, PVC alapra ragaszthat\u00f3k, amivel egy\u00fctt szerelhet\u0151k a falra.<\/li>\n<li>1-2 nap alatt kivitelezhet\u0151k.<\/li>\n<\/ul>\n<p class=\"Body\">Ha m\u0171h\u00f3b\u00f3l k\u00e9sz\u00fclt rekl\u00e1mra van sz\u00fcks\u00e9ge, forduljon bizalommal hozz\u00e1nk, telefonon a <strong>0744-775803<\/strong>-as telefonon vagy szem\u00e9lyesen Marosv\u00e1s\u00e1rhely, Budai Nagy Antal utca 8 sz\u00e1m alatti sz\u00e9khely\u00fcnk\u00f6n.<\/p>\n","protected":false},"excerpt":{"rendered":"<p>3D &#8211; DEKORBET\u00dcK Ezeket a bet\u0171ket extrud\u00e1lt hungarocellb\u0151l k\u00e9sz\u00edtj\u00fck, amely j\u00f3l ellen\u00e1ll a \u00a0k\u00f6rnyezeti hat\u00e1soknak \u00e9s UV sug\u00e1rz\u00e1snak. Matt illetve magasf\u00e9ny\u0171 fest\u00e9kkel festj\u00fck, a kiv\u00e1lasztott sz\u00edn\u00e1rnyalatra. 2-3-4-5, estleg 1o cm vastag extrud\u00e1lt hungarocellb\u0151l k\u00e9sz\u00fcl nichelin sz\u00e1llal van kiv\u00e1gva a megfelel\u0151 form\u00e1ra t\u00f6bb mint 3ooo sz\u00edn\u00e1rnyaltra festhet\u0151 v\u00edz alap\u00fa fest\u00e9kkel festhet\u0151 egy m\u0171h\u00f3t\u00e1bla m\u00e9rete 12ox6o cm [&hellip;]<\/p>\n","protected":false},"author":1,"featured_media":5239,"parent":0,"menu_order":0,"comment_status":"closed","ping_status":"closed","template":"template-portfolio.php","meta":{"_acf_changed":false,"footnotes":""},"class_list":["post-2992","page","type-page","status-publish","has-post-thumbnail","hentry"],"acf":[],"yoast_head":"<!-- This site is optimized with the Yoast SEO plugin v27.1.1 - https:\/\/yoast.com\/product\/yoast-seo-wordpress\/ -->\n<title>M\u0170H\u00d3 DEKOR\u00c1CI\u00d3S 3D BET\u0170K Reklam Targu Mures<\/title>\n<meta name=\"description\" content=\"M\u0170H\u00d3 DEKOR\u00c1CI\u00d3S 3D BET\u0170K Reklam Targu Mures. amely j\u00f3l ellen\u00e1ll a k\u00f6rnyezeti hat\u00e1soknak \u00e9s UV sug\u00e1rz\u00e1snak\" \/>\n<meta name=\"robots\" content=\"index, follow, max-snippet:-1, max-image-preview:large, max-video-preview:-1\" \/>\n<link rel=\"canonical\" href=\"https:\/\/grafomix.ro\/hu\/3d-dekorbetuk\/\" \/>\n<meta property=\"og:locale\" content=\"hu_HU\" \/>\n<meta property=\"og:type\" content=\"article\" \/>\n<meta property=\"og:title\" content=\"M\u0170H\u00d3 DEKOR\u00c1CI\u00d3S 3D BET\u0170K Reklam Targu Mures\" \/>\n<meta property=\"og:description\" content=\"M\u0170H\u00d3 DEKOR\u00c1CI\u00d3S 3D BET\u0170K Reklam Targu Mures. amely j\u00f3l ellen\u00e1ll a k\u00f6rnyezeti hat\u00e1soknak \u00e9s UV sug\u00e1rz\u00e1snak\" \/>\n<meta property=\"og:url\" content=\"https:\/\/grafomix.ro\/hu\/3d-dekorbetuk\/\" \/>\n<meta property=\"og:site_name\" content=\"Grafomix\" \/>\n<meta property=\"article:modified_time\" content=\"2021-05-19T16:01:33+00:00\" \/>\n<meta property=\"og:image\" content=\"https:\/\/grafomix.ro\/wp-content\/uploads\/2016\/02\/litere_polistiren_montaj_mures.jpg\" \/>\n\t<meta property=\"og:image:width\" content=\"2000\" \/>\n\t<meta property=\"og:image:height\" content=\"500\" \/>\n\t<meta property=\"og:image:type\" content=\"image\/jpeg\" \/>\n<meta name=\"twitter:card\" content=\"summary_large_image\" \/>\n<meta name=\"twitter:label1\" content=\"Becs\u00fclt olvas\u00e1si id\u0151\" \/>\n\t<meta name=\"twitter:data1\" content=\"1 perc\" \/>\n<script type=\"application\/ld+json\" class=\"yoast-schema-graph\">{\"@context\":\"https:\/\/schema.org\",\"@graph\":[{\"@type\":\"WebPage\",\"@id\":\"https:\/\/grafomix.ro\/hu\/3d-dekorbetuk\/\",\"url\":\"https:\/\/grafomix.ro\/hu\/3d-dekorbetuk\/\",\"name\":\"M\u0170H\u00d3 DEKOR\u00c1CI\u00d3S 3D BET\u0170K Reklam Targu Mures\",\"isPartOf\":{\"@id\":\"https:\/\/grafomix.ro\/#website\"},\"primaryImageOfPage\":{\"@id\":\"https:\/\/grafomix.ro\/hu\/3d-dekorbetuk\/#primaryimage\"},\"image\":{\"@id\":\"https:\/\/grafomix.ro\/hu\/3d-dekorbetuk\/#primaryimage\"},\"thumbnailUrl\":\"https:\/\/grafomix.ro\/wp-content\/uploads\/2016\/02\/litere_polistiren_montaj_mures.jpg\",\"datePublished\":\"2016-02-20T18:47:52+00:00\",\"dateModified\":\"2021-05-19T16:01:33+00:00\",\"description\":\"M\u0170H\u00d3 DEKOR\u00c1CI\u00d3S 3D BET\u0170K Reklam Targu Mures. amely j\u00f3l ellen\u00e1ll a k\u00f6rnyezeti hat\u00e1soknak \u00e9s UV sug\u00e1rz\u00e1snak\",\"breadcrumb\":{\"@id\":\"https:\/\/grafomix.ro\/hu\/3d-dekorbetuk\/#breadcrumb\"},\"inLanguage\":\"hu\",\"potentialAction\":[{\"@type\":\"ReadAction\",\"target\":[\"https:\/\/grafomix.ro\/hu\/3d-dekorbetuk\/\"]}]},{\"@type\":\"ImageObject\",\"inLanguage\":\"hu\",\"@id\":\"https:\/\/grafomix.ro\/hu\/3d-dekorbetuk\/#primaryimage\",\"url\":\"https:\/\/grafomix.ro\/wp-content\/uploads\/2016\/02\/litere_polistiren_montaj_mures.jpg\",\"contentUrl\":\"https:\/\/grafomix.ro\/wp-content\/uploads\/2016\/02\/litere_polistiren_montaj_mures.jpg\",\"width\":2000,\"height\":500},{\"@type\":\"BreadcrumbList\",\"@id\":\"https:\/\/grafomix.ro\/hu\/3d-dekorbetuk\/#breadcrumb\",\"itemListElement\":[{\"@type\":\"ListItem\",\"position\":1,\"name\":\"Prima pagin\u0103\",\"item\":\"https:\/\/grafomix.ro\/hu\/\"},{\"@type\":\"ListItem\",\"position\":2,\"name\":\"3D &#8211; DEKORBET\u00dcK\"}]},{\"@type\":\"WebSite\",\"@id\":\"https:\/\/grafomix.ro\/#website\",\"url\":\"https:\/\/grafomix.ro\/\",\"name\":\"Grafomix\",\"description\":\"Reclame luminoase, 3d ,litere volumetrice\",\"potentialAction\":[{\"@type\":\"SearchAction\",\"target\":{\"@type\":\"EntryPoint\",\"urlTemplate\":\"https:\/\/grafomix.ro\/?s={search_term_string}\"},\"query-input\":{\"@type\":\"PropertyValueSpecification\",\"valueRequired\":true,\"valueName\":\"search_term_string\"}}],\"inLanguage\":\"hu\"}]}<\/script>\n<!-- \/ Yoast SEO plugin. -->","yoast_head_json":{"title":"M\u0170H\u00d3 DEKOR\u00c1CI\u00d3S 3D BET\u0170K Reklam Targu Mures","description":"M\u0170H\u00d3 DEKOR\u00c1CI\u00d3S 3D BET\u0170K Reklam Targu Mures. amely j\u00f3l ellen\u00e1ll a k\u00f6rnyezeti hat\u00e1soknak \u00e9s UV sug\u00e1rz\u00e1snak","robots":{"index":"index","follow":"follow","max-snippet":"max-snippet:-1","max-image-preview":"max-image-preview:large","max-video-preview":"max-video-preview:-1"},"canonical":"https:\/\/grafomix.ro\/hu\/3d-dekorbetuk\/","og_locale":"hu_HU","og_type":"article","og_title":"M\u0170H\u00d3 DEKOR\u00c1CI\u00d3S 3D BET\u0170K Reklam Targu Mures","og_description":"M\u0170H\u00d3 DEKOR\u00c1CI\u00d3S 3D BET\u0170K Reklam Targu Mures. amely j\u00f3l ellen\u00e1ll a k\u00f6rnyezeti hat\u00e1soknak \u00e9s UV sug\u00e1rz\u00e1snak","og_url":"https:\/\/grafomix.ro\/hu\/3d-dekorbetuk\/","og_site_name":"Grafomix","article_modified_time":"2021-05-19T16:01:33+00:00","og_image":[{"width":2000,"height":500,"url":"https:\/\/grafomix.ro\/wp-content\/uploads\/2016\/02\/litere_polistiren_montaj_mures.jpg","type":"image\/jpeg"}],"twitter_card":"summary_large_image","twitter_misc":{"Becs\u00fclt olvas\u00e1si id\u0151":"1 perc"},"schema":{"@context":"https:\/\/schema.org","@graph":[{"@type":"WebPage","@id":"https:\/\/grafomix.ro\/hu\/3d-dekorbetuk\/","url":"https:\/\/grafomix.ro\/hu\/3d-dekorbetuk\/","name":"M\u0170H\u00d3 DEKOR\u00c1CI\u00d3S 3D BET\u0170K Reklam Targu Mures","isPartOf":{"@id":"https:\/\/grafomix.ro\/#website"},"primaryImageOfPage":{"@id":"https:\/\/grafomix.ro\/hu\/3d-dekorbetuk\/#primaryimage"},"image":{"@id":"https:\/\/grafomix.ro\/hu\/3d-dekorbetuk\/#primaryimage"},"thumbnailUrl":"https:\/\/grafomix.ro\/wp-content\/uploads\/2016\/02\/litere_polistiren_montaj_mures.jpg","datePublished":"2016-02-20T18:47:52+00:00","dateModified":"2021-05-19T16:01:33+00:00","description":"M\u0170H\u00d3 DEKOR\u00c1CI\u00d3S 3D BET\u0170K Reklam Targu Mures. amely j\u00f3l ellen\u00e1ll a k\u00f6rnyezeti hat\u00e1soknak \u00e9s UV sug\u00e1rz\u00e1snak","breadcrumb":{"@id":"https:\/\/grafomix.ro\/hu\/3d-dekorbetuk\/#breadcrumb"},"inLanguage":"hu","potentialAction":[{"@type":"ReadAction","target":["https:\/\/grafomix.ro\/hu\/3d-dekorbetuk\/"]}]},{"@type":"ImageObject","inLanguage":"hu","@id":"https:\/\/grafomix.ro\/hu\/3d-dekorbetuk\/#primaryimage","url":"https:\/\/grafomix.ro\/wp-content\/uploads\/2016\/02\/litere_polistiren_montaj_mures.jpg","contentUrl":"https:\/\/grafomix.ro\/wp-content\/uploads\/2016\/02\/litere_polistiren_montaj_mures.jpg","width":2000,"height":500},{"@type":"BreadcrumbList","@id":"https:\/\/grafomix.ro\/hu\/3d-dekorbetuk\/#breadcrumb","itemListElement":[{"@type":"ListItem","position":1,"name":"Prima pagin\u0103","item":"https:\/\/grafomix.ro\/hu\/"},{"@type":"ListItem","position":2,"name":"3D &#8211; DEKORBET\u00dcK"}]},{"@type":"WebSite","@id":"https:\/\/grafomix.ro\/#website","url":"https:\/\/grafomix.ro\/","name":"Grafomix","description":"Reclame luminoase, 3d ,litere volumetrice","potentialAction":[{"@type":"SearchAction","target":{"@type":"EntryPoint","urlTemplate":"https:\/\/grafomix.ro\/?s={search_term_string}"},"query-input":{"@type":"PropertyValueSpecification","valueRequired":true,"valueName":"search_term_string"}}],"inLanguage":"hu"}]}},"_links":{"self":[{"href":"https:\/\/grafomix.ro\/hu\/wp-json\/wp\/v2\/pages\/2992","targetHints":{"allow":["GET"]}}],"collection":[{"href":"https:\/\/grafomix.ro\/hu\/wp-json\/wp\/v2\/pages"}],"about":[{"href":"https:\/\/grafomix.ro\/hu\/wp-json\/wp\/v2\/types\/page"}],"author":[{"embeddable":true,"href":"https:\/\/grafomix.ro\/hu\/wp-json\/wp\/v2\/users\/1"}],"replies":[{"embeddable":true,"href":"https:\/\/grafomix.ro\/hu\/wp-json\/wp\/v2\/comments?post=2992"}],"version-history":[{"count":3,"href":"https:\/\/grafomix.ro\/hu\/wp-json\/wp\/v2\/pages\/2992\/revisions"}],"predecessor-version":[{"id":9347,"href":"https:\/\/grafomix.ro\/hu\/wp-json\/wp\/v2\/pages\/2992\/revisions\/9347"}],"wp:featuredmedia":[{"embeddable":true,"href":"https:\/\/grafomix.ro\/hu\/wp-json\/wp\/v2\/media\/5239"}],"wp:attachment":[{"href":"https:\/\/grafomix.ro\/hu\/wp-json\/wp\/v2\/media?parent=2992"}],"curies":[{"name":"wp","href":"https:\/\/api.w.org\/{rel}","templated":true}]}}