{"id":2991,"date":"2016-02-20T21:48:52","date_gmt":"2016-02-20T18:48:52","guid":{"rendered":"http:\/\/grafomix.ro\/\/litere-implantate-cu-leduri\/"},"modified":"2021-05-19T18:56:31","modified_gmt":"2021-05-19T15:56:31","slug":"ledekkel-megvilagitott-betuk","status":"publish","type":"page","link":"https:\/\/grafomix.ro\/hu\/ledekkel-megvilagitott-betuk\/","title":{"rendered":"LEDEKKEL MEGVIL\u00c1G\u00cdTOTT BET\u0170K"},"content":{"rendered":"<p>\u00cdgy k\u00e9sz\u00fclnek:<\/p>\n<ul>\n<li>mechanikus vagy l\u00e9zeres g\u00e9pi kiv\u00e1g\u00e1s<\/li>\n<li>a bet\u0171k eleje feh\u00e9r vagy sz\u00ednes plexid, esetleg 3-4 mm-es Komatex<\/li>\n<\/ul>\n<p>Technikai adatok:<\/p>\n<p>M\u00e9retek:<\/p>\n<ul>\n<li>minim\u00e1lis magass\u00e1g 10 cm<\/li>\n<li>maxim\u00e1lis magass\u00e1g 250 cm<\/li>\n<\/ul>\n<p>M\u00e9lys\u00e9g:<\/p>\n<ul>\n<li>3 \u00e9s 25 cm k\u00f6z\u00f6tt<\/li>\n<\/ul>\n<p>Bet\u0171 eleje:<\/p>\n<ul>\n<li>3,4,5 mm-es Komatex<\/li>\n<\/ul>\n<p>A bet\u0171k elej\u00e9re feh\u00e9r vagy sz\u00ednes ledeket \u00e9p\u00edt\u00fcnk be. Ezek a be\u00e9p\u00edtett ledek nappal \u00e9s \u00e9jjel egyar\u00e1nt l\u00e1that\u00f3k 5o m\u00e9ter t\u00e1vols\u00e1gb\u00f3l is.<\/p>\n<ul>\n<li>a bet\u0171kbe RGB ledek is be\u00e9p\u00edthet\u0151k, amelyek egy elektonika seg\u00edts\u00e9g\u00e9vel k\u00fcl\u00f6mb\u00f6z\u0151 f\u00e9nyj\u00e1t\u00e9kokra program\u00e1lhat\u00f3k<\/li>\n<\/ul>\n<p>A ledekkel megvil\u00e1g\u00edtott rekl\u00e1mok \u00e1ramfogyaszt\u00e1sa minim\u00e1lis, 12 V-s transzform\u00e1torral m\u0171k\u00f6dnek.<\/p>\n<p>A garancia a megrendelt ledek min\u0151s\u00e9g\u00e9t\u0151l f\u00fcgg\u0151en 1-3 \u00e9v.<\/p>\n<p>Ha rekl\u00e1mbet\u0171kre\u00a0 van sz\u00fcks\u00e9ge, forduljon bizalommal hozz\u00e1nk, telefonon a <strong>0744-775803<\/strong>-as telefonon vagy szem\u00e9lyesen Marosv\u00e1s\u00e1rhely, Budai Nagy Antal utca 8 sz\u00e1m alatti sz\u00e9khely\u00fcnk\u00f6n.<\/p>\n","protected":false},"excerpt":{"rendered":"<p>\u00cdgy k\u00e9sz\u00fclnek: mechanikus vagy l\u00e9zeres g\u00e9pi kiv\u00e1g\u00e1s a bet\u0171k eleje feh\u00e9r vagy sz\u00ednes plexid, esetleg 3-4 mm-es Komatex Technikai adatok: M\u00e9retek: minim\u00e1lis magass\u00e1g 10 cm maxim\u00e1lis magass\u00e1g 250 cm M\u00e9lys\u00e9g: 3 \u00e9s 25 cm k\u00f6z\u00f6tt Bet\u0171 eleje: 3,4,5 mm-es Komatex A bet\u0171k elej\u00e9re feh\u00e9r vagy sz\u00ednes ledeket \u00e9p\u00edt\u00fcnk be. Ezek a be\u00e9p\u00edtett ledek nappal \u00e9s [&hellip;]<\/p>\n","protected":false},"author":1,"featured_media":5243,"parent":0,"menu_order":0,"comment_status":"closed","ping_status":"closed","template":"template-portfolio.php","meta":{"_acf_changed":false,"footnotes":""},"class_list":["post-2991","page","type-page","status-publish","has-post-thumbnail","hentry"],"acf":[],"yoast_head":"<!-- This site is optimized with the Yoast SEO plugin v27.1.1 - https:\/\/yoast.com\/product\/yoast-seo-wordpress\/ -->\n<title>BE\u00c9P\u00cdTETT LEDEKKEL MEGVIL\u00c1G\u00cdTOTT BET\u0170K - Grafomix<\/title>\n<meta name=\"description\" content=\"BE\u00c9P\u00cdTETT LEDEKKEL MEGVIL\u00c1G\u00cdTOTT BET\u0170K - Grafomix. mechanikus vagy l\u00e9zeres g\u00e9pi kiv\u00e1g\u00e1s a bet\u0171k eleje feh\u00e9r vagy sz\u00ednes plexid, esetleg 3-4 mm-es Komatex\" \/>\n<meta name=\"robots\" content=\"index, follow, max-snippet:-1, max-image-preview:large, max-video-preview:-1\" \/>\n<link rel=\"canonical\" href=\"https:\/\/grafomix.ro\/hu\/ledekkel-megvilagitott-betuk\/\" \/>\n<meta property=\"og:locale\" content=\"hu_HU\" \/>\n<meta property=\"og:type\" content=\"article\" \/>\n<meta property=\"og:title\" content=\"BE\u00c9P\u00cdTETT LEDEKKEL MEGVIL\u00c1G\u00cdTOTT BET\u0170K - Grafomix\" \/>\n<meta property=\"og:description\" content=\"BE\u00c9P\u00cdTETT LEDEKKEL MEGVIL\u00c1G\u00cdTOTT BET\u0170K - Grafomix. mechanikus vagy l\u00e9zeres g\u00e9pi kiv\u00e1g\u00e1s a bet\u0171k eleje feh\u00e9r vagy sz\u00ednes plexid, esetleg 3-4 mm-es Komatex\" \/>\n<meta property=\"og:url\" content=\"https:\/\/grafomix.ro\/hu\/ledekkel-megvilagitott-betuk\/\" \/>\n<meta property=\"og:site_name\" content=\"Grafomix\" \/>\n<meta property=\"article:modified_time\" content=\"2021-05-19T15:56:31+00:00\" \/>\n<meta property=\"og:image\" content=\"https:\/\/grafomix.ro\/wp-content\/uploads\/2016\/02\/litere_implantate_leduri.jpg\" \/>\n\t<meta property=\"og:image:width\" content=\"2000\" \/>\n\t<meta property=\"og:image:height\" content=\"500\" \/>\n\t<meta property=\"og:image:type\" content=\"image\/jpeg\" \/>\n<meta name=\"twitter:card\" content=\"summary_large_image\" \/>\n<meta name=\"twitter:label1\" content=\"Becs\u00fclt olvas\u00e1si id\u0151\" \/>\n\t<meta name=\"twitter:data1\" content=\"1 perc\" \/>\n<script type=\"application\/ld+json\" class=\"yoast-schema-graph\">{\"@context\":\"https:\/\/schema.org\",\"@graph\":[{\"@type\":\"WebPage\",\"@id\":\"https:\/\/grafomix.ro\/hu\/ledekkel-megvilagitott-betuk\/\",\"url\":\"https:\/\/grafomix.ro\/hu\/ledekkel-megvilagitott-betuk\/\",\"name\":\"BE\u00c9P\u00cdTETT LEDEKKEL MEGVIL\u00c1G\u00cdTOTT BET\u0170K - Grafomix\",\"isPartOf\":{\"@id\":\"https:\/\/grafomix.ro\/#website\"},\"primaryImageOfPage\":{\"@id\":\"https:\/\/grafomix.ro\/hu\/ledekkel-megvilagitott-betuk\/#primaryimage\"},\"image\":{\"@id\":\"https:\/\/grafomix.ro\/hu\/ledekkel-megvilagitott-betuk\/#primaryimage\"},\"thumbnailUrl\":\"https:\/\/grafomix.ro\/wp-content\/uploads\/2016\/02\/litere_implantate_leduri.jpg\",\"datePublished\":\"2016-02-20T18:48:52+00:00\",\"dateModified\":\"2021-05-19T15:56:31+00:00\",\"description\":\"BE\u00c9P\u00cdTETT LEDEKKEL MEGVIL\u00c1G\u00cdTOTT BET\u0170K - Grafomix. mechanikus vagy l\u00e9zeres g\u00e9pi kiv\u00e1g\u00e1s a bet\u0171k eleje feh\u00e9r vagy sz\u00ednes plexid, esetleg 3-4 mm-es Komatex\",\"breadcrumb\":{\"@id\":\"https:\/\/grafomix.ro\/hu\/ledekkel-megvilagitott-betuk\/#breadcrumb\"},\"inLanguage\":\"hu\",\"potentialAction\":[{\"@type\":\"ReadAction\",\"target\":[\"https:\/\/grafomix.ro\/hu\/ledekkel-megvilagitott-betuk\/\"]}]},{\"@type\":\"ImageObject\",\"inLanguage\":\"hu\",\"@id\":\"https:\/\/grafomix.ro\/hu\/ledekkel-megvilagitott-betuk\/#primaryimage\",\"url\":\"https:\/\/grafomix.ro\/wp-content\/uploads\/2016\/02\/litere_implantate_leduri.jpg\",\"contentUrl\":\"https:\/\/grafomix.ro\/wp-content\/uploads\/2016\/02\/litere_implantate_leduri.jpg\",\"width\":2000,\"height\":500},{\"@type\":\"BreadcrumbList\",\"@id\":\"https:\/\/grafomix.ro\/hu\/ledekkel-megvilagitott-betuk\/#breadcrumb\",\"itemListElement\":[{\"@type\":\"ListItem\",\"position\":1,\"name\":\"Prima pagin\u0103\",\"item\":\"https:\/\/grafomix.ro\/hu\/\"},{\"@type\":\"ListItem\",\"position\":2,\"name\":\"LEDEKKEL MEGVIL\u00c1G\u00cdTOTT BET\u0170K\"}]},{\"@type\":\"WebSite\",\"@id\":\"https:\/\/grafomix.ro\/#website\",\"url\":\"https:\/\/grafomix.ro\/\",\"name\":\"Grafomix\",\"description\":\"Reclame luminoase, 3d ,litere volumetrice\",\"potentialAction\":[{\"@type\":\"SearchAction\",\"target\":{\"@type\":\"EntryPoint\",\"urlTemplate\":\"https:\/\/grafomix.ro\/?s={search_term_string}\"},\"query-input\":{\"@type\":\"PropertyValueSpecification\",\"valueRequired\":true,\"valueName\":\"search_term_string\"}}],\"inLanguage\":\"hu\"}]}<\/script>\n<!-- \/ Yoast SEO plugin. -->","yoast_head_json":{"title":"BE\u00c9P\u00cdTETT LEDEKKEL MEGVIL\u00c1G\u00cdTOTT BET\u0170K - Grafomix","description":"BE\u00c9P\u00cdTETT LEDEKKEL MEGVIL\u00c1G\u00cdTOTT BET\u0170K - Grafomix. mechanikus vagy l\u00e9zeres g\u00e9pi kiv\u00e1g\u00e1s a bet\u0171k eleje feh\u00e9r vagy sz\u00ednes plexid, esetleg 3-4 mm-es Komatex","robots":{"index":"index","follow":"follow","max-snippet":"max-snippet:-1","max-image-preview":"max-image-preview:large","max-video-preview":"max-video-preview:-1"},"canonical":"https:\/\/grafomix.ro\/hu\/ledekkel-megvilagitott-betuk\/","og_locale":"hu_HU","og_type":"article","og_title":"BE\u00c9P\u00cdTETT LEDEKKEL MEGVIL\u00c1G\u00cdTOTT BET\u0170K - Grafomix","og_description":"BE\u00c9P\u00cdTETT LEDEKKEL MEGVIL\u00c1G\u00cdTOTT BET\u0170K - Grafomix. mechanikus vagy l\u00e9zeres g\u00e9pi kiv\u00e1g\u00e1s a bet\u0171k eleje feh\u00e9r vagy sz\u00ednes plexid, esetleg 3-4 mm-es Komatex","og_url":"https:\/\/grafomix.ro\/hu\/ledekkel-megvilagitott-betuk\/","og_site_name":"Grafomix","article_modified_time":"2021-05-19T15:56:31+00:00","og_image":[{"width":2000,"height":500,"url":"https:\/\/grafomix.ro\/wp-content\/uploads\/2016\/02\/litere_implantate_leduri.jpg","type":"image\/jpeg"}],"twitter_card":"summary_large_image","twitter_misc":{"Becs\u00fclt olvas\u00e1si id\u0151":"1 perc"},"schema":{"@context":"https:\/\/schema.org","@graph":[{"@type":"WebPage","@id":"https:\/\/grafomix.ro\/hu\/ledekkel-megvilagitott-betuk\/","url":"https:\/\/grafomix.ro\/hu\/ledekkel-megvilagitott-betuk\/","name":"BE\u00c9P\u00cdTETT LEDEKKEL MEGVIL\u00c1G\u00cdTOTT BET\u0170K - Grafomix","isPartOf":{"@id":"https:\/\/grafomix.ro\/#website"},"primaryImageOfPage":{"@id":"https:\/\/grafomix.ro\/hu\/ledekkel-megvilagitott-betuk\/#primaryimage"},"image":{"@id":"https:\/\/grafomix.ro\/hu\/ledekkel-megvilagitott-betuk\/#primaryimage"},"thumbnailUrl":"https:\/\/grafomix.ro\/wp-content\/uploads\/2016\/02\/litere_implantate_leduri.jpg","datePublished":"2016-02-20T18:48:52+00:00","dateModified":"2021-05-19T15:56:31+00:00","description":"BE\u00c9P\u00cdTETT LEDEKKEL MEGVIL\u00c1G\u00cdTOTT BET\u0170K - Grafomix. mechanikus vagy l\u00e9zeres g\u00e9pi kiv\u00e1g\u00e1s a bet\u0171k eleje feh\u00e9r vagy sz\u00ednes plexid, esetleg 3-4 mm-es Komatex","breadcrumb":{"@id":"https:\/\/grafomix.ro\/hu\/ledekkel-megvilagitott-betuk\/#breadcrumb"},"inLanguage":"hu","potentialAction":[{"@type":"ReadAction","target":["https:\/\/grafomix.ro\/hu\/ledekkel-megvilagitott-betuk\/"]}]},{"@type":"ImageObject","inLanguage":"hu","@id":"https:\/\/grafomix.ro\/hu\/ledekkel-megvilagitott-betuk\/#primaryimage","url":"https:\/\/grafomix.ro\/wp-content\/uploads\/2016\/02\/litere_implantate_leduri.jpg","contentUrl":"https:\/\/grafomix.ro\/wp-content\/uploads\/2016\/02\/litere_implantate_leduri.jpg","width":2000,"height":500},{"@type":"BreadcrumbList","@id":"https:\/\/grafomix.ro\/hu\/ledekkel-megvilagitott-betuk\/#breadcrumb","itemListElement":[{"@type":"ListItem","position":1,"name":"Prima pagin\u0103","item":"https:\/\/grafomix.ro\/hu\/"},{"@type":"ListItem","position":2,"name":"LEDEKKEL MEGVIL\u00c1G\u00cdTOTT BET\u0170K"}]},{"@type":"WebSite","@id":"https:\/\/grafomix.ro\/#website","url":"https:\/\/grafomix.ro\/","name":"Grafomix","description":"Reclame luminoase, 3d ,litere volumetrice","potentialAction":[{"@type":"SearchAction","target":{"@type":"EntryPoint","urlTemplate":"https:\/\/grafomix.ro\/?s={search_term_string}"},"query-input":{"@type":"PropertyValueSpecification","valueRequired":true,"valueName":"search_term_string"}}],"inLanguage":"hu"}]}},"_links":{"self":[{"href":"https:\/\/grafomix.ro\/hu\/wp-json\/wp\/v2\/pages\/2991","targetHints":{"allow":["GET"]}}],"collection":[{"href":"https:\/\/grafomix.ro\/hu\/wp-json\/wp\/v2\/pages"}],"about":[{"href":"https:\/\/grafomix.ro\/hu\/wp-json\/wp\/v2\/types\/page"}],"author":[{"embeddable":true,"href":"https:\/\/grafomix.ro\/hu\/wp-json\/wp\/v2\/users\/1"}],"replies":[{"embeddable":true,"href":"https:\/\/grafomix.ro\/hu\/wp-json\/wp\/v2\/comments?post=2991"}],"version-history":[{"count":4,"href":"https:\/\/grafomix.ro\/hu\/wp-json\/wp\/v2\/pages\/2991\/revisions"}],"predecessor-version":[{"id":9342,"href":"https:\/\/grafomix.ro\/hu\/wp-json\/wp\/v2\/pages\/2991\/revisions\/9342"}],"wp:featuredmedia":[{"embeddable":true,"href":"https:\/\/grafomix.ro\/hu\/wp-json\/wp\/v2\/media\/5243"}],"wp:attachment":[{"href":"https:\/\/grafomix.ro\/hu\/wp-json\/wp\/v2\/media?parent=2991"}],"curies":[{"name":"wp","href":"https:\/\/api.w.org\/{rel}","templated":true}]}}