{"id":2990,"date":"2016-02-20T21:49:31","date_gmt":"2016-02-20T18:49:31","guid":{"rendered":"http:\/\/grafomix.ro\/\/litere-volumetrice-in-halou\/"},"modified":"2021-05-19T18:57:10","modified_gmt":"2021-05-19T15:57:10","slug":"falra-vetulo-megvilagitas","status":"publish","type":"page","link":"https:\/\/grafomix.ro\/hu\/falra-vetulo-megvilagitas\/","title":{"rendered":"FALRA VET\u00dcL\u0150 MEGVIL\u00c1G\u00cdT\u00c1S"},"content":{"rendered":"<p class=\"Body\">FALRA VET\u00dcL\u0150 MEGVIL\u00c1G\u00cdT\u00c1S<\/p>\n<p class=\"Body\">\u00cdgy k\u00e9sz\u00fclnek:<\/p>\n<ul>\n<li class=\"Body\">mechanikus vagy l\u00e9zer kiv\u00e1g\u00e1s<\/li>\n<li class=\"Body\">el\u0151lap feh\u00e9r vagy sz\u00ednes 3-4 mm-s plexid, Komatex<\/li>\n<li class=\"Body\">a megvil\u00e1g\u00edt\u00e1s be\u00e9p\u00edtett ledekkel<\/li>\n<\/ul>\n<p>Az \u00e1rny\u00e9kos, h\u00e1trafele vil\u00e1g\u00edt\u00f3 bet\u0171k ugy nappal mint \u00e9jjelNk\u00fcl\u00f6nlegesen j\u00f3l mutatnak, RGB ledek haszn\u00e1lat\u00e1val pedig t\u00f6bbf\u00e9le f\u00e9nyj\u00e1t\u00e9kot \u00e9rhet\u00fcnk el.<\/p>\n<p class=\"Body\">Technikai adatok:<\/p>\n<p class=\"Body\">M\u00e9retek:<\/p>\n<ul>\n<li class=\"Body\">minim\u00e1lis magass\u00e1g 10 cm<\/li>\n<li class=\"Body\">maxim\u00e1lis magass\u00e1g 150 cm<\/li>\n<\/ul>\n<p class=\"Body\">M\u00e9lys\u00e9g:<\/p>\n<ul>\n<li class=\"Body\">5 \u00e9s 15 cm k\u00f6z\u00f6tt<\/li>\n<\/ul>\n<p class=\"Body\">A bet\u0171 el\u0151lapja:<\/p>\n<ul>\n<li class=\"Body\">3,4,5 mm vastags\u00e1g\u00fa plexidb\u0151l vagy Komatexb\u0151l<\/li>\n<\/ul>\n<p>El\u0151lap sz\u00ednv\u00e1laszt\u00e9ka<\/p>\n<ul>\n<li>t\u00f6bb mint 40 sz\u00edn\u00e1rnyalatb\u00f3l v\u00e1laszthatunk foli\u00e1t<\/li>\n<li>20 file sz\u00edn\u0171 plexidb\u0151l v\u00e1laszthatunk<\/li>\n<\/ul>\n<p class=\"Body\">Megvil\u00e1g\u00edt\u00e1s:<\/p>\n<ul>\n<li>12 Voltos, feh\u00e9r vagy sz\u00ednes (piros, s\u00e1rga, k\u00e9k, z\u00f6ld) Led<\/li>\n<li>RGB led, amely v\u00e1ltoztatja sz\u00edneit<\/li>\n<\/ul>\n<p class=\"Body\">A ledekkel megvil\u00e1g\u00edtott rekl\u00e1mok \u00e1ramfogyaszt\u00e1sa minim\u00e1lis, 12 V-s transzform\u00e1torral m\u0171k\u00f6dnek.<\/p>\n<p class=\"Body\">A garancia a megrendelt ledek min\u0151s\u00e9g\u00e9t\u0151l f\u00fcgg\u0151en 1-3 \u00e9v.<\/p>\n<p class=\"Body\">Ha ilyen rekl\u00e1mra van sz\u00fcks\u00e9ge, forduljon bizalommal hozz\u00e1nk, telefonon a <strong>0744-775803-as<\/strong> telefonon vagy szem\u00e9lyesen Marosv\u00e1s\u00e1rhely, Budai Nagy Antal utca 8 sz\u00e1m alatti sz\u00e9khely\u00fcnk\u00f6n.<\/p>\n","protected":false},"excerpt":{"rendered":"<p>FALRA VET\u00dcL\u0150 MEGVIL\u00c1G\u00cdT\u00c1S \u00cdgy k\u00e9sz\u00fclnek: mechanikus vagy l\u00e9zer kiv\u00e1g\u00e1s el\u0151lap feh\u00e9r vagy sz\u00ednes 3-4 mm-s plexid, Komatex a megvil\u00e1g\u00edt\u00e1s be\u00e9p\u00edtett ledekkel Az \u00e1rny\u00e9kos, h\u00e1trafele vil\u00e1g\u00edt\u00f3 bet\u0171k ugy nappal mint \u00e9jjelNk\u00fcl\u00f6nlegesen j\u00f3l mutatnak, RGB ledek haszn\u00e1lat\u00e1val pedig t\u00f6bbf\u00e9le f\u00e9nyj\u00e1t\u00e9kot \u00e9rhet\u00fcnk el. Technikai adatok: M\u00e9retek: minim\u00e1lis magass\u00e1g 10 cm maxim\u00e1lis magass\u00e1g 150 cm M\u00e9lys\u00e9g: 5 \u00e9s 15 [&hellip;]<\/p>\n","protected":false},"author":1,"featured_media":5253,"parent":0,"menu_order":0,"comment_status":"closed","ping_status":"closed","template":"template-portfolio.php","meta":{"_acf_changed":false,"footnotes":""},"class_list":["post-2990","page","type-page","status-publish","has-post-thumbnail","hentry"],"acf":[],"yoast_head":"<!-- This site is optimized with the Yoast SEO plugin v27.1.1 - https:\/\/yoast.com\/product\/yoast-seo-wordpress\/ -->\n<title>\u00c1RNY\u00c9KOS - HALOU - FEL\u00cdRATOZ\u00c1S - Grafomix Targu Mures<\/title>\n<meta name=\"description\" content=\"\u00c1RNY\u00c9KOS - HALOU - FEL\u00cdRATOZ\u00c1S - Grafomix Targu Mures \u00cdgy k\u00e9sz\u00fclnek: mechanikus vagy l\u00e9zer kiv\u00e1g\u00e1s el\u0151lap feh\u00e9r vagy sz\u00ednes 3-4 mm-s plexid, Komatex\" \/>\n<meta name=\"robots\" content=\"index, follow, max-snippet:-1, max-image-preview:large, max-video-preview:-1\" \/>\n<link rel=\"canonical\" href=\"https:\/\/grafomix.ro\/hu\/falra-vetulo-megvilagitas\/\" \/>\n<meta property=\"og:locale\" content=\"hu_HU\" \/>\n<meta property=\"og:type\" content=\"article\" \/>\n<meta property=\"og:title\" content=\"\u00c1RNY\u00c9KOS - HALOU - FEL\u00cdRATOZ\u00c1S - Grafomix Targu Mures\" \/>\n<meta property=\"og:description\" content=\"\u00c1RNY\u00c9KOS - HALOU - FEL\u00cdRATOZ\u00c1S - Grafomix Targu Mures \u00cdgy k\u00e9sz\u00fclnek: mechanikus vagy l\u00e9zer kiv\u00e1g\u00e1s el\u0151lap feh\u00e9r vagy sz\u00ednes 3-4 mm-s plexid, Komatex\" \/>\n<meta property=\"og:url\" content=\"https:\/\/grafomix.ro\/hu\/falra-vetulo-megvilagitas\/\" \/>\n<meta property=\"og:site_name\" content=\"Grafomix\" \/>\n<meta property=\"article:modified_time\" content=\"2021-05-19T15:57:10+00:00\" \/>\n<meta property=\"og:image\" content=\"https:\/\/grafomix.ro\/wp-content\/uploads\/2016\/02\/litere_volumetrice_in_halou.jpg\" \/>\n\t<meta property=\"og:image:width\" content=\"2000\" \/>\n\t<meta property=\"og:image:height\" content=\"500\" \/>\n\t<meta property=\"og:image:type\" content=\"image\/jpeg\" \/>\n<meta name=\"twitter:card\" content=\"summary_large_image\" \/>\n<meta name=\"twitter:label1\" content=\"Becs\u00fclt olvas\u00e1si id\u0151\" \/>\n\t<meta name=\"twitter:data1\" content=\"1 perc\" \/>\n<script type=\"application\/ld+json\" class=\"yoast-schema-graph\">{\"@context\":\"https:\/\/schema.org\",\"@graph\":[{\"@type\":\"WebPage\",\"@id\":\"https:\/\/grafomix.ro\/hu\/falra-vetulo-megvilagitas\/\",\"url\":\"https:\/\/grafomix.ro\/hu\/falra-vetulo-megvilagitas\/\",\"name\":\"\u00c1RNY\u00c9KOS - HALOU - FEL\u00cdRATOZ\u00c1S - Grafomix Targu Mures\",\"isPartOf\":{\"@id\":\"https:\/\/grafomix.ro\/#website\"},\"primaryImageOfPage\":{\"@id\":\"https:\/\/grafomix.ro\/hu\/falra-vetulo-megvilagitas\/#primaryimage\"},\"image\":{\"@id\":\"https:\/\/grafomix.ro\/hu\/falra-vetulo-megvilagitas\/#primaryimage\"},\"thumbnailUrl\":\"https:\/\/grafomix.ro\/wp-content\/uploads\/2016\/02\/litere_volumetrice_in_halou.jpg\",\"datePublished\":\"2016-02-20T18:49:31+00:00\",\"dateModified\":\"2021-05-19T15:57:10+00:00\",\"description\":\"\u00c1RNY\u00c9KOS - HALOU - FEL\u00cdRATOZ\u00c1S - Grafomix Targu Mures \u00cdgy k\u00e9sz\u00fclnek: mechanikus vagy l\u00e9zer kiv\u00e1g\u00e1s el\u0151lap feh\u00e9r vagy sz\u00ednes 3-4 mm-s plexid, Komatex\",\"breadcrumb\":{\"@id\":\"https:\/\/grafomix.ro\/hu\/falra-vetulo-megvilagitas\/#breadcrumb\"},\"inLanguage\":\"hu\",\"potentialAction\":[{\"@type\":\"ReadAction\",\"target\":[\"https:\/\/grafomix.ro\/hu\/falra-vetulo-megvilagitas\/\"]}]},{\"@type\":\"ImageObject\",\"inLanguage\":\"hu\",\"@id\":\"https:\/\/grafomix.ro\/hu\/falra-vetulo-megvilagitas\/#primaryimage\",\"url\":\"https:\/\/grafomix.ro\/wp-content\/uploads\/2016\/02\/litere_volumetrice_in_halou.jpg\",\"contentUrl\":\"https:\/\/grafomix.ro\/wp-content\/uploads\/2016\/02\/litere_volumetrice_in_halou.jpg\",\"width\":2000,\"height\":500},{\"@type\":\"BreadcrumbList\",\"@id\":\"https:\/\/grafomix.ro\/hu\/falra-vetulo-megvilagitas\/#breadcrumb\",\"itemListElement\":[{\"@type\":\"ListItem\",\"position\":1,\"name\":\"Prima pagin\u0103\",\"item\":\"https:\/\/grafomix.ro\/hu\/\"},{\"@type\":\"ListItem\",\"position\":2,\"name\":\"FALRA VET\u00dcL\u0150 MEGVIL\u00c1G\u00cdT\u00c1S\"}]},{\"@type\":\"WebSite\",\"@id\":\"https:\/\/grafomix.ro\/#website\",\"url\":\"https:\/\/grafomix.ro\/\",\"name\":\"Grafomix\",\"description\":\"Reclame luminoase, 3d ,litere volumetrice\",\"potentialAction\":[{\"@type\":\"SearchAction\",\"target\":{\"@type\":\"EntryPoint\",\"urlTemplate\":\"https:\/\/grafomix.ro\/?s={search_term_string}\"},\"query-input\":{\"@type\":\"PropertyValueSpecification\",\"valueRequired\":true,\"valueName\":\"search_term_string\"}}],\"inLanguage\":\"hu\"}]}<\/script>\n<!-- \/ Yoast SEO plugin. -->","yoast_head_json":{"title":"\u00c1RNY\u00c9KOS - HALOU - FEL\u00cdRATOZ\u00c1S - Grafomix Targu Mures","description":"\u00c1RNY\u00c9KOS - HALOU - FEL\u00cdRATOZ\u00c1S - Grafomix Targu Mures \u00cdgy k\u00e9sz\u00fclnek: mechanikus vagy l\u00e9zer kiv\u00e1g\u00e1s el\u0151lap feh\u00e9r vagy sz\u00ednes 3-4 mm-s plexid, Komatex","robots":{"index":"index","follow":"follow","max-snippet":"max-snippet:-1","max-image-preview":"max-image-preview:large","max-video-preview":"max-video-preview:-1"},"canonical":"https:\/\/grafomix.ro\/hu\/falra-vetulo-megvilagitas\/","og_locale":"hu_HU","og_type":"article","og_title":"\u00c1RNY\u00c9KOS - HALOU - FEL\u00cdRATOZ\u00c1S - Grafomix Targu Mures","og_description":"\u00c1RNY\u00c9KOS - HALOU - FEL\u00cdRATOZ\u00c1S - Grafomix Targu Mures \u00cdgy k\u00e9sz\u00fclnek: mechanikus vagy l\u00e9zer kiv\u00e1g\u00e1s el\u0151lap feh\u00e9r vagy sz\u00ednes 3-4 mm-s plexid, Komatex","og_url":"https:\/\/grafomix.ro\/hu\/falra-vetulo-megvilagitas\/","og_site_name":"Grafomix","article_modified_time":"2021-05-19T15:57:10+00:00","og_image":[{"width":2000,"height":500,"url":"https:\/\/grafomix.ro\/wp-content\/uploads\/2016\/02\/litere_volumetrice_in_halou.jpg","type":"image\/jpeg"}],"twitter_card":"summary_large_image","twitter_misc":{"Becs\u00fclt olvas\u00e1si id\u0151":"1 perc"},"schema":{"@context":"https:\/\/schema.org","@graph":[{"@type":"WebPage","@id":"https:\/\/grafomix.ro\/hu\/falra-vetulo-megvilagitas\/","url":"https:\/\/grafomix.ro\/hu\/falra-vetulo-megvilagitas\/","name":"\u00c1RNY\u00c9KOS - HALOU - FEL\u00cdRATOZ\u00c1S - Grafomix Targu Mures","isPartOf":{"@id":"https:\/\/grafomix.ro\/#website"},"primaryImageOfPage":{"@id":"https:\/\/grafomix.ro\/hu\/falra-vetulo-megvilagitas\/#primaryimage"},"image":{"@id":"https:\/\/grafomix.ro\/hu\/falra-vetulo-megvilagitas\/#primaryimage"},"thumbnailUrl":"https:\/\/grafomix.ro\/wp-content\/uploads\/2016\/02\/litere_volumetrice_in_halou.jpg","datePublished":"2016-02-20T18:49:31+00:00","dateModified":"2021-05-19T15:57:10+00:00","description":"\u00c1RNY\u00c9KOS - HALOU - FEL\u00cdRATOZ\u00c1S - Grafomix Targu Mures \u00cdgy k\u00e9sz\u00fclnek: mechanikus vagy l\u00e9zer kiv\u00e1g\u00e1s el\u0151lap feh\u00e9r vagy sz\u00ednes 3-4 mm-s plexid, Komatex","breadcrumb":{"@id":"https:\/\/grafomix.ro\/hu\/falra-vetulo-megvilagitas\/#breadcrumb"},"inLanguage":"hu","potentialAction":[{"@type":"ReadAction","target":["https:\/\/grafomix.ro\/hu\/falra-vetulo-megvilagitas\/"]}]},{"@type":"ImageObject","inLanguage":"hu","@id":"https:\/\/grafomix.ro\/hu\/falra-vetulo-megvilagitas\/#primaryimage","url":"https:\/\/grafomix.ro\/wp-content\/uploads\/2016\/02\/litere_volumetrice_in_halou.jpg","contentUrl":"https:\/\/grafomix.ro\/wp-content\/uploads\/2016\/02\/litere_volumetrice_in_halou.jpg","width":2000,"height":500},{"@type":"BreadcrumbList","@id":"https:\/\/grafomix.ro\/hu\/falra-vetulo-megvilagitas\/#breadcrumb","itemListElement":[{"@type":"ListItem","position":1,"name":"Prima pagin\u0103","item":"https:\/\/grafomix.ro\/hu\/"},{"@type":"ListItem","position":2,"name":"FALRA VET\u00dcL\u0150 MEGVIL\u00c1G\u00cdT\u00c1S"}]},{"@type":"WebSite","@id":"https:\/\/grafomix.ro\/#website","url":"https:\/\/grafomix.ro\/","name":"Grafomix","description":"Reclame luminoase, 3d ,litere volumetrice","potentialAction":[{"@type":"SearchAction","target":{"@type":"EntryPoint","urlTemplate":"https:\/\/grafomix.ro\/?s={search_term_string}"},"query-input":{"@type":"PropertyValueSpecification","valueRequired":true,"valueName":"search_term_string"}}],"inLanguage":"hu"}]}},"_links":{"self":[{"href":"https:\/\/grafomix.ro\/hu\/wp-json\/wp\/v2\/pages\/2990","targetHints":{"allow":["GET"]}}],"collection":[{"href":"https:\/\/grafomix.ro\/hu\/wp-json\/wp\/v2\/pages"}],"about":[{"href":"https:\/\/grafomix.ro\/hu\/wp-json\/wp\/v2\/types\/page"}],"author":[{"embeddable":true,"href":"https:\/\/grafomix.ro\/hu\/wp-json\/wp\/v2\/users\/1"}],"replies":[{"embeddable":true,"href":"https:\/\/grafomix.ro\/hu\/wp-json\/wp\/v2\/comments?post=2990"}],"version-history":[{"count":4,"href":"https:\/\/grafomix.ro\/hu\/wp-json\/wp\/v2\/pages\/2990\/revisions"}],"predecessor-version":[{"id":9343,"href":"https:\/\/grafomix.ro\/hu\/wp-json\/wp\/v2\/pages\/2990\/revisions\/9343"}],"wp:featuredmedia":[{"embeddable":true,"href":"https:\/\/grafomix.ro\/hu\/wp-json\/wp\/v2\/media\/5253"}],"wp:attachment":[{"href":"https:\/\/grafomix.ro\/hu\/wp-json\/wp\/v2\/media?parent=2990"}],"curies":[{"name":"wp","href":"https:\/\/api.w.org\/{rel}","templated":true}]}}