{"id":2988,"date":"2016-02-20T21:51:39","date_gmt":"2016-02-20T18:51:39","guid":{"rendered":"http:\/\/grafomix.ro\/\/neoane-spectrale-flexibile\/"},"modified":"2021-05-19T17:55:46","modified_gmt":"2021-05-19T14:55:46","slug":"flexibilis-hajlithato-led","status":"publish","type":"page","link":"https:\/\/grafomix.ro\/hu\/flexibilis-hajlithato-led\/","title":{"rendered":"FLEXIBILIS HAJL\u00cdTHAT\u00d3 LED"},"content":{"rendered":"<h3 class=\"Body\">FLEXIBILIS HAJL\u00cdTHAT\u00d3 LED<\/h3>\n<p>A hajl\u00edtott led nem fakul ki, nem t\u00f6r\u00e9keny, k\u00f6rnyezetk\u00edm\u00e9l\u0151 \u00e9s rendkiv\u00fclien er\u0151s f\u00e9nyt bocs\u00e1jt ki.<\/p>\n<p>A bet\u0171k 10 &#8211; 15 mm vastags\u00e1g\u00fa m\u00fcanyagb\u00f3l k\u00e9sz\u00fclnek melynek ker\u00fclet\u00e9re r\u00f6gz\u00edtj\u00fck a hajl\u00edtott ledet.<\/p>\n<p>Az \u00e1ramfogyaszt\u00e1sa nagyon minim\u00e1lis, mert a ledek 12 voltos transzform\u00e1torr\u00f3l m\u0171k\u00f6dnek.<\/p>\n<p>A garancia a megrendelt ledek min\u0151s\u00e9g\u00e9t\u0151l f\u00fcgg\u0151en 1-3 \u00e9v.<\/p>\n<p>Ha hajl\u00edtott ledre van sz\u00fcks\u00e9ge, forduljon bizalommal hozz\u00e1nk, telefonon a <strong>0744-775803<\/strong>-as telefonon vagy szem\u00e9lyesen Marosv\u00e1s\u00e1rhely, Budai Nagy Antal utca 8 sz\u00e1m \u00a0alatti sz\u00e9khely\u00fcnk\u00f6n.<\/p>\n<p><iframe src=\"https:\/\/www.youtube.com\/embed\/AnRPRXKYnnc\" width=\"100%\" height=\"315\" frameborder=\"0\" allowfullscreen=\"allowfullscreen\"><\/iframe><\/p>\n","protected":false},"excerpt":{"rendered":"<p>FLEXIBILIS HAJL\u00cdTHAT\u00d3 LED A hajl\u00edtott led nem fakul ki, nem t\u00f6r\u00e9keny, k\u00f6rnyezetk\u00edm\u00e9l\u0151 \u00e9s rendkiv\u00fclien er\u0151s f\u00e9nyt bocs\u00e1jt ki. A bet\u0171k 10 &#8211; 15 mm vastags\u00e1g\u00fa m\u00fcanyagb\u00f3l k\u00e9sz\u00fclnek melynek ker\u00fclet\u00e9re r\u00f6gz\u00edtj\u00fck a hajl\u00edtott ledet. Az \u00e1ramfogyaszt\u00e1sa nagyon minim\u00e1lis, mert a ledek 12 voltos transzform\u00e1torr\u00f3l m\u0171k\u00f6dnek. A garancia a megrendelt ledek min\u0151s\u00e9g\u00e9t\u0151l f\u00fcgg\u0151en 1-3 \u00e9v. Ha hajl\u00edtott [&hellip;]<\/p>\n","protected":false},"author":1,"featured_media":5257,"parent":0,"menu_order":0,"comment_status":"closed","ping_status":"closed","template":"template-portfolio.php","meta":{"_acf_changed":false,"footnotes":""},"class_list":["post-2988","page","type-page","status-publish","has-post-thumbnail","hentry"],"acf":[],"yoast_head":"<!-- This site is optimized with the Yoast SEO plugin v27.1.1 - https:\/\/yoast.com\/product\/yoast-seo-wordpress\/ -->\n<title>HAJL\u00cdTOTT LED - Grafomix Targu Mures<\/title>\n<meta name=\"description\" content=\"HAJL\u00cdTOTT LED - Grafomix Targu Mures. A hajl\u00edtott led nem fakul ki, nem t\u00f6r\u00e9keny, k\u00f6rnyezetk\u00edm\u00e9l\u0151 \u00e9s rendkiv\u00fclien er\u0151s f\u00e9nyt bocs\u00e1jt ki.\" \/>\n<meta name=\"robots\" content=\"index, follow, max-snippet:-1, max-image-preview:large, max-video-preview:-1\" \/>\n<link rel=\"canonical\" href=\"https:\/\/grafomix.ro\/hu\/flexibilis-hajlithato-led\/\" \/>\n<meta property=\"og:locale\" content=\"hu_HU\" \/>\n<meta property=\"og:type\" content=\"article\" \/>\n<meta property=\"og:title\" content=\"HAJL\u00cdTOTT LED - Grafomix Targu Mures\" \/>\n<meta property=\"og:description\" content=\"HAJL\u00cdTOTT LED - Grafomix Targu Mures. A hajl\u00edtott led nem fakul ki, nem t\u00f6r\u00e9keny, k\u00f6rnyezetk\u00edm\u00e9l\u0151 \u00e9s rendkiv\u00fclien er\u0151s f\u00e9nyt bocs\u00e1jt ki.\" \/>\n<meta property=\"og:url\" content=\"https:\/\/grafomix.ro\/hu\/flexibilis-hajlithato-led\/\" \/>\n<meta property=\"og:site_name\" content=\"Grafomix\" \/>\n<meta property=\"article:modified_time\" content=\"2021-05-19T14:55:46+00:00\" \/>\n<meta property=\"og:image\" content=\"https:\/\/grafomix.ro\/wp-content\/uploads\/2016\/02\/neoane_spectrale_casino_mures.jpg\" \/>\n\t<meta property=\"og:image:width\" content=\"2000\" \/>\n\t<meta property=\"og:image:height\" content=\"500\" \/>\n\t<meta property=\"og:image:type\" content=\"image\/jpeg\" \/>\n<meta name=\"twitter:card\" content=\"summary_large_image\" \/>\n<meta name=\"twitter:label1\" content=\"Becs\u00fclt olvas\u00e1si id\u0151\" \/>\n\t<meta name=\"twitter:data1\" content=\"1 perc\" \/>\n<script type=\"application\/ld+json\" class=\"yoast-schema-graph\">{\"@context\":\"https:\/\/schema.org\",\"@graph\":[{\"@type\":\"WebPage\",\"@id\":\"https:\/\/grafomix.ro\/hu\/flexibilis-hajlithato-led\/\",\"url\":\"https:\/\/grafomix.ro\/hu\/flexibilis-hajlithato-led\/\",\"name\":\"HAJL\u00cdTOTT LED - Grafomix Targu Mures\",\"isPartOf\":{\"@id\":\"https:\/\/grafomix.ro\/#website\"},\"primaryImageOfPage\":{\"@id\":\"https:\/\/grafomix.ro\/hu\/flexibilis-hajlithato-led\/#primaryimage\"},\"image\":{\"@id\":\"https:\/\/grafomix.ro\/hu\/flexibilis-hajlithato-led\/#primaryimage\"},\"thumbnailUrl\":\"https:\/\/grafomix.ro\/wp-content\/uploads\/2016\/02\/neoane_spectrale_casino_mures.jpg\",\"datePublished\":\"2016-02-20T18:51:39+00:00\",\"dateModified\":\"2021-05-19T14:55:46+00:00\",\"description\":\"HAJL\u00cdTOTT LED - Grafomix Targu Mures. A hajl\u00edtott led nem fakul ki, nem t\u00f6r\u00e9keny, k\u00f6rnyezetk\u00edm\u00e9l\u0151 \u00e9s rendkiv\u00fclien er\u0151s f\u00e9nyt bocs\u00e1jt ki.\",\"breadcrumb\":{\"@id\":\"https:\/\/grafomix.ro\/hu\/flexibilis-hajlithato-led\/#breadcrumb\"},\"inLanguage\":\"hu\",\"potentialAction\":[{\"@type\":\"ReadAction\",\"target\":[\"https:\/\/grafomix.ro\/hu\/flexibilis-hajlithato-led\/\"]}]},{\"@type\":\"ImageObject\",\"inLanguage\":\"hu\",\"@id\":\"https:\/\/grafomix.ro\/hu\/flexibilis-hajlithato-led\/#primaryimage\",\"url\":\"https:\/\/grafomix.ro\/wp-content\/uploads\/2016\/02\/neoane_spectrale_casino_mures.jpg\",\"contentUrl\":\"https:\/\/grafomix.ro\/wp-content\/uploads\/2016\/02\/neoane_spectrale_casino_mures.jpg\",\"width\":2000,\"height\":500},{\"@type\":\"BreadcrumbList\",\"@id\":\"https:\/\/grafomix.ro\/hu\/flexibilis-hajlithato-led\/#breadcrumb\",\"itemListElement\":[{\"@type\":\"ListItem\",\"position\":1,\"name\":\"Prima pagin\u0103\",\"item\":\"https:\/\/grafomix.ro\/hu\/\"},{\"@type\":\"ListItem\",\"position\":2,\"name\":\"FLEXIBILIS HAJL\u00cdTHAT\u00d3 LED\"}]},{\"@type\":\"WebSite\",\"@id\":\"https:\/\/grafomix.ro\/#website\",\"url\":\"https:\/\/grafomix.ro\/\",\"name\":\"Grafomix\",\"description\":\"Reclame luminoase, 3d ,litere volumetrice\",\"potentialAction\":[{\"@type\":\"SearchAction\",\"target\":{\"@type\":\"EntryPoint\",\"urlTemplate\":\"https:\/\/grafomix.ro\/?s={search_term_string}\"},\"query-input\":{\"@type\":\"PropertyValueSpecification\",\"valueRequired\":true,\"valueName\":\"search_term_string\"}}],\"inLanguage\":\"hu\"}]}<\/script>\n<!-- \/ Yoast SEO plugin. -->","yoast_head_json":{"title":"HAJL\u00cdTOTT LED - Grafomix Targu Mures","description":"HAJL\u00cdTOTT LED - Grafomix Targu Mures. A hajl\u00edtott led nem fakul ki, nem t\u00f6r\u00e9keny, k\u00f6rnyezetk\u00edm\u00e9l\u0151 \u00e9s rendkiv\u00fclien er\u0151s f\u00e9nyt bocs\u00e1jt ki.","robots":{"index":"index","follow":"follow","max-snippet":"max-snippet:-1","max-image-preview":"max-image-preview:large","max-video-preview":"max-video-preview:-1"},"canonical":"https:\/\/grafomix.ro\/hu\/flexibilis-hajlithato-led\/","og_locale":"hu_HU","og_type":"article","og_title":"HAJL\u00cdTOTT LED - Grafomix Targu Mures","og_description":"HAJL\u00cdTOTT LED - Grafomix Targu Mures. A hajl\u00edtott led nem fakul ki, nem t\u00f6r\u00e9keny, k\u00f6rnyezetk\u00edm\u00e9l\u0151 \u00e9s rendkiv\u00fclien er\u0151s f\u00e9nyt bocs\u00e1jt ki.","og_url":"https:\/\/grafomix.ro\/hu\/flexibilis-hajlithato-led\/","og_site_name":"Grafomix","article_modified_time":"2021-05-19T14:55:46+00:00","og_image":[{"width":2000,"height":500,"url":"https:\/\/grafomix.ro\/wp-content\/uploads\/2016\/02\/neoane_spectrale_casino_mures.jpg","type":"image\/jpeg"}],"twitter_card":"summary_large_image","twitter_misc":{"Becs\u00fclt olvas\u00e1si id\u0151":"1 perc"},"schema":{"@context":"https:\/\/schema.org","@graph":[{"@type":"WebPage","@id":"https:\/\/grafomix.ro\/hu\/flexibilis-hajlithato-led\/","url":"https:\/\/grafomix.ro\/hu\/flexibilis-hajlithato-led\/","name":"HAJL\u00cdTOTT LED - Grafomix Targu Mures","isPartOf":{"@id":"https:\/\/grafomix.ro\/#website"},"primaryImageOfPage":{"@id":"https:\/\/grafomix.ro\/hu\/flexibilis-hajlithato-led\/#primaryimage"},"image":{"@id":"https:\/\/grafomix.ro\/hu\/flexibilis-hajlithato-led\/#primaryimage"},"thumbnailUrl":"https:\/\/grafomix.ro\/wp-content\/uploads\/2016\/02\/neoane_spectrale_casino_mures.jpg","datePublished":"2016-02-20T18:51:39+00:00","dateModified":"2021-05-19T14:55:46+00:00","description":"HAJL\u00cdTOTT LED - Grafomix Targu Mures. A hajl\u00edtott led nem fakul ki, nem t\u00f6r\u00e9keny, k\u00f6rnyezetk\u00edm\u00e9l\u0151 \u00e9s rendkiv\u00fclien er\u0151s f\u00e9nyt bocs\u00e1jt ki.","breadcrumb":{"@id":"https:\/\/grafomix.ro\/hu\/flexibilis-hajlithato-led\/#breadcrumb"},"inLanguage":"hu","potentialAction":[{"@type":"ReadAction","target":["https:\/\/grafomix.ro\/hu\/flexibilis-hajlithato-led\/"]}]},{"@type":"ImageObject","inLanguage":"hu","@id":"https:\/\/grafomix.ro\/hu\/flexibilis-hajlithato-led\/#primaryimage","url":"https:\/\/grafomix.ro\/wp-content\/uploads\/2016\/02\/neoane_spectrale_casino_mures.jpg","contentUrl":"https:\/\/grafomix.ro\/wp-content\/uploads\/2016\/02\/neoane_spectrale_casino_mures.jpg","width":2000,"height":500},{"@type":"BreadcrumbList","@id":"https:\/\/grafomix.ro\/hu\/flexibilis-hajlithato-led\/#breadcrumb","itemListElement":[{"@type":"ListItem","position":1,"name":"Prima pagin\u0103","item":"https:\/\/grafomix.ro\/hu\/"},{"@type":"ListItem","position":2,"name":"FLEXIBILIS HAJL\u00cdTHAT\u00d3 LED"}]},{"@type":"WebSite","@id":"https:\/\/grafomix.ro\/#website","url":"https:\/\/grafomix.ro\/","name":"Grafomix","description":"Reclame luminoase, 3d ,litere volumetrice","potentialAction":[{"@type":"SearchAction","target":{"@type":"EntryPoint","urlTemplate":"https:\/\/grafomix.ro\/?s={search_term_string}"},"query-input":{"@type":"PropertyValueSpecification","valueRequired":true,"valueName":"search_term_string"}}],"inLanguage":"hu"}]}},"_links":{"self":[{"href":"https:\/\/grafomix.ro\/hu\/wp-json\/wp\/v2\/pages\/2988","targetHints":{"allow":["GET"]}}],"collection":[{"href":"https:\/\/grafomix.ro\/hu\/wp-json\/wp\/v2\/pages"}],"about":[{"href":"https:\/\/grafomix.ro\/hu\/wp-json\/wp\/v2\/types\/page"}],"author":[{"embeddable":true,"href":"https:\/\/grafomix.ro\/hu\/wp-json\/wp\/v2\/users\/1"}],"replies":[{"embeddable":true,"href":"https:\/\/grafomix.ro\/hu\/wp-json\/wp\/v2\/comments?post=2988"}],"version-history":[{"count":4,"href":"https:\/\/grafomix.ro\/hu\/wp-json\/wp\/v2\/pages\/2988\/revisions"}],"predecessor-version":[{"id":9309,"href":"https:\/\/grafomix.ro\/hu\/wp-json\/wp\/v2\/pages\/2988\/revisions\/9309"}],"wp:featuredmedia":[{"embeddable":true,"href":"https:\/\/grafomix.ro\/hu\/wp-json\/wp\/v2\/media\/5257"}],"wp:attachment":[{"href":"https:\/\/grafomix.ro\/hu\/wp-json\/wp\/v2\/media?parent=2988"}],"curies":[{"name":"wp","href":"https:\/\/api.w.org\/{rel}","templated":true}]}}