{"id":2987,"date":"2016-02-20T21:52:38","date_gmt":"2016-02-20T21:52:38","guid":{"rendered":"http:\/\/grafomix.ro\/\/printuri-si-bannere\/"},"modified":"2025-12-19T11:53:17","modified_gmt":"2025-12-19T08:53:17","slug":"bannerek-es-nyomtatasok","status":"publish","type":"page","link":"https:\/\/grafomix.ro\/hu\/bannerek-es-nyomtatasok\/","title":{"rendered":"BANNEREK \u00c9S NYOMTAT\u00c1SOK"},"content":{"rendered":"<h2 class=\"Body\">BANNEREK \u00c9S NYOMTAT\u00c1SOK<\/h2>\n<p class=\"Body\">Digit\u00e1lis nyomtat\u00e1ssal k\u00e9sz\u00fcl\u0151 rekl\u00e1manyagok gy\u00e1rt\u00e1s\u00e1t v\u00e1llaljuk. Banner alapanyagra nyomtatunk, biztos\u00edtva, hogy ellen\u00e1ll az es\u0151nek, fagynak, ultraibolyasug\u00e1rz\u00e1snak.<\/p>\n<ul>\n<li class=\"Body\">a banner m\u0171anyagbevonat\u00fa mindk\u00e9t oldal\u00e1n<\/li>\n<li class=\"Body\">10%-os az \u00e1ttetsz\u0151s\u00e9ge<\/li>\n<li class=\"Body\">s\u0171r\u0171s\u00e9ge 220 &#8211; 1000 gr.\/m2<\/li>\n<li class=\"Body\">50 m\u00e9ter hossz\u00fa egy tekercs anyag<\/li>\n<li class=\"Body\">Nyomtat\u00e1si sz\u00e9less\u00e9g 105 cm, 160 cm<\/li>\n<\/ul>\n<p><span class=\"Verde\">Banner black out<\/span><\/p>\n<ul>\n<li>k\u00fcl\u00f6nleges technologi\u00e1val k\u00e9sz\u00fcl\u0151 banner, a m\u0151anyagbevonatot egy fekete alapra huzz\u00e1k, \u00edgy nem engedi \u00e1t a f\u00e9nyt<\/li>\n<li>f\u00e9ny\u00e1tereszt\u00e9s 0 %<\/li>\n<li>anyags\u0171r\u0171s\u00e9g 700 gr\/m2<\/li>\n<li>anyagvastags\u00e1g 0,45 mm<\/li>\n<li>5o m hossz\u00fa egy tekercs anyag<\/li>\n<li>nyomtat\u00e1si sz\u00e9less\u00e9g 105cm, 160 cm<\/li>\n<\/ul>\n<p class=\"Body\">Mash h\u00e1l\u00f3folia<\/p>\n<p class=\"Body\">Mash haszn\u00e1lata a kirakatokban kiv\u00fclr\u0151l j\u00f3l l\u00e1that\u00f3 rekl\u00e1mfel\u00fclet, an\u00e9lk\u00fcl, hogy bes\u0151t\u00e9t\u00edten\u00e9 a helyis\u00e9get \u00e9s bentr\u0151l kifele teljes \u00e1tl\u00e1that\u00f3s\u00e1got biztos\u00edt.<\/p>\n<p class=\"Body\">El\u0151nye, hogy az \u00e9p\u00fcletfrontra helyezve \u00f3ri\u00e1si rekl\u00e1mfel\u00fclet nyerhet\u0151.<\/p>\n<ul>\n<li>anyags\u0171r\u0171s\u00e9g 250 gr\/m2<\/li>\n<li>anyagvastags\u00e1g 0,15 mm<\/li>\n<\/ul>\n<p class=\"Body\">Ha nagym\u00e9ret\u0171 nyomtat\u00e1sra van sz\u00fcks\u00e9ge, forduljon bizalommal hozz\u00e1nk, telefonon a <strong>0744-775803<\/strong>-as telefonon vagy szem\u00e9lyesen Marosv\u00e1s\u00e1rhely, Budai Nagy Antal utca 8 sz\u00e1m alatti sz\u00e9khely\u00fcnk\u00f6n.<\/p>\n<p><iframe src=\"https:\/\/www.youtube.com\/embed\/wTY3KXWgKVE\" width=\"100%\" height=\"315\" frameborder=\"0\" allowfullscreen=\"allowfullscreen\"><\/iframe><\/p>\n","protected":false},"excerpt":{"rendered":"<p>BANNEREK \u00c9S NYOMTAT\u00c1SOK Digit\u00e1lis nyomtat\u00e1ssal k\u00e9sz\u00fcl\u0151 rekl\u00e1manyagok gy\u00e1rt\u00e1s\u00e1t v\u00e1llaljuk. Banner alapanyagra nyomtatunk, biztos\u00edtva, hogy ellen\u00e1ll az es\u0151nek, fagynak, ultraibolyasug\u00e1rz\u00e1snak. a banner m\u0171anyagbevonat\u00fa mindk\u00e9t oldal\u00e1n 10%-os az \u00e1ttetsz\u0151s\u00e9ge s\u0171r\u0171s\u00e9ge 220 &#8211; 1000 gr.\/m2 50 m\u00e9ter hossz\u00fa egy tekercs anyag Nyomtat\u00e1si sz\u00e9less\u00e9g 105 cm, 160 cm Banner black out k\u00fcl\u00f6nleges technologi\u00e1val k\u00e9sz\u00fcl\u0151 banner, a m\u0151anyagbevonatot egy fekete [&hellip;]<\/p>\n","protected":false},"author":1,"featured_media":7753,"parent":0,"menu_order":0,"comment_status":"closed","ping_status":"closed","template":"template-portfolio.php","meta":{"_acf_changed":false,"footnotes":""},"class_list":["post-2987","page","type-page","status-publish","has-post-thumbnail","hentry"],"acf":[],"yoast_head":"<!-- This site is optimized with the Yoast SEO plugin v27.1.1 - https:\/\/yoast.com\/product\/yoast-seo-wordpress\/ -->\n<title>BANNEREK \u00c9S NYOMTAT\u00c1SOK - Grafomix Targu Mures<\/title>\n<meta name=\"description\" content=\"BANNEREK \u00c9S NYOMTAT\u00c1SOK - Grafomix Targu Mures Digit\u00e1lis nyomtat\u00e1ssal k\u00e9sz\u00fcl\u0151 rekl\u00e1manyagok gy\u00e1rt\u00e1s\u00e1t v\u00e1llaljuk. Banner, mash h\u00e1l\u00f3folia, rollup\" \/>\n<meta name=\"robots\" content=\"index, follow, max-snippet:-1, max-image-preview:large, max-video-preview:-1\" \/>\n<link rel=\"canonical\" href=\"https:\/\/grafomix.ro\/hu\/bannerek-es-nyomtatasok\/\" \/>\n<meta property=\"og:locale\" content=\"hu_HU\" \/>\n<meta property=\"og:type\" content=\"article\" \/>\n<meta property=\"og:title\" content=\"BANNEREK \u00c9S NYOMTAT\u00c1SOK - Grafomix Targu Mures\" \/>\n<meta property=\"og:description\" content=\"BANNEREK \u00c9S NYOMTAT\u00c1SOK - Grafomix Targu Mures Digit\u00e1lis nyomtat\u00e1ssal k\u00e9sz\u00fcl\u0151 rekl\u00e1manyagok gy\u00e1rt\u00e1s\u00e1t v\u00e1llaljuk. Banner, mash h\u00e1l\u00f3folia, rollup\" \/>\n<meta property=\"og:url\" content=\"https:\/\/grafomix.ro\/hu\/bannerek-es-nyomtatasok\/\" \/>\n<meta property=\"og:site_name\" content=\"Grafomix\" \/>\n<meta property=\"article:modified_time\" content=\"2025-12-19T08:53:17+00:00\" \/>\n<meta property=\"og:image\" content=\"https:\/\/grafomix.ro\/wp-content\/uploads\/2016\/02\/print_si_bannere-1.jpg\" \/>\n\t<meta property=\"og:image:width\" content=\"2000\" \/>\n\t<meta property=\"og:image:height\" content=\"500\" \/>\n\t<meta property=\"og:image:type\" content=\"image\/jpeg\" \/>\n<meta name=\"twitter:card\" content=\"summary_large_image\" \/>\n<meta name=\"twitter:label1\" content=\"Becs\u00fclt olvas\u00e1si id\u0151\" \/>\n\t<meta name=\"twitter:data1\" content=\"1 perc\" \/>\n<script type=\"application\/ld+json\" class=\"yoast-schema-graph\">{\"@context\":\"https:\/\/schema.org\",\"@graph\":[{\"@type\":\"WebPage\",\"@id\":\"https:\/\/grafomix.ro\/hu\/bannerek-es-nyomtatasok\/\",\"url\":\"https:\/\/grafomix.ro\/hu\/bannerek-es-nyomtatasok\/\",\"name\":\"BANNEREK \u00c9S NYOMTAT\u00c1SOK - Grafomix Targu Mures\",\"isPartOf\":{\"@id\":\"https:\/\/grafomix.ro\/#website\"},\"primaryImageOfPage\":{\"@id\":\"https:\/\/grafomix.ro\/hu\/bannerek-es-nyomtatasok\/#primaryimage\"},\"image\":{\"@id\":\"https:\/\/grafomix.ro\/hu\/bannerek-es-nyomtatasok\/#primaryimage\"},\"thumbnailUrl\":\"https:\/\/grafomix.ro\/wp-content\/uploads\/2016\/02\/print_si_bannere-1.jpg\",\"datePublished\":\"2016-02-20T21:52:38+00:00\",\"dateModified\":\"2025-12-19T08:53:17+00:00\",\"description\":\"BANNEREK \u00c9S NYOMTAT\u00c1SOK - Grafomix Targu Mures Digit\u00e1lis nyomtat\u00e1ssal k\u00e9sz\u00fcl\u0151 rekl\u00e1manyagok gy\u00e1rt\u00e1s\u00e1t v\u00e1llaljuk. Banner, mash h\u00e1l\u00f3folia, rollup\",\"breadcrumb\":{\"@id\":\"https:\/\/grafomix.ro\/hu\/bannerek-es-nyomtatasok\/#breadcrumb\"},\"inLanguage\":\"hu\",\"potentialAction\":[{\"@type\":\"ReadAction\",\"target\":[\"https:\/\/grafomix.ro\/hu\/bannerek-es-nyomtatasok\/\"]}]},{\"@type\":\"ImageObject\",\"inLanguage\":\"hu\",\"@id\":\"https:\/\/grafomix.ro\/hu\/bannerek-es-nyomtatasok\/#primaryimage\",\"url\":\"https:\/\/grafomix.ro\/wp-content\/uploads\/2016\/02\/print_si_bannere-1.jpg\",\"contentUrl\":\"https:\/\/grafomix.ro\/wp-content\/uploads\/2016\/02\/print_si_bannere-1.jpg\",\"width\":2000,\"height\":500},{\"@type\":\"BreadcrumbList\",\"@id\":\"https:\/\/grafomix.ro\/hu\/bannerek-es-nyomtatasok\/#breadcrumb\",\"itemListElement\":[{\"@type\":\"ListItem\",\"position\":1,\"name\":\"Prima pagin\u0103\",\"item\":\"https:\/\/grafomix.ro\/hu\/\"},{\"@type\":\"ListItem\",\"position\":2,\"name\":\"BANNEREK \u00c9S NYOMTAT\u00c1SOK\"}]},{\"@type\":\"WebSite\",\"@id\":\"https:\/\/grafomix.ro\/#website\",\"url\":\"https:\/\/grafomix.ro\/\",\"name\":\"Grafomix\",\"description\":\"Reclame luminoase, 3d ,litere volumetrice\",\"potentialAction\":[{\"@type\":\"SearchAction\",\"target\":{\"@type\":\"EntryPoint\",\"urlTemplate\":\"https:\/\/grafomix.ro\/?s={search_term_string}\"},\"query-input\":{\"@type\":\"PropertyValueSpecification\",\"valueRequired\":true,\"valueName\":\"search_term_string\"}}],\"inLanguage\":\"hu\"}]}<\/script>\n<!-- \/ Yoast SEO plugin. -->","yoast_head_json":{"title":"BANNEREK \u00c9S NYOMTAT\u00c1SOK - Grafomix Targu Mures","description":"BANNEREK \u00c9S NYOMTAT\u00c1SOK - Grafomix Targu Mures Digit\u00e1lis nyomtat\u00e1ssal k\u00e9sz\u00fcl\u0151 rekl\u00e1manyagok gy\u00e1rt\u00e1s\u00e1t v\u00e1llaljuk. Banner, mash h\u00e1l\u00f3folia, rollup","robots":{"index":"index","follow":"follow","max-snippet":"max-snippet:-1","max-image-preview":"max-image-preview:large","max-video-preview":"max-video-preview:-1"},"canonical":"https:\/\/grafomix.ro\/hu\/bannerek-es-nyomtatasok\/","og_locale":"hu_HU","og_type":"article","og_title":"BANNEREK \u00c9S NYOMTAT\u00c1SOK - Grafomix Targu Mures","og_description":"BANNEREK \u00c9S NYOMTAT\u00c1SOK - Grafomix Targu Mures Digit\u00e1lis nyomtat\u00e1ssal k\u00e9sz\u00fcl\u0151 rekl\u00e1manyagok gy\u00e1rt\u00e1s\u00e1t v\u00e1llaljuk. Banner, mash h\u00e1l\u00f3folia, rollup","og_url":"https:\/\/grafomix.ro\/hu\/bannerek-es-nyomtatasok\/","og_site_name":"Grafomix","article_modified_time":"2025-12-19T08:53:17+00:00","og_image":[{"width":2000,"height":500,"url":"https:\/\/grafomix.ro\/wp-content\/uploads\/2016\/02\/print_si_bannere-1.jpg","type":"image\/jpeg"}],"twitter_card":"summary_large_image","twitter_misc":{"Becs\u00fclt olvas\u00e1si id\u0151":"1 perc"},"schema":{"@context":"https:\/\/schema.org","@graph":[{"@type":"WebPage","@id":"https:\/\/grafomix.ro\/hu\/bannerek-es-nyomtatasok\/","url":"https:\/\/grafomix.ro\/hu\/bannerek-es-nyomtatasok\/","name":"BANNEREK \u00c9S NYOMTAT\u00c1SOK - Grafomix Targu Mures","isPartOf":{"@id":"https:\/\/grafomix.ro\/#website"},"primaryImageOfPage":{"@id":"https:\/\/grafomix.ro\/hu\/bannerek-es-nyomtatasok\/#primaryimage"},"image":{"@id":"https:\/\/grafomix.ro\/hu\/bannerek-es-nyomtatasok\/#primaryimage"},"thumbnailUrl":"https:\/\/grafomix.ro\/wp-content\/uploads\/2016\/02\/print_si_bannere-1.jpg","datePublished":"2016-02-20T21:52:38+00:00","dateModified":"2025-12-19T08:53:17+00:00","description":"BANNEREK \u00c9S NYOMTAT\u00c1SOK - Grafomix Targu Mures Digit\u00e1lis nyomtat\u00e1ssal k\u00e9sz\u00fcl\u0151 rekl\u00e1manyagok gy\u00e1rt\u00e1s\u00e1t v\u00e1llaljuk. Banner, mash h\u00e1l\u00f3folia, rollup","breadcrumb":{"@id":"https:\/\/grafomix.ro\/hu\/bannerek-es-nyomtatasok\/#breadcrumb"},"inLanguage":"hu","potentialAction":[{"@type":"ReadAction","target":["https:\/\/grafomix.ro\/hu\/bannerek-es-nyomtatasok\/"]}]},{"@type":"ImageObject","inLanguage":"hu","@id":"https:\/\/grafomix.ro\/hu\/bannerek-es-nyomtatasok\/#primaryimage","url":"https:\/\/grafomix.ro\/wp-content\/uploads\/2016\/02\/print_si_bannere-1.jpg","contentUrl":"https:\/\/grafomix.ro\/wp-content\/uploads\/2016\/02\/print_si_bannere-1.jpg","width":2000,"height":500},{"@type":"BreadcrumbList","@id":"https:\/\/grafomix.ro\/hu\/bannerek-es-nyomtatasok\/#breadcrumb","itemListElement":[{"@type":"ListItem","position":1,"name":"Prima pagin\u0103","item":"https:\/\/grafomix.ro\/hu\/"},{"@type":"ListItem","position":2,"name":"BANNEREK \u00c9S NYOMTAT\u00c1SOK"}]},{"@type":"WebSite","@id":"https:\/\/grafomix.ro\/#website","url":"https:\/\/grafomix.ro\/","name":"Grafomix","description":"Reclame luminoase, 3d ,litere volumetrice","potentialAction":[{"@type":"SearchAction","target":{"@type":"EntryPoint","urlTemplate":"https:\/\/grafomix.ro\/?s={search_term_string}"},"query-input":{"@type":"PropertyValueSpecification","valueRequired":true,"valueName":"search_term_string"}}],"inLanguage":"hu"}]}},"_links":{"self":[{"href":"https:\/\/grafomix.ro\/hu\/wp-json\/wp\/v2\/pages\/2987","targetHints":{"allow":["GET"]}}],"collection":[{"href":"https:\/\/grafomix.ro\/hu\/wp-json\/wp\/v2\/pages"}],"about":[{"href":"https:\/\/grafomix.ro\/hu\/wp-json\/wp\/v2\/types\/page"}],"author":[{"embeddable":true,"href":"https:\/\/grafomix.ro\/hu\/wp-json\/wp\/v2\/users\/1"}],"replies":[{"embeddable":true,"href":"https:\/\/grafomix.ro\/hu\/wp-json\/wp\/v2\/comments?post=2987"}],"version-history":[{"count":4,"href":"https:\/\/grafomix.ro\/hu\/wp-json\/wp\/v2\/pages\/2987\/revisions"}],"predecessor-version":[{"id":10476,"href":"https:\/\/grafomix.ro\/hu\/wp-json\/wp\/v2\/pages\/2987\/revisions\/10476"}],"wp:featuredmedia":[{"embeddable":true,"href":"https:\/\/grafomix.ro\/hu\/wp-json\/wp\/v2\/media\/7753"}],"wp:attachment":[{"href":"https:\/\/grafomix.ro\/hu\/wp-json\/wp\/v2\/media?parent=2987"}],"curies":[{"name":"wp","href":"https:\/\/api.w.org\/{rel}","templated":true}]}}