{"id":2986,"date":"2016-02-20T21:52:56","date_gmt":"2016-02-20T21:52:56","guid":{"rendered":"http:\/\/grafomix.ro\/\/tampografie\/"},"modified":"2023-09-11T12:36:28","modified_gmt":"2023-09-11T09:36:28","slug":"tampografie","status":"publish","type":"page","link":"https:\/\/grafomix.ro\/hu\/tampografie\/","title":{"rendered":"Tampografie"},"content":{"rendered":"<p>TAMPOGRAFIE<\/p>\n<p>Tampopgrafiere este o modalitate de imprimare cu vopsea pe orice fel de suprafata bombata sau plana<br \/>\n(pix, brichete, telefon, sapun, brelocuri,sau chiar si minge de ping pong, globuri, siringi, mouse, agende, tastatura calculatoare, sigurante, etc)<\/p>\n<ul>\n<li>tampografierea se poate realiza intr-o culoare sau mai multe culori<\/li>\n<li>se realizeaza cu vopsea speciala<\/li>\n<li>se poate imprima si pe obiecte din sticla, ceramica sau plastic<\/li>\n<\/ul>\n<p>GRAVURA COMPUTERIZATA<\/p>\n<ul>\n<li>se pot decupa litere din plexid sau PVC cu adancime de pana la 2 cm<\/li>\n<li>se pot grava in material plexid, alama, cupru, PVC, aluminiu, argint, lemn, Komatex, Forex)<\/li>\n<li>gravura se face prin gravura laser sau mecanic cu rooter<\/li>\n<li>medalii, breloc chei pt. hoteluri<\/li>\n<li style=\"text-align: left;\">afisaj usi, nume usi, inscriptii elegante birouri etc.Prin gravura cu laser se pot realiza reclame iluminate in cant, din plexid gros de 8-10 mm, care da o frumusete si eleganta literelor volumetrice<\/li>\n<\/ul>\n<p>Daca doriti tampografie, sunati la 0744-775803 si veti fi preluat de unul din specialistii nostri care va elabora un proiect sau puteti veni la sediul nostru din Targu Mures, str. Budai Antal nr. 8.<\/p>\n","protected":false},"excerpt":{"rendered":"<p>TAMPOGRAFIE Tampopgrafiere este o modalitate de imprimare cu vopsea pe orice fel de suprafata bombata sau plana (pix, brichete, telefon, sapun, brelocuri,sau chiar si minge de ping pong, globuri, siringi, mouse, agende, tastatura calculatoare, sigurante, etc) tampografierea se poate realiza intr-o culoare sau mai multe culori se realizeaza cu vopsea speciala se poate imprima si [&hellip;]<\/p>\n","protected":false},"author":1,"featured_media":3846,"parent":0,"menu_order":0,"comment_status":"closed","ping_status":"closed","template":"template-portfolio.php","meta":{"_acf_changed":false,"footnotes":""},"class_list":["post-2986","page","type-page","status-publish","has-post-thumbnail","hentry"],"acf":[],"yoast_head":"<!-- This site is optimized with the Yoast SEO plugin v27.1.1 - https:\/\/yoast.com\/product\/yoast-seo-wordpress\/ -->\n<title>Tampografie - Grafomix Targu Mures<\/title>\n<meta name=\"description\" content=\"Tampografie - Grafomix Targu Mures Tampopgrafiere este o modalitate de imprimare cu vopsea pe orice fel de suprafata bombata sau plana (pix, brichete,\" \/>\n<meta name=\"robots\" content=\"index, follow, max-snippet:-1, max-image-preview:large, max-video-preview:-1\" \/>\n<link rel=\"canonical\" href=\"https:\/\/grafomix.ro\/hu\/tampografie\/\" \/>\n<meta property=\"og:locale\" content=\"hu_HU\" \/>\n<meta property=\"og:type\" content=\"article\" \/>\n<meta property=\"og:title\" content=\"Tampografie - Grafomix Targu Mures\" \/>\n<meta property=\"og:description\" content=\"Tampografie - Grafomix Targu Mures Tampopgrafiere este o modalitate de imprimare cu vopsea pe orice fel de suprafata bombata sau plana (pix, brichete,\" \/>\n<meta property=\"og:url\" content=\"https:\/\/grafomix.ro\/hu\/tampografie\/\" \/>\n<meta property=\"og:site_name\" content=\"Grafomix\" \/>\n<meta property=\"article:modified_time\" content=\"2023-09-11T09:36:28+00:00\" \/>\n<meta property=\"og:image\" content=\"https:\/\/grafomix.ro\/wp-content\/uploads\/2016\/02\/Tampopgrafie-Pahare-2.jpg\" \/>\n\t<meta property=\"og:image:width\" content=\"880\" \/>\n\t<meta property=\"og:image:height\" content=\"660\" \/>\n\t<meta property=\"og:image:type\" content=\"image\/jpeg\" \/>\n<meta name=\"twitter:card\" content=\"summary_large_image\" \/>\n<meta name=\"twitter:label1\" content=\"Becs\u00fclt olvas\u00e1si id\u0151\" \/>\n\t<meta name=\"twitter:data1\" content=\"1 perc\" \/>\n<script type=\"application\/ld+json\" class=\"yoast-schema-graph\">{\"@context\":\"https:\/\/schema.org\",\"@graph\":[{\"@type\":\"WebPage\",\"@id\":\"https:\/\/grafomix.ro\/hu\/tampografie\/\",\"url\":\"https:\/\/grafomix.ro\/hu\/tampografie\/\",\"name\":\"Tampografie - Grafomix Targu Mures\",\"isPartOf\":{\"@id\":\"https:\/\/grafomix.ro\/#website\"},\"primaryImageOfPage\":{\"@id\":\"https:\/\/grafomix.ro\/hu\/tampografie\/#primaryimage\"},\"image\":{\"@id\":\"https:\/\/grafomix.ro\/hu\/tampografie\/#primaryimage\"},\"thumbnailUrl\":\"https:\/\/grafomix.ro\/wp-content\/uploads\/2016\/02\/Tampopgrafie-Pahare-2.jpg\",\"datePublished\":\"2016-02-20T21:52:56+00:00\",\"dateModified\":\"2023-09-11T09:36:28+00:00\",\"description\":\"Tampografie - Grafomix Targu Mures Tampopgrafiere este o modalitate de imprimare cu vopsea pe orice fel de suprafata bombata sau plana (pix, brichete,\",\"breadcrumb\":{\"@id\":\"https:\/\/grafomix.ro\/hu\/tampografie\/#breadcrumb\"},\"inLanguage\":\"hu\",\"potentialAction\":[{\"@type\":\"ReadAction\",\"target\":[\"https:\/\/grafomix.ro\/hu\/tampografie\/\"]}]},{\"@type\":\"ImageObject\",\"inLanguage\":\"hu\",\"@id\":\"https:\/\/grafomix.ro\/hu\/tampografie\/#primaryimage\",\"url\":\"https:\/\/grafomix.ro\/wp-content\/uploads\/2016\/02\/Tampopgrafie-Pahare-2.jpg\",\"contentUrl\":\"https:\/\/grafomix.ro\/wp-content\/uploads\/2016\/02\/Tampopgrafie-Pahare-2.jpg\",\"width\":880,\"height\":660},{\"@type\":\"BreadcrumbList\",\"@id\":\"https:\/\/grafomix.ro\/hu\/tampografie\/#breadcrumb\",\"itemListElement\":[{\"@type\":\"ListItem\",\"position\":1,\"name\":\"Prima pagin\u0103\",\"item\":\"https:\/\/grafomix.ro\/hu\/\"},{\"@type\":\"ListItem\",\"position\":2,\"name\":\"Tampografie\"}]},{\"@type\":\"WebSite\",\"@id\":\"https:\/\/grafomix.ro\/#website\",\"url\":\"https:\/\/grafomix.ro\/\",\"name\":\"Grafomix\",\"description\":\"Reclame luminoase, 3d ,litere volumetrice\",\"potentialAction\":[{\"@type\":\"SearchAction\",\"target\":{\"@type\":\"EntryPoint\",\"urlTemplate\":\"https:\/\/grafomix.ro\/?s={search_term_string}\"},\"query-input\":{\"@type\":\"PropertyValueSpecification\",\"valueRequired\":true,\"valueName\":\"search_term_string\"}}],\"inLanguage\":\"hu\"}]}<\/script>\n<!-- \/ Yoast SEO plugin. -->","yoast_head_json":{"title":"Tampografie - Grafomix Targu Mures","description":"Tampografie - Grafomix Targu Mures Tampopgrafiere este o modalitate de imprimare cu vopsea pe orice fel de suprafata bombata sau plana (pix, brichete,","robots":{"index":"index","follow":"follow","max-snippet":"max-snippet:-1","max-image-preview":"max-image-preview:large","max-video-preview":"max-video-preview:-1"},"canonical":"https:\/\/grafomix.ro\/hu\/tampografie\/","og_locale":"hu_HU","og_type":"article","og_title":"Tampografie - Grafomix Targu Mures","og_description":"Tampografie - Grafomix Targu Mures Tampopgrafiere este o modalitate de imprimare cu vopsea pe orice fel de suprafata bombata sau plana (pix, brichete,","og_url":"https:\/\/grafomix.ro\/hu\/tampografie\/","og_site_name":"Grafomix","article_modified_time":"2023-09-11T09:36:28+00:00","og_image":[{"width":880,"height":660,"url":"https:\/\/grafomix.ro\/wp-content\/uploads\/2016\/02\/Tampopgrafie-Pahare-2.jpg","type":"image\/jpeg"}],"twitter_card":"summary_large_image","twitter_misc":{"Becs\u00fclt olvas\u00e1si id\u0151":"1 perc"},"schema":{"@context":"https:\/\/schema.org","@graph":[{"@type":"WebPage","@id":"https:\/\/grafomix.ro\/hu\/tampografie\/","url":"https:\/\/grafomix.ro\/hu\/tampografie\/","name":"Tampografie - Grafomix Targu Mures","isPartOf":{"@id":"https:\/\/grafomix.ro\/#website"},"primaryImageOfPage":{"@id":"https:\/\/grafomix.ro\/hu\/tampografie\/#primaryimage"},"image":{"@id":"https:\/\/grafomix.ro\/hu\/tampografie\/#primaryimage"},"thumbnailUrl":"https:\/\/grafomix.ro\/wp-content\/uploads\/2016\/02\/Tampopgrafie-Pahare-2.jpg","datePublished":"2016-02-20T21:52:56+00:00","dateModified":"2023-09-11T09:36:28+00:00","description":"Tampografie - Grafomix Targu Mures Tampopgrafiere este o modalitate de imprimare cu vopsea pe orice fel de suprafata bombata sau plana (pix, brichete,","breadcrumb":{"@id":"https:\/\/grafomix.ro\/hu\/tampografie\/#breadcrumb"},"inLanguage":"hu","potentialAction":[{"@type":"ReadAction","target":["https:\/\/grafomix.ro\/hu\/tampografie\/"]}]},{"@type":"ImageObject","inLanguage":"hu","@id":"https:\/\/grafomix.ro\/hu\/tampografie\/#primaryimage","url":"https:\/\/grafomix.ro\/wp-content\/uploads\/2016\/02\/Tampopgrafie-Pahare-2.jpg","contentUrl":"https:\/\/grafomix.ro\/wp-content\/uploads\/2016\/02\/Tampopgrafie-Pahare-2.jpg","width":880,"height":660},{"@type":"BreadcrumbList","@id":"https:\/\/grafomix.ro\/hu\/tampografie\/#breadcrumb","itemListElement":[{"@type":"ListItem","position":1,"name":"Prima pagin\u0103","item":"https:\/\/grafomix.ro\/hu\/"},{"@type":"ListItem","position":2,"name":"Tampografie"}]},{"@type":"WebSite","@id":"https:\/\/grafomix.ro\/#website","url":"https:\/\/grafomix.ro\/","name":"Grafomix","description":"Reclame luminoase, 3d ,litere volumetrice","potentialAction":[{"@type":"SearchAction","target":{"@type":"EntryPoint","urlTemplate":"https:\/\/grafomix.ro\/?s={search_term_string}"},"query-input":{"@type":"PropertyValueSpecification","valueRequired":true,"valueName":"search_term_string"}}],"inLanguage":"hu"}]}},"_links":{"self":[{"href":"https:\/\/grafomix.ro\/hu\/wp-json\/wp\/v2\/pages\/2986","targetHints":{"allow":["GET"]}}],"collection":[{"href":"https:\/\/grafomix.ro\/hu\/wp-json\/wp\/v2\/pages"}],"about":[{"href":"https:\/\/grafomix.ro\/hu\/wp-json\/wp\/v2\/types\/page"}],"author":[{"embeddable":true,"href":"https:\/\/grafomix.ro\/hu\/wp-json\/wp\/v2\/users\/1"}],"replies":[{"embeddable":true,"href":"https:\/\/grafomix.ro\/hu\/wp-json\/wp\/v2\/comments?post=2986"}],"version-history":[{"count":2,"href":"https:\/\/grafomix.ro\/hu\/wp-json\/wp\/v2\/pages\/2986\/revisions"}],"predecessor-version":[{"id":10000,"href":"https:\/\/grafomix.ro\/hu\/wp-json\/wp\/v2\/pages\/2986\/revisions\/10000"}],"wp:featuredmedia":[{"embeddable":true,"href":"https:\/\/grafomix.ro\/hu\/wp-json\/wp\/v2\/media\/3846"}],"wp:attachment":[{"href":"https:\/\/grafomix.ro\/hu\/wp-json\/wp\/v2\/media?parent=2986"}],"curies":[{"name":"wp","href":"https:\/\/api.w.org\/{rel}","templated":true}]}}