{"id":2985,"date":"2016-02-20T21:53:24","date_gmt":"2016-02-20T18:53:24","guid":{"rendered":"http:\/\/grafomix.ro\/\/totemuri-luminoase\/"},"modified":"2021-05-19T18:09:51","modified_gmt":"2021-05-19T15:09:51","slug":"allo-reklamok","status":"publish","type":"page","link":"https:\/\/grafomix.ro\/hu\/allo-reklamok\/","title":{"rendered":"\u00c1LL\u00d3 REKL\u00c1MOK"},"content":{"rendered":"<h2 class=\"Body\"><strong>MEGVIL\u00c1G\u00cdTOTT TOTEMEK<\/strong><\/h2>\n<p class=\"Body\">Speci\u00e1lis aluminiumprofilb\u00f3l k\u00e9sz\u00fclnek, k\u00e9t el\u0151lapjuk meghajl\u00edtott plexidb\u0151l, polikarbon\u00e1tb\u00f3l vagy alukobondb\u00f3l. A totemek magas, eleg\u00e1ns alakja k\u00fcl\u00f6nlegesen sz\u00e9p l\u00e1tv\u00e1nyt k\u00e9pez.<\/p>\n<p class=\"Body\">Technikai adatok:<\/p>\n<p class=\"Body\">Maxim\u00e1lis m\u00e9retek:<\/p>\n<ul>\n<li class=\"Body\">3&#215;1,5 m plexid el\u0151lapb\u00f3l<\/li>\n<li class=\"Body\">6&#215;2 m polikarbon\u00e1t<\/li>\n<li class=\"Body\">Az el\u0151lapot lehet feh\u00e9r vagy szines plexidb\u0151l amit v\u00e1gott vagy nyomtatott foli\u00e1val d\u00edsz\u00edt\u00fcnk<\/li>\n<li class=\"Body\">Az elej\u00e9t volumetrikus vagy RGB ledes bet\u00fckkel is d\u00edsz\u00edthetj\u00fck<\/li>\n<\/ul>\n<p class=\"Body\">Megvil\u00e1g\u00edt\u00e1s:<\/p>\n<ul>\n<li>\n<p class=\"Body\">Leddel vagy f\u00e9nycs\u00f6vekkel.<\/p>\n<\/li>\n<\/ul>\n<p class=\"Body\">Garancia<\/p>\n<p>Ha rekl\u00e1mbet\u0171kre\u00a0 van sz\u00fcks\u00e9ge, forduljon bizalommal hozz\u00e1nk, telefonon a 0744-775803-as telefonon vagy szem\u00e9lyesen Marosv\u00e1s\u00e1rhely, Budai Nagy Antal utca 8 sz\u00e1m\u00a0 alatti sz\u00e9khely\u00fcnk\u00f6n.<\/p>\n<p>&nbsp;<\/p>\n","protected":false},"excerpt":{"rendered":"<p>MEGVIL\u00c1G\u00cdTOTT TOTEMEK Speci\u00e1lis aluminiumprofilb\u00f3l k\u00e9sz\u00fclnek, k\u00e9t el\u0151lapjuk meghajl\u00edtott plexidb\u0151l, polikarbon\u00e1tb\u00f3l vagy alukobondb\u00f3l. A totemek magas, eleg\u00e1ns alakja k\u00fcl\u00f6nlegesen sz\u00e9p l\u00e1tv\u00e1nyt k\u00e9pez. Technikai adatok: Maxim\u00e1lis m\u00e9retek: 3&#215;1,5 m plexid el\u0151lapb\u00f3l 6&#215;2 m polikarbon\u00e1t Az el\u0151lapot lehet feh\u00e9r vagy szines plexidb\u0151l amit v\u00e1gott vagy nyomtatott foli\u00e1val d\u00edsz\u00edt\u00fcnk Az elej\u00e9t volumetrikus vagy RGB ledes bet\u00fckkel is d\u00edsz\u00edthetj\u00fck Megvil\u00e1g\u00edt\u00e1s: [&hellip;]<\/p>\n","protected":false},"author":1,"featured_media":5275,"parent":0,"menu_order":0,"comment_status":"closed","ping_status":"closed","template":"template-portfolio.php","meta":{"_acf_changed":false,"footnotes":""},"class_list":["post-2985","page","type-page","status-publish","has-post-thumbnail","hentry"],"acf":[],"yoast_head":"<!-- This site is optimized with the Yoast SEO plugin v27.1.1 - https:\/\/yoast.com\/product\/yoast-seo-wordpress\/ -->\n<title>MEGVIL\u00c1G\u00cdTOTT TOTEMEK - Grafomix<\/title>\n<meta name=\"description\" content=\"MEGVIL\u00c1G\u00cdTOTT TOTEMEK Grafomix Targu Mures. Speci\u00e1lis aluminiumprofilb\u00f3l k\u00e9sz\u00fclnek, k\u00e9t el\u0151lapjuk meghajl\u00edtott plexidb\u0151l, polikarbon\u00e1tb\u00f3l vagy alukobondb\u00f3l.\" \/>\n<meta name=\"robots\" content=\"index, follow, max-snippet:-1, max-image-preview:large, max-video-preview:-1\" \/>\n<link rel=\"canonical\" href=\"https:\/\/grafomix.ro\/hu\/allo-reklamok\/\" \/>\n<meta property=\"og:locale\" content=\"hu_HU\" \/>\n<meta property=\"og:type\" content=\"article\" \/>\n<meta property=\"og:title\" content=\"MEGVIL\u00c1G\u00cdTOTT TOTEMEK - Grafomix\" \/>\n<meta property=\"og:description\" content=\"MEGVIL\u00c1G\u00cdTOTT TOTEMEK Grafomix Targu Mures. Speci\u00e1lis aluminiumprofilb\u00f3l k\u00e9sz\u00fclnek, k\u00e9t el\u0151lapjuk meghajl\u00edtott plexidb\u0151l, polikarbon\u00e1tb\u00f3l vagy alukobondb\u00f3l.\" \/>\n<meta property=\"og:url\" content=\"https:\/\/grafomix.ro\/hu\/allo-reklamok\/\" \/>\n<meta property=\"og:site_name\" content=\"Grafomix\" \/>\n<meta property=\"article:modified_time\" content=\"2021-05-19T15:09:51+00:00\" \/>\n<meta property=\"og:image\" content=\"https:\/\/grafomix.ro\/wp-content\/uploads\/2016\/02\/totemuri_luminoase_mures.jpg\" \/>\n\t<meta property=\"og:image:width\" content=\"2000\" \/>\n\t<meta property=\"og:image:height\" content=\"500\" \/>\n\t<meta property=\"og:image:type\" content=\"image\/jpeg\" \/>\n<meta name=\"twitter:card\" content=\"summary_large_image\" \/>\n<meta name=\"twitter:label1\" content=\"Becs\u00fclt olvas\u00e1si id\u0151\" \/>\n\t<meta name=\"twitter:data1\" content=\"1 perc\" \/>\n<script type=\"application\/ld+json\" class=\"yoast-schema-graph\">{\"@context\":\"https:\/\/schema.org\",\"@graph\":[{\"@type\":\"WebPage\",\"@id\":\"https:\/\/grafomix.ro\/hu\/allo-reklamok\/\",\"url\":\"https:\/\/grafomix.ro\/hu\/allo-reklamok\/\",\"name\":\"MEGVIL\u00c1G\u00cdTOTT TOTEMEK - Grafomix\",\"isPartOf\":{\"@id\":\"https:\/\/grafomix.ro\/#website\"},\"primaryImageOfPage\":{\"@id\":\"https:\/\/grafomix.ro\/hu\/allo-reklamok\/#primaryimage\"},\"image\":{\"@id\":\"https:\/\/grafomix.ro\/hu\/allo-reklamok\/#primaryimage\"},\"thumbnailUrl\":\"https:\/\/grafomix.ro\/wp-content\/uploads\/2016\/02\/totemuri_luminoase_mures.jpg\",\"datePublished\":\"2016-02-20T18:53:24+00:00\",\"dateModified\":\"2021-05-19T15:09:51+00:00\",\"description\":\"MEGVIL\u00c1G\u00cdTOTT TOTEMEK Grafomix Targu Mures. Speci\u00e1lis aluminiumprofilb\u00f3l k\u00e9sz\u00fclnek, k\u00e9t el\u0151lapjuk meghajl\u00edtott plexidb\u0151l, polikarbon\u00e1tb\u00f3l vagy alukobondb\u00f3l.\",\"breadcrumb\":{\"@id\":\"https:\/\/grafomix.ro\/hu\/allo-reklamok\/#breadcrumb\"},\"inLanguage\":\"hu\",\"potentialAction\":[{\"@type\":\"ReadAction\",\"target\":[\"https:\/\/grafomix.ro\/hu\/allo-reklamok\/\"]}]},{\"@type\":\"ImageObject\",\"inLanguage\":\"hu\",\"@id\":\"https:\/\/grafomix.ro\/hu\/allo-reklamok\/#primaryimage\",\"url\":\"https:\/\/grafomix.ro\/wp-content\/uploads\/2016\/02\/totemuri_luminoase_mures.jpg\",\"contentUrl\":\"https:\/\/grafomix.ro\/wp-content\/uploads\/2016\/02\/totemuri_luminoase_mures.jpg\",\"width\":2000,\"height\":500},{\"@type\":\"BreadcrumbList\",\"@id\":\"https:\/\/grafomix.ro\/hu\/allo-reklamok\/#breadcrumb\",\"itemListElement\":[{\"@type\":\"ListItem\",\"position\":1,\"name\":\"Prima pagin\u0103\",\"item\":\"https:\/\/grafomix.ro\/hu\/\"},{\"@type\":\"ListItem\",\"position\":2,\"name\":\"\u00c1LL\u00d3 REKL\u00c1MOK\"}]},{\"@type\":\"WebSite\",\"@id\":\"https:\/\/grafomix.ro\/#website\",\"url\":\"https:\/\/grafomix.ro\/\",\"name\":\"Grafomix\",\"description\":\"Reclame luminoase, 3d ,litere volumetrice\",\"potentialAction\":[{\"@type\":\"SearchAction\",\"target\":{\"@type\":\"EntryPoint\",\"urlTemplate\":\"https:\/\/grafomix.ro\/?s={search_term_string}\"},\"query-input\":{\"@type\":\"PropertyValueSpecification\",\"valueRequired\":true,\"valueName\":\"search_term_string\"}}],\"inLanguage\":\"hu\"}]}<\/script>\n<!-- \/ Yoast SEO plugin. -->","yoast_head_json":{"title":"MEGVIL\u00c1G\u00cdTOTT TOTEMEK - Grafomix","description":"MEGVIL\u00c1G\u00cdTOTT TOTEMEK Grafomix Targu Mures. Speci\u00e1lis aluminiumprofilb\u00f3l k\u00e9sz\u00fclnek, k\u00e9t el\u0151lapjuk meghajl\u00edtott plexidb\u0151l, polikarbon\u00e1tb\u00f3l vagy alukobondb\u00f3l.","robots":{"index":"index","follow":"follow","max-snippet":"max-snippet:-1","max-image-preview":"max-image-preview:large","max-video-preview":"max-video-preview:-1"},"canonical":"https:\/\/grafomix.ro\/hu\/allo-reklamok\/","og_locale":"hu_HU","og_type":"article","og_title":"MEGVIL\u00c1G\u00cdTOTT TOTEMEK - Grafomix","og_description":"MEGVIL\u00c1G\u00cdTOTT TOTEMEK Grafomix Targu Mures. Speci\u00e1lis aluminiumprofilb\u00f3l k\u00e9sz\u00fclnek, k\u00e9t el\u0151lapjuk meghajl\u00edtott plexidb\u0151l, polikarbon\u00e1tb\u00f3l vagy alukobondb\u00f3l.","og_url":"https:\/\/grafomix.ro\/hu\/allo-reklamok\/","og_site_name":"Grafomix","article_modified_time":"2021-05-19T15:09:51+00:00","og_image":[{"width":2000,"height":500,"url":"https:\/\/grafomix.ro\/wp-content\/uploads\/2016\/02\/totemuri_luminoase_mures.jpg","type":"image\/jpeg"}],"twitter_card":"summary_large_image","twitter_misc":{"Becs\u00fclt olvas\u00e1si id\u0151":"1 perc"},"schema":{"@context":"https:\/\/schema.org","@graph":[{"@type":"WebPage","@id":"https:\/\/grafomix.ro\/hu\/allo-reklamok\/","url":"https:\/\/grafomix.ro\/hu\/allo-reklamok\/","name":"MEGVIL\u00c1G\u00cdTOTT TOTEMEK - Grafomix","isPartOf":{"@id":"https:\/\/grafomix.ro\/#website"},"primaryImageOfPage":{"@id":"https:\/\/grafomix.ro\/hu\/allo-reklamok\/#primaryimage"},"image":{"@id":"https:\/\/grafomix.ro\/hu\/allo-reklamok\/#primaryimage"},"thumbnailUrl":"https:\/\/grafomix.ro\/wp-content\/uploads\/2016\/02\/totemuri_luminoase_mures.jpg","datePublished":"2016-02-20T18:53:24+00:00","dateModified":"2021-05-19T15:09:51+00:00","description":"MEGVIL\u00c1G\u00cdTOTT TOTEMEK Grafomix Targu Mures. Speci\u00e1lis aluminiumprofilb\u00f3l k\u00e9sz\u00fclnek, k\u00e9t el\u0151lapjuk meghajl\u00edtott plexidb\u0151l, polikarbon\u00e1tb\u00f3l vagy alukobondb\u00f3l.","breadcrumb":{"@id":"https:\/\/grafomix.ro\/hu\/allo-reklamok\/#breadcrumb"},"inLanguage":"hu","potentialAction":[{"@type":"ReadAction","target":["https:\/\/grafomix.ro\/hu\/allo-reklamok\/"]}]},{"@type":"ImageObject","inLanguage":"hu","@id":"https:\/\/grafomix.ro\/hu\/allo-reklamok\/#primaryimage","url":"https:\/\/grafomix.ro\/wp-content\/uploads\/2016\/02\/totemuri_luminoase_mures.jpg","contentUrl":"https:\/\/grafomix.ro\/wp-content\/uploads\/2016\/02\/totemuri_luminoase_mures.jpg","width":2000,"height":500},{"@type":"BreadcrumbList","@id":"https:\/\/grafomix.ro\/hu\/allo-reklamok\/#breadcrumb","itemListElement":[{"@type":"ListItem","position":1,"name":"Prima pagin\u0103","item":"https:\/\/grafomix.ro\/hu\/"},{"@type":"ListItem","position":2,"name":"\u00c1LL\u00d3 REKL\u00c1MOK"}]},{"@type":"WebSite","@id":"https:\/\/grafomix.ro\/#website","url":"https:\/\/grafomix.ro\/","name":"Grafomix","description":"Reclame luminoase, 3d ,litere volumetrice","potentialAction":[{"@type":"SearchAction","target":{"@type":"EntryPoint","urlTemplate":"https:\/\/grafomix.ro\/?s={search_term_string}"},"query-input":{"@type":"PropertyValueSpecification","valueRequired":true,"valueName":"search_term_string"}}],"inLanguage":"hu"}]}},"_links":{"self":[{"href":"https:\/\/grafomix.ro\/hu\/wp-json\/wp\/v2\/pages\/2985","targetHints":{"allow":["GET"]}}],"collection":[{"href":"https:\/\/grafomix.ro\/hu\/wp-json\/wp\/v2\/pages"}],"about":[{"href":"https:\/\/grafomix.ro\/hu\/wp-json\/wp\/v2\/types\/page"}],"author":[{"embeddable":true,"href":"https:\/\/grafomix.ro\/hu\/wp-json\/wp\/v2\/users\/1"}],"replies":[{"embeddable":true,"href":"https:\/\/grafomix.ro\/hu\/wp-json\/wp\/v2\/comments?post=2985"}],"version-history":[{"count":4,"href":"https:\/\/grafomix.ro\/hu\/wp-json\/wp\/v2\/pages\/2985\/revisions"}],"predecessor-version":[{"id":9327,"href":"https:\/\/grafomix.ro\/hu\/wp-json\/wp\/v2\/pages\/2985\/revisions\/9327"}],"wp:featuredmedia":[{"embeddable":true,"href":"https:\/\/grafomix.ro\/hu\/wp-json\/wp\/v2\/media\/5275"}],"wp:attachment":[{"href":"https:\/\/grafomix.ro\/hu\/wp-json\/wp\/v2\/media?parent=2985"}],"curies":[{"name":"wp","href":"https:\/\/api.w.org\/{rel}","templated":true}]}}