{"id":2984,"date":"2017-02-08T22:18:43","date_gmt":"2017-02-08T19:18:43","guid":{"rendered":"http:\/\/grafomix.ro\/\/clientii-nostri\/"},"modified":"2021-05-19T19:13:31","modified_gmt":"2021-05-19T16:13:31","slug":"ugyfeleink","status":"publish","type":"page","link":"https:\/\/grafomix.ro\/hu\/ugyfeleink\/","title":{"rendered":"\u00dcgyfeleink"},"content":{"rendered":"<p class=\"Body\">Csak egy p\u00e1r azok k\u00f6z\u00fcl, akik hozz\u00e1nk fordultak.<\/p>\n<p class=\"Body\">\u00cdme egy p\u00e1r f\u00e9nyrekl\u00e1m \u00e9s fel\u00edrat, melyet \u00fcgyfeleinknek k\u00e9sz\u00edtett\u00fcnk:<\/p>\n","protected":false},"excerpt":{"rendered":"<p>Csak egy p\u00e1r azok k\u00f6z\u00fcl, akik hozz\u00e1nk fordultak. \u00cdme egy p\u00e1r f\u00e9nyrekl\u00e1m \u00e9s fel\u00edrat, melyet \u00fcgyfeleinknek k\u00e9sz\u00edtett\u00fcnk:<\/p>\n","protected":false},"author":1,"featured_media":0,"parent":0,"menu_order":0,"comment_status":"closed","ping_status":"closed","template":"template-customers.php","meta":{"_acf_changed":false,"footnotes":""},"class_list":["post-2984","page","type-page","status-publish","hentry"],"acf":[],"yoast_head":"<!-- This site is optimized with the Yoast SEO plugin v27.1.1 - https:\/\/yoast.com\/product\/yoast-seo-wordpress\/ -->\n<title>Csak egy p\u00e1r azok k\u00f6z\u00fcl, akik hozz\u00e1nk fordultak<\/title>\n<meta name=\"description\" content=\"Csak egy p\u00e1r azok k\u00f6z\u00fcl, akik hozz\u00e1nk fordultak\" \/>\n<meta name=\"robots\" content=\"index, follow, max-snippet:-1, max-image-preview:large, max-video-preview:-1\" \/>\n<link rel=\"canonical\" href=\"https:\/\/grafomix.ro\/hu\/ugyfeleink\/\" \/>\n<meta property=\"og:locale\" content=\"hu_HU\" \/>\n<meta property=\"og:type\" content=\"article\" \/>\n<meta property=\"og:title\" content=\"Csak egy p\u00e1r azok k\u00f6z\u00fcl, akik hozz\u00e1nk fordultak\" \/>\n<meta property=\"og:description\" content=\"Csak egy p\u00e1r azok k\u00f6z\u00fcl, akik hozz\u00e1nk fordultak\" \/>\n<meta property=\"og:url\" content=\"https:\/\/grafomix.ro\/hu\/ugyfeleink\/\" \/>\n<meta property=\"og:site_name\" content=\"Grafomix\" \/>\n<meta property=\"article:modified_time\" content=\"2021-05-19T16:13:31+00:00\" \/>\n<meta name=\"twitter:card\" content=\"summary_large_image\" \/>\n<script type=\"application\/ld+json\" class=\"yoast-schema-graph\">{\"@context\":\"https:\/\/schema.org\",\"@graph\":[{\"@type\":\"WebPage\",\"@id\":\"https:\/\/grafomix.ro\/hu\/ugyfeleink\/\",\"url\":\"https:\/\/grafomix.ro\/hu\/ugyfeleink\/\",\"name\":\"Csak egy p\u00e1r azok k\u00f6z\u00fcl, akik hozz\u00e1nk fordultak\",\"isPartOf\":{\"@id\":\"https:\/\/grafomix.ro\/#website\"},\"datePublished\":\"2017-02-08T19:18:43+00:00\",\"dateModified\":\"2021-05-19T16:13:31+00:00\",\"description\":\"Csak egy p\u00e1r azok k\u00f6z\u00fcl, akik hozz\u00e1nk fordultak\",\"breadcrumb\":{\"@id\":\"https:\/\/grafomix.ro\/hu\/ugyfeleink\/#breadcrumb\"},\"inLanguage\":\"hu\",\"potentialAction\":[{\"@type\":\"ReadAction\",\"target\":[\"https:\/\/grafomix.ro\/hu\/ugyfeleink\/\"]}]},{\"@type\":\"BreadcrumbList\",\"@id\":\"https:\/\/grafomix.ro\/hu\/ugyfeleink\/#breadcrumb\",\"itemListElement\":[{\"@type\":\"ListItem\",\"position\":1,\"name\":\"Prima pagin\u0103\",\"item\":\"https:\/\/grafomix.ro\/hu\/\"},{\"@type\":\"ListItem\",\"position\":2,\"name\":\"\u00dcgyfeleink\"}]},{\"@type\":\"WebSite\",\"@id\":\"https:\/\/grafomix.ro\/#website\",\"url\":\"https:\/\/grafomix.ro\/\",\"name\":\"Grafomix\",\"description\":\"Reclame luminoase, 3d ,litere volumetrice\",\"potentialAction\":[{\"@type\":\"SearchAction\",\"target\":{\"@type\":\"EntryPoint\",\"urlTemplate\":\"https:\/\/grafomix.ro\/?s={search_term_string}\"},\"query-input\":{\"@type\":\"PropertyValueSpecification\",\"valueRequired\":true,\"valueName\":\"search_term_string\"}}],\"inLanguage\":\"hu\"}]}<\/script>\n<!-- \/ Yoast SEO plugin. -->","yoast_head_json":{"title":"Csak egy p\u00e1r azok k\u00f6z\u00fcl, akik hozz\u00e1nk fordultak","description":"Csak egy p\u00e1r azok k\u00f6z\u00fcl, akik hozz\u00e1nk fordultak","robots":{"index":"index","follow":"follow","max-snippet":"max-snippet:-1","max-image-preview":"max-image-preview:large","max-video-preview":"max-video-preview:-1"},"canonical":"https:\/\/grafomix.ro\/hu\/ugyfeleink\/","og_locale":"hu_HU","og_type":"article","og_title":"Csak egy p\u00e1r azok k\u00f6z\u00fcl, akik hozz\u00e1nk fordultak","og_description":"Csak egy p\u00e1r azok k\u00f6z\u00fcl, akik hozz\u00e1nk fordultak","og_url":"https:\/\/grafomix.ro\/hu\/ugyfeleink\/","og_site_name":"Grafomix","article_modified_time":"2021-05-19T16:13:31+00:00","twitter_card":"summary_large_image","schema":{"@context":"https:\/\/schema.org","@graph":[{"@type":"WebPage","@id":"https:\/\/grafomix.ro\/hu\/ugyfeleink\/","url":"https:\/\/grafomix.ro\/hu\/ugyfeleink\/","name":"Csak egy p\u00e1r azok k\u00f6z\u00fcl, akik hozz\u00e1nk fordultak","isPartOf":{"@id":"https:\/\/grafomix.ro\/#website"},"datePublished":"2017-02-08T19:18:43+00:00","dateModified":"2021-05-19T16:13:31+00:00","description":"Csak egy p\u00e1r azok k\u00f6z\u00fcl, akik hozz\u00e1nk fordultak","breadcrumb":{"@id":"https:\/\/grafomix.ro\/hu\/ugyfeleink\/#breadcrumb"},"inLanguage":"hu","potentialAction":[{"@type":"ReadAction","target":["https:\/\/grafomix.ro\/hu\/ugyfeleink\/"]}]},{"@type":"BreadcrumbList","@id":"https:\/\/grafomix.ro\/hu\/ugyfeleink\/#breadcrumb","itemListElement":[{"@type":"ListItem","position":1,"name":"Prima pagin\u0103","item":"https:\/\/grafomix.ro\/hu\/"},{"@type":"ListItem","position":2,"name":"\u00dcgyfeleink"}]},{"@type":"WebSite","@id":"https:\/\/grafomix.ro\/#website","url":"https:\/\/grafomix.ro\/","name":"Grafomix","description":"Reclame luminoase, 3d ,litere volumetrice","potentialAction":[{"@type":"SearchAction","target":{"@type":"EntryPoint","urlTemplate":"https:\/\/grafomix.ro\/?s={search_term_string}"},"query-input":{"@type":"PropertyValueSpecification","valueRequired":true,"valueName":"search_term_string"}}],"inLanguage":"hu"}]}},"_links":{"self":[{"href":"https:\/\/grafomix.ro\/hu\/wp-json\/wp\/v2\/pages\/2984","targetHints":{"allow":["GET"]}}],"collection":[{"href":"https:\/\/grafomix.ro\/hu\/wp-json\/wp\/v2\/pages"}],"about":[{"href":"https:\/\/grafomix.ro\/hu\/wp-json\/wp\/v2\/types\/page"}],"author":[{"embeddable":true,"href":"https:\/\/grafomix.ro\/hu\/wp-json\/wp\/v2\/users\/1"}],"replies":[{"embeddable":true,"href":"https:\/\/grafomix.ro\/hu\/wp-json\/wp\/v2\/comments?post=2984"}],"version-history":[{"count":4,"href":"https:\/\/grafomix.ro\/hu\/wp-json\/wp\/v2\/pages\/2984\/revisions"}],"predecessor-version":[{"id":9352,"href":"https:\/\/grafomix.ro\/hu\/wp-json\/wp\/v2\/pages\/2984\/revisions\/9352"}],"wp:attachment":[{"href":"https:\/\/grafomix.ro\/hu\/wp-json\/wp\/v2\/media?parent=2984"}],"curies":[{"name":"wp","href":"https:\/\/api.w.org\/{rel}","templated":true}]}}