{"id":2981,"date":"2017-02-08T23:51:35","date_gmt":"2017-02-08T20:51:35","guid":{"rendered":"http:\/\/grafomix.ro\/\/servicii\/design-gratuit-si-manopera\/"},"modified":"2021-05-19T19:11:26","modified_gmt":"2021-05-19T16:11:26","slug":"ingyenes-tervezes-es-kivitelezes","status":"publish","type":"page","link":"https:\/\/grafomix.ro\/hu\/szolgaltatasok\/ingyenes-tervezes-es-kivitelezes\/","title":{"rendered":"Ingyenes tervez\u00e9s \u00e9s kivitelez\u00e9s"},"content":{"rendered":"<p><strong>INGYENES TERVEZ\u00c9S \u00c9S KIVITELEZ\u00c9S<\/strong><\/p>\n<h3>A rekl\u00e1mtervez\u00e9s ingyenes, rendel\u00e9s eset\u00e9n. Teljes kivitelez\u00e9st, szerel\u00e9st v\u00e1llalunk.<\/h3>\n<p>&nbsp;<\/p>\n<p class=\"Body\">J\u00f3l k\u00e9pzett, sok tapasztalattal rendelkez\u0151 szakembereink biztos\u00edtj\u00e1k a rekl\u00e1mok kiv\u00e1l\u00f3 min\u0151seggel val\u00f3 megtervez\u00e9s\u00e9t, elk\u00e9sz\u00edt\u00e9s\u00e9t, szerel\u00e9s\u00e9t, karbantart\u00e1s\u00e1t.<\/p>\n<p class=\"Body\">Munk\u00e1nknak min\u0151s\u00e9gi, perform\u00e1ns g\u00e9peinkkel felszerelt m\u00fchely\u00fcnk biztos\u00edt megfelel\u0151 h\u00e1tteret, valamint a min\u0151s\u00e9gi alapanyagok haszn\u00e1lata ny\u00fajtja elk\u00e9sz\u00edtett rekl\u00e1maink szinvonal\u00e1t.<\/p>\n<p class=\"Body\">C\u00e9g\u00fcnk teljesk\u00f6r\u0171 szolg\u00e1ltat\u00e1st ny\u00fajt \u00dcgyfeleink sz\u00e1m\u00e1ra a rekl\u00e1mipar minden ter\u00fclet\u00e9n.<\/p>\n<p>&nbsp;<\/p>\n<p><strong>Marosv\u00e1s\u00e1rhelyen \u00e9s a k\u00f6rny\u00e9ken is dolgozunk!<\/strong><\/p>\n<p>&nbsp;<\/p>\n<p>&nbsp;<\/p>\n","protected":false},"excerpt":{"rendered":"<p>INGYENES TERVEZ\u00c9S \u00c9S KIVITELEZ\u00c9S A rekl\u00e1mtervez\u00e9s ingyenes, rendel\u00e9s eset\u00e9n. Teljes kivitelez\u00e9st, szerel\u00e9st v\u00e1llalunk. &nbsp; J\u00f3l k\u00e9pzett, sok tapasztalattal rendelkez\u0151 szakembereink biztos\u00edtj\u00e1k a rekl\u00e1mok kiv\u00e1l\u00f3 min\u0151seggel val\u00f3 megtervez\u00e9s\u00e9t, elk\u00e9sz\u00edt\u00e9s\u00e9t, szerel\u00e9s\u00e9t, karbantart\u00e1s\u00e1t. Munk\u00e1nknak min\u0151s\u00e9gi, perform\u00e1ns g\u00e9peinkkel felszerelt m\u00fchely\u00fcnk biztos\u00edt megfelel\u0151 h\u00e1tteret, valamint a min\u0151s\u00e9gi alapanyagok haszn\u00e1lata ny\u00fajtja elk\u00e9sz\u00edtett rekl\u00e1maink szinvonal\u00e1t. C\u00e9g\u00fcnk teljesk\u00f6r\u0171 szolg\u00e1ltat\u00e1st ny\u00fajt \u00dcgyfeleink sz\u00e1m\u00e1ra a [&hellip;]<\/p>\n","protected":false},"author":1,"featured_media":2737,"parent":2975,"menu_order":0,"comment_status":"closed","ping_status":"closed","template":"template-servicii.php","meta":{"_acf_changed":false,"footnotes":""},"class_list":["post-2981","page","type-page","status-publish","has-post-thumbnail","hentry"],"acf":[],"yoast_head":"<!-- This site is optimized with the Yoast SEO plugin v27.1.1 - https:\/\/yoast.com\/product\/yoast-seo-wordpress\/ -->\n<title>Design gratuit si manopera pentru reclame publicitare outdoor<\/title>\n<meta name=\"description\" content=\"Design gratuit si manopera pentru reclame publicitare Outdoor. Grafomix din Targu Mures prin angajati \u0219i aparatur\u0103 de inalta performanta ofer\u0103 calitate!\" \/>\n<meta name=\"robots\" content=\"index, follow, max-snippet:-1, max-image-preview:large, max-video-preview:-1\" \/>\n<link rel=\"canonical\" href=\"https:\/\/grafomix.ro\/hu\/szolgaltatasok\/ingyenes-tervezes-es-kivitelezes\/\" \/>\n<meta property=\"og:locale\" content=\"hu_HU\" \/>\n<meta property=\"og:type\" content=\"article\" \/>\n<meta property=\"og:title\" content=\"Design gratuit si manopera pentru reclame publicitare outdoor\" \/>\n<meta property=\"og:description\" content=\"Design gratuit si manopera pentru reclame publicitare Outdoor. Grafomix din Targu Mures prin angajati \u0219i aparatur\u0103 de inalta performanta ofer\u0103 calitate!\" \/>\n<meta property=\"og:url\" content=\"https:\/\/grafomix.ro\/hu\/szolgaltatasok\/ingyenes-tervezes-es-kivitelezes\/\" \/>\n<meta property=\"og:site_name\" content=\"Grafomix\" \/>\n<meta property=\"article:modified_time\" content=\"2021-05-19T16:11:26+00:00\" \/>\n<meta property=\"og:image\" content=\"https:\/\/grafomix.ro\/wp-content\/uploads\/2017\/02\/homepage-service1.jpg\" \/>\n\t<meta property=\"og:image:width\" content=\"360\" \/>\n\t<meta property=\"og:image:height\" content=\"320\" \/>\n\t<meta property=\"og:image:type\" content=\"image\/jpeg\" \/>\n<meta name=\"twitter:card\" content=\"summary_large_image\" \/>\n<meta name=\"twitter:label1\" content=\"Becs\u00fclt olvas\u00e1si id\u0151\" \/>\n\t<meta name=\"twitter:data1\" content=\"1 perc\" \/>\n<script type=\"application\/ld+json\" class=\"yoast-schema-graph\">{\"@context\":\"https:\/\/schema.org\",\"@graph\":[{\"@type\":\"WebPage\",\"@id\":\"https:\/\/grafomix.ro\/hu\/szolgaltatasok\/ingyenes-tervezes-es-kivitelezes\/\",\"url\":\"https:\/\/grafomix.ro\/hu\/szolgaltatasok\/ingyenes-tervezes-es-kivitelezes\/\",\"name\":\"Design gratuit si manopera pentru reclame publicitare outdoor\",\"isPartOf\":{\"@id\":\"https:\/\/grafomix.ro\/#website\"},\"primaryImageOfPage\":{\"@id\":\"https:\/\/grafomix.ro\/hu\/szolgaltatasok\/ingyenes-tervezes-es-kivitelezes\/#primaryimage\"},\"image\":{\"@id\":\"https:\/\/grafomix.ro\/hu\/szolgaltatasok\/ingyenes-tervezes-es-kivitelezes\/#primaryimage\"},\"thumbnailUrl\":\"https:\/\/grafomix.ro\/wp-content\/uploads\/2017\/02\/homepage-service1.jpg\",\"datePublished\":\"2017-02-08T20:51:35+00:00\",\"dateModified\":\"2021-05-19T16:11:26+00:00\",\"description\":\"Design gratuit si manopera pentru reclame publicitare Outdoor. Grafomix din Targu Mures prin angajati \u0219i aparatur\u0103 de inalta performanta ofer\u0103 calitate!\",\"breadcrumb\":{\"@id\":\"https:\/\/grafomix.ro\/hu\/szolgaltatasok\/ingyenes-tervezes-es-kivitelezes\/#breadcrumb\"},\"inLanguage\":\"hu\",\"potentialAction\":[{\"@type\":\"ReadAction\",\"target\":[\"https:\/\/grafomix.ro\/hu\/szolgaltatasok\/ingyenes-tervezes-es-kivitelezes\/\"]}]},{\"@type\":\"ImageObject\",\"inLanguage\":\"hu\",\"@id\":\"https:\/\/grafomix.ro\/hu\/szolgaltatasok\/ingyenes-tervezes-es-kivitelezes\/#primaryimage\",\"url\":\"https:\/\/grafomix.ro\/wp-content\/uploads\/2017\/02\/homepage-service1.jpg\",\"contentUrl\":\"https:\/\/grafomix.ro\/wp-content\/uploads\/2017\/02\/homepage-service1.jpg\",\"width\":360,\"height\":320},{\"@type\":\"BreadcrumbList\",\"@id\":\"https:\/\/grafomix.ro\/hu\/szolgaltatasok\/ingyenes-tervezes-es-kivitelezes\/#breadcrumb\",\"itemListElement\":[{\"@type\":\"ListItem\",\"position\":1,\"name\":\"Prima pagin\u0103\",\"item\":\"https:\/\/grafomix.ro\/hu\/\"},{\"@type\":\"ListItem\",\"position\":2,\"name\":\"SZOLG\u00c1LTAT\u00c1SOK\",\"item\":\"https:\/\/grafomix.ro\/hu\/szolgaltatasok\/\"},{\"@type\":\"ListItem\",\"position\":3,\"name\":\"Ingyenes tervez\u00e9s \u00e9s kivitelez\u00e9s\"}]},{\"@type\":\"WebSite\",\"@id\":\"https:\/\/grafomix.ro\/#website\",\"url\":\"https:\/\/grafomix.ro\/\",\"name\":\"Grafomix\",\"description\":\"Reclame luminoase, 3d ,litere volumetrice\",\"potentialAction\":[{\"@type\":\"SearchAction\",\"target\":{\"@type\":\"EntryPoint\",\"urlTemplate\":\"https:\/\/grafomix.ro\/?s={search_term_string}\"},\"query-input\":{\"@type\":\"PropertyValueSpecification\",\"valueRequired\":true,\"valueName\":\"search_term_string\"}}],\"inLanguage\":\"hu\"}]}<\/script>\n<!-- \/ Yoast SEO plugin. -->","yoast_head_json":{"title":"Design gratuit si manopera pentru reclame publicitare outdoor","description":"Design gratuit si manopera pentru reclame publicitare Outdoor. Grafomix din Targu Mures prin angajati \u0219i aparatur\u0103 de inalta performanta ofer\u0103 calitate!","robots":{"index":"index","follow":"follow","max-snippet":"max-snippet:-1","max-image-preview":"max-image-preview:large","max-video-preview":"max-video-preview:-1"},"canonical":"https:\/\/grafomix.ro\/hu\/szolgaltatasok\/ingyenes-tervezes-es-kivitelezes\/","og_locale":"hu_HU","og_type":"article","og_title":"Design gratuit si manopera pentru reclame publicitare outdoor","og_description":"Design gratuit si manopera pentru reclame publicitare Outdoor. Grafomix din Targu Mures prin angajati \u0219i aparatur\u0103 de inalta performanta ofer\u0103 calitate!","og_url":"https:\/\/grafomix.ro\/hu\/szolgaltatasok\/ingyenes-tervezes-es-kivitelezes\/","og_site_name":"Grafomix","article_modified_time":"2021-05-19T16:11:26+00:00","og_image":[{"width":360,"height":320,"url":"https:\/\/grafomix.ro\/wp-content\/uploads\/2017\/02\/homepage-service1.jpg","type":"image\/jpeg"}],"twitter_card":"summary_large_image","twitter_misc":{"Becs\u00fclt olvas\u00e1si id\u0151":"1 perc"},"schema":{"@context":"https:\/\/schema.org","@graph":[{"@type":"WebPage","@id":"https:\/\/grafomix.ro\/hu\/szolgaltatasok\/ingyenes-tervezes-es-kivitelezes\/","url":"https:\/\/grafomix.ro\/hu\/szolgaltatasok\/ingyenes-tervezes-es-kivitelezes\/","name":"Design gratuit si manopera pentru reclame publicitare outdoor","isPartOf":{"@id":"https:\/\/grafomix.ro\/#website"},"primaryImageOfPage":{"@id":"https:\/\/grafomix.ro\/hu\/szolgaltatasok\/ingyenes-tervezes-es-kivitelezes\/#primaryimage"},"image":{"@id":"https:\/\/grafomix.ro\/hu\/szolgaltatasok\/ingyenes-tervezes-es-kivitelezes\/#primaryimage"},"thumbnailUrl":"https:\/\/grafomix.ro\/wp-content\/uploads\/2017\/02\/homepage-service1.jpg","datePublished":"2017-02-08T20:51:35+00:00","dateModified":"2021-05-19T16:11:26+00:00","description":"Design gratuit si manopera pentru reclame publicitare Outdoor. Grafomix din Targu Mures prin angajati \u0219i aparatur\u0103 de inalta performanta ofer\u0103 calitate!","breadcrumb":{"@id":"https:\/\/grafomix.ro\/hu\/szolgaltatasok\/ingyenes-tervezes-es-kivitelezes\/#breadcrumb"},"inLanguage":"hu","potentialAction":[{"@type":"ReadAction","target":["https:\/\/grafomix.ro\/hu\/szolgaltatasok\/ingyenes-tervezes-es-kivitelezes\/"]}]},{"@type":"ImageObject","inLanguage":"hu","@id":"https:\/\/grafomix.ro\/hu\/szolgaltatasok\/ingyenes-tervezes-es-kivitelezes\/#primaryimage","url":"https:\/\/grafomix.ro\/wp-content\/uploads\/2017\/02\/homepage-service1.jpg","contentUrl":"https:\/\/grafomix.ro\/wp-content\/uploads\/2017\/02\/homepage-service1.jpg","width":360,"height":320},{"@type":"BreadcrumbList","@id":"https:\/\/grafomix.ro\/hu\/szolgaltatasok\/ingyenes-tervezes-es-kivitelezes\/#breadcrumb","itemListElement":[{"@type":"ListItem","position":1,"name":"Prima pagin\u0103","item":"https:\/\/grafomix.ro\/hu\/"},{"@type":"ListItem","position":2,"name":"SZOLG\u00c1LTAT\u00c1SOK","item":"https:\/\/grafomix.ro\/hu\/szolgaltatasok\/"},{"@type":"ListItem","position":3,"name":"Ingyenes tervez\u00e9s \u00e9s kivitelez\u00e9s"}]},{"@type":"WebSite","@id":"https:\/\/grafomix.ro\/#website","url":"https:\/\/grafomix.ro\/","name":"Grafomix","description":"Reclame luminoase, 3d ,litere volumetrice","potentialAction":[{"@type":"SearchAction","target":{"@type":"EntryPoint","urlTemplate":"https:\/\/grafomix.ro\/?s={search_term_string}"},"query-input":{"@type":"PropertyValueSpecification","valueRequired":true,"valueName":"search_term_string"}}],"inLanguage":"hu"}]}},"_links":{"self":[{"href":"https:\/\/grafomix.ro\/hu\/wp-json\/wp\/v2\/pages\/2981","targetHints":{"allow":["GET"]}}],"collection":[{"href":"https:\/\/grafomix.ro\/hu\/wp-json\/wp\/v2\/pages"}],"about":[{"href":"https:\/\/grafomix.ro\/hu\/wp-json\/wp\/v2\/types\/page"}],"author":[{"embeddable":true,"href":"https:\/\/grafomix.ro\/hu\/wp-json\/wp\/v2\/users\/1"}],"replies":[{"embeddable":true,"href":"https:\/\/grafomix.ro\/hu\/wp-json\/wp\/v2\/comments?post=2981"}],"version-history":[{"count":3,"href":"https:\/\/grafomix.ro\/hu\/wp-json\/wp\/v2\/pages\/2981\/revisions"}],"predecessor-version":[{"id":9351,"href":"https:\/\/grafomix.ro\/hu\/wp-json\/wp\/v2\/pages\/2981\/revisions\/9351"}],"up":[{"embeddable":true,"href":"https:\/\/grafomix.ro\/hu\/wp-json\/wp\/v2\/pages\/2975"}],"wp:featuredmedia":[{"embeddable":true,"href":"https:\/\/grafomix.ro\/hu\/wp-json\/wp\/v2\/media\/2737"}],"wp:attachment":[{"href":"https:\/\/grafomix.ro\/hu\/wp-json\/wp\/v2\/media?parent=2981"}],"curies":[{"name":"wp","href":"https:\/\/api.w.org\/{rel}","templated":true}]}}