{"id":2980,"date":"2017-02-08T23:52:20","date_gmt":"2017-02-08T20:52:20","guid":{"rendered":"http:\/\/grafomix.ro\/\/servicii\/asiguram-montajul\/"},"modified":"2021-05-19T18:04:15","modified_gmt":"2021-05-19T15:04:15","slug":"reklamok-szereleset-is-vallaljuk","status":"publish","type":"page","link":"https:\/\/grafomix.ro\/hu\/szolgaltatasok\/reklamok-szereleset-is-vallaljuk\/","title":{"rendered":"Rekl\u00e1mok szerel\u00e9s\u00e9t is v\u00e1llaljuk"},"content":{"rendered":"<h3>Asiguram montajul pentru reclamele sau panourile publicitare comandate indiferent de inaltime si dimensiune.<\/h3>\n<p>Din 2001 incoace am aflat o mare parte din nevoile voastre si de aceea am reusit sa cream o echipa care sa poata face oricarei provocari.<\/p>\n<p>Personalul nostru specializat se poate ocupa de partea electrica pentru panourile publicitare, putem actiona la inaltime (hoteluri, pensiuni, cladiri de birouri) avand la dispozitie si o echipa de alpinisti certificati.<\/p>\n<p>Toate lucrarile noastre au garantie, asadar daca ai probleme in perioada de garantie, iti oferim asistenta si efectuam schimburi de becuri, led-uri, print, putem face modificari si multe altele.<\/p>\n<p>Aria noastra de activitate este Targu Mures dar efectuam si lucrari in afara localitatii si imprejurimi.<\/p>\n<p>Tu doresti un montaj reclame de publicitate de calitate, iar noi iti oferim!<\/p>\n<p style=\"text-align: justify; line-height: 19.5pt; background: white; margin: 26.25pt 0in 26.25pt 0in;\"><span style=\"font-family: 'Open Sans','sans-serif'; color: #656565;\">Vino la intalnire cu noi s<\/span><span style=\"font-family: 'Open Sans','sans-serif'; color: #656565;\">au lasa-ne sa iti aratam cum putem confectiona ceea ce ai tu nevoie!<\/span><\/p>\n<p style=\"text-align: justify; line-height: 19.5pt; background: white; box-sizing: inherit; font-variant-ligatures: normal; font-variant-caps: normal; orphans: 2; widows: 2; -webkit-text-stroke-width: 0px; word-spacing: 0px; margin: 26.25pt 0in 26.25pt 0in;\"><strong style=\"box-sizing: inherit;\"><span style=\"font-family: 'Open Sans','sans-serif'; color: #656565;\">De-abia asteptam sa apasi butonul de mai jos sa ne contactezi.<\/span><\/strong><\/p>\n","protected":false},"excerpt":{"rendered":"<p>Asiguram montajul pentru reclamele sau panourile publicitare comandate indiferent de inaltime si dimensiune. Din 2001 incoace am aflat o mare parte din nevoile voastre si de aceea am reusit sa cream o echipa care sa poata face oricarei provocari. Personalul nostru specializat se poate ocupa de partea electrica pentru panourile publicitare, putem actiona la inaltime [&hellip;]<\/p>\n","protected":false},"author":1,"featured_media":7521,"parent":2975,"menu_order":0,"comment_status":"closed","ping_status":"closed","template":"template-servicii.php","meta":{"_acf_changed":false,"footnotes":""},"class_list":["post-2980","page","type-page","status-publish","has-post-thumbnail","hentry"],"acf":[],"yoast_head":"<!-- This site is optimized with the Yoast SEO plugin v27.1.1 - https:\/\/yoast.com\/product\/yoast-seo-wordpress\/ -->\n<title>Montaj reclame publicitare Targu Mures si imprejurimi<\/title>\n<meta name=\"description\" content=\"Asiguram montajul pentru reclamele publicitare in Targu Mures si imprejurimi. Personalul nostru se poate ocupa de partea electrica si de panouri la inaltime\" \/>\n<meta name=\"robots\" content=\"index, follow, max-snippet:-1, max-image-preview:large, max-video-preview:-1\" \/>\n<link rel=\"canonical\" href=\"https:\/\/grafomix.ro\/hu\/szolgaltatasok\/reklamok-szereleset-is-vallaljuk\/\" \/>\n<meta property=\"og:locale\" content=\"hu_HU\" \/>\n<meta property=\"og:type\" content=\"article\" \/>\n<meta property=\"og:title\" content=\"Montaj reclame publicitare Targu Mures si imprejurimi\" \/>\n<meta property=\"og:description\" content=\"Asiguram montajul pentru reclamele publicitare in Targu Mures si imprejurimi. Personalul nostru se poate ocupa de partea electrica si de panouri la inaltime\" \/>\n<meta property=\"og:url\" content=\"https:\/\/grafomix.ro\/hu\/szolgaltatasok\/reklamok-szereleset-is-vallaljuk\/\" \/>\n<meta property=\"og:site_name\" content=\"Grafomix\" \/>\n<meta property=\"article:modified_time\" content=\"2021-05-19T15:04:15+00:00\" \/>\n<meta property=\"og:image\" content=\"https:\/\/grafomix.ro\/wp-content\/uploads\/2016\/02\/LITERE-VOLUMETRICE-LUMINOASE-Nicodeniss-1.jpg\" \/>\n\t<meta property=\"og:image:width\" content=\"640\" \/>\n\t<meta property=\"og:image:height\" content=\"480\" \/>\n\t<meta property=\"og:image:type\" content=\"image\/jpeg\" \/>\n<meta name=\"twitter:card\" content=\"summary_large_image\" \/>\n<meta name=\"twitter:label1\" content=\"Becs\u00fclt olvas\u00e1si id\u0151\" \/>\n\t<meta name=\"twitter:data1\" content=\"1 perc\" \/>\n<script type=\"application\/ld+json\" class=\"yoast-schema-graph\">{\"@context\":\"https:\/\/schema.org\",\"@graph\":[{\"@type\":\"WebPage\",\"@id\":\"https:\/\/grafomix.ro\/hu\/szolgaltatasok\/reklamok-szereleset-is-vallaljuk\/\",\"url\":\"https:\/\/grafomix.ro\/hu\/szolgaltatasok\/reklamok-szereleset-is-vallaljuk\/\",\"name\":\"Montaj reclame publicitare Targu Mures si imprejurimi\",\"isPartOf\":{\"@id\":\"https:\/\/grafomix.ro\/#website\"},\"primaryImageOfPage\":{\"@id\":\"https:\/\/grafomix.ro\/hu\/szolgaltatasok\/reklamok-szereleset-is-vallaljuk\/#primaryimage\"},\"image\":{\"@id\":\"https:\/\/grafomix.ro\/hu\/szolgaltatasok\/reklamok-szereleset-is-vallaljuk\/#primaryimage\"},\"thumbnailUrl\":\"https:\/\/grafomix.ro\/wp-content\/uploads\/2016\/02\/LITERE-VOLUMETRICE-LUMINOASE-Nicodeniss-1.jpg\",\"datePublished\":\"2017-02-08T20:52:20+00:00\",\"dateModified\":\"2021-05-19T15:04:15+00:00\",\"description\":\"Asiguram montajul pentru reclamele publicitare in Targu Mures si imprejurimi. Personalul nostru se poate ocupa de partea electrica si de panouri la inaltime\",\"breadcrumb\":{\"@id\":\"https:\/\/grafomix.ro\/hu\/szolgaltatasok\/reklamok-szereleset-is-vallaljuk\/#breadcrumb\"},\"inLanguage\":\"hu\",\"potentialAction\":[{\"@type\":\"ReadAction\",\"target\":[\"https:\/\/grafomix.ro\/hu\/szolgaltatasok\/reklamok-szereleset-is-vallaljuk\/\"]}]},{\"@type\":\"ImageObject\",\"inLanguage\":\"hu\",\"@id\":\"https:\/\/grafomix.ro\/hu\/szolgaltatasok\/reklamok-szereleset-is-vallaljuk\/#primaryimage\",\"url\":\"https:\/\/grafomix.ro\/wp-content\/uploads\/2016\/02\/LITERE-VOLUMETRICE-LUMINOASE-Nicodeniss-1.jpg\",\"contentUrl\":\"https:\/\/grafomix.ro\/wp-content\/uploads\/2016\/02\/LITERE-VOLUMETRICE-LUMINOASE-Nicodeniss-1.jpg\",\"width\":640,\"height\":480},{\"@type\":\"BreadcrumbList\",\"@id\":\"https:\/\/grafomix.ro\/hu\/szolgaltatasok\/reklamok-szereleset-is-vallaljuk\/#breadcrumb\",\"itemListElement\":[{\"@type\":\"ListItem\",\"position\":1,\"name\":\"Prima pagin\u0103\",\"item\":\"https:\/\/grafomix.ro\/hu\/\"},{\"@type\":\"ListItem\",\"position\":2,\"name\":\"SZOLG\u00c1LTAT\u00c1SOK\",\"item\":\"https:\/\/grafomix.ro\/hu\/szolgaltatasok\/\"},{\"@type\":\"ListItem\",\"position\":3,\"name\":\"Rekl\u00e1mok szerel\u00e9s\u00e9t is v\u00e1llaljuk\"}]},{\"@type\":\"WebSite\",\"@id\":\"https:\/\/grafomix.ro\/#website\",\"url\":\"https:\/\/grafomix.ro\/\",\"name\":\"Grafomix\",\"description\":\"Reclame luminoase, 3d ,litere volumetrice\",\"potentialAction\":[{\"@type\":\"SearchAction\",\"target\":{\"@type\":\"EntryPoint\",\"urlTemplate\":\"https:\/\/grafomix.ro\/?s={search_term_string}\"},\"query-input\":{\"@type\":\"PropertyValueSpecification\",\"valueRequired\":true,\"valueName\":\"search_term_string\"}}],\"inLanguage\":\"hu\"}]}<\/script>\n<!-- \/ Yoast SEO plugin. -->","yoast_head_json":{"title":"Montaj reclame publicitare Targu Mures si imprejurimi","description":"Asiguram montajul pentru reclamele publicitare in Targu Mures si imprejurimi. Personalul nostru se poate ocupa de partea electrica si de panouri la inaltime","robots":{"index":"index","follow":"follow","max-snippet":"max-snippet:-1","max-image-preview":"max-image-preview:large","max-video-preview":"max-video-preview:-1"},"canonical":"https:\/\/grafomix.ro\/hu\/szolgaltatasok\/reklamok-szereleset-is-vallaljuk\/","og_locale":"hu_HU","og_type":"article","og_title":"Montaj reclame publicitare Targu Mures si imprejurimi","og_description":"Asiguram montajul pentru reclamele publicitare in Targu Mures si imprejurimi. Personalul nostru se poate ocupa de partea electrica si de panouri la inaltime","og_url":"https:\/\/grafomix.ro\/hu\/szolgaltatasok\/reklamok-szereleset-is-vallaljuk\/","og_site_name":"Grafomix","article_modified_time":"2021-05-19T15:04:15+00:00","og_image":[{"width":640,"height":480,"url":"https:\/\/grafomix.ro\/wp-content\/uploads\/2016\/02\/LITERE-VOLUMETRICE-LUMINOASE-Nicodeniss-1.jpg","type":"image\/jpeg"}],"twitter_card":"summary_large_image","twitter_misc":{"Becs\u00fclt olvas\u00e1si id\u0151":"1 perc"},"schema":{"@context":"https:\/\/schema.org","@graph":[{"@type":"WebPage","@id":"https:\/\/grafomix.ro\/hu\/szolgaltatasok\/reklamok-szereleset-is-vallaljuk\/","url":"https:\/\/grafomix.ro\/hu\/szolgaltatasok\/reklamok-szereleset-is-vallaljuk\/","name":"Montaj reclame publicitare Targu Mures si imprejurimi","isPartOf":{"@id":"https:\/\/grafomix.ro\/#website"},"primaryImageOfPage":{"@id":"https:\/\/grafomix.ro\/hu\/szolgaltatasok\/reklamok-szereleset-is-vallaljuk\/#primaryimage"},"image":{"@id":"https:\/\/grafomix.ro\/hu\/szolgaltatasok\/reklamok-szereleset-is-vallaljuk\/#primaryimage"},"thumbnailUrl":"https:\/\/grafomix.ro\/wp-content\/uploads\/2016\/02\/LITERE-VOLUMETRICE-LUMINOASE-Nicodeniss-1.jpg","datePublished":"2017-02-08T20:52:20+00:00","dateModified":"2021-05-19T15:04:15+00:00","description":"Asiguram montajul pentru reclamele publicitare in Targu Mures si imprejurimi. Personalul nostru se poate ocupa de partea electrica si de panouri la inaltime","breadcrumb":{"@id":"https:\/\/grafomix.ro\/hu\/szolgaltatasok\/reklamok-szereleset-is-vallaljuk\/#breadcrumb"},"inLanguage":"hu","potentialAction":[{"@type":"ReadAction","target":["https:\/\/grafomix.ro\/hu\/szolgaltatasok\/reklamok-szereleset-is-vallaljuk\/"]}]},{"@type":"ImageObject","inLanguage":"hu","@id":"https:\/\/grafomix.ro\/hu\/szolgaltatasok\/reklamok-szereleset-is-vallaljuk\/#primaryimage","url":"https:\/\/grafomix.ro\/wp-content\/uploads\/2016\/02\/LITERE-VOLUMETRICE-LUMINOASE-Nicodeniss-1.jpg","contentUrl":"https:\/\/grafomix.ro\/wp-content\/uploads\/2016\/02\/LITERE-VOLUMETRICE-LUMINOASE-Nicodeniss-1.jpg","width":640,"height":480},{"@type":"BreadcrumbList","@id":"https:\/\/grafomix.ro\/hu\/szolgaltatasok\/reklamok-szereleset-is-vallaljuk\/#breadcrumb","itemListElement":[{"@type":"ListItem","position":1,"name":"Prima pagin\u0103","item":"https:\/\/grafomix.ro\/hu\/"},{"@type":"ListItem","position":2,"name":"SZOLG\u00c1LTAT\u00c1SOK","item":"https:\/\/grafomix.ro\/hu\/szolgaltatasok\/"},{"@type":"ListItem","position":3,"name":"Rekl\u00e1mok szerel\u00e9s\u00e9t is v\u00e1llaljuk"}]},{"@type":"WebSite","@id":"https:\/\/grafomix.ro\/#website","url":"https:\/\/grafomix.ro\/","name":"Grafomix","description":"Reclame luminoase, 3d ,litere volumetrice","potentialAction":[{"@type":"SearchAction","target":{"@type":"EntryPoint","urlTemplate":"https:\/\/grafomix.ro\/?s={search_term_string}"},"query-input":{"@type":"PropertyValueSpecification","valueRequired":true,"valueName":"search_term_string"}}],"inLanguage":"hu"}]}},"_links":{"self":[{"href":"https:\/\/grafomix.ro\/hu\/wp-json\/wp\/v2\/pages\/2980","targetHints":{"allow":["GET"]}}],"collection":[{"href":"https:\/\/grafomix.ro\/hu\/wp-json\/wp\/v2\/pages"}],"about":[{"href":"https:\/\/grafomix.ro\/hu\/wp-json\/wp\/v2\/types\/page"}],"author":[{"embeddable":true,"href":"https:\/\/grafomix.ro\/hu\/wp-json\/wp\/v2\/users\/1"}],"replies":[{"embeddable":true,"href":"https:\/\/grafomix.ro\/hu\/wp-json\/wp\/v2\/comments?post=2980"}],"version-history":[{"count":3,"href":"https:\/\/grafomix.ro\/hu\/wp-json\/wp\/v2\/pages\/2980\/revisions"}],"predecessor-version":[{"id":9319,"href":"https:\/\/grafomix.ro\/hu\/wp-json\/wp\/v2\/pages\/2980\/revisions\/9319"}],"up":[{"embeddable":true,"href":"https:\/\/grafomix.ro\/hu\/wp-json\/wp\/v2\/pages\/2975"}],"wp:featuredmedia":[{"embeddable":true,"href":"https:\/\/grafomix.ro\/hu\/wp-json\/wp\/v2\/media\/7521"}],"wp:attachment":[{"href":"https:\/\/grafomix.ro\/hu\/wp-json\/wp\/v2\/media?parent=2980"}],"curies":[{"name":"wp","href":"https:\/\/api.w.org\/{rel}","templated":true}]}}