{"id":2979,"date":"2017-02-08T23:53:29","date_gmt":"2017-02-08T20:53:29","guid":{"rendered":"http:\/\/grafomix.ro\/\/servicii\/asiguram-intretinerea-pentru-panourile-publicitare\/"},"modified":"2020-09-09T11:12:42","modified_gmt":"2020-09-09T08:12:42","slug":"reklamok-karbantartasat-vallaljuk","status":"publish","type":"page","link":"https:\/\/grafomix.ro\/hu\/szolgaltatasok\/reklamok-karbantartasat-vallaljuk\/","title":{"rendered":"REKL\u00c1MOK KARBANTART\u00c1S\u00c1T V\u00c1LLALJUK"},"content":{"rendered":"<h3><\/h3>\n<h4>Schimbam cu placere luminile, bannerele, efectuam mici modificari daca este cazul indiferent de inaltime sau dimensiune.<\/h4>\n<p>Asiguram intretinerea pentru panourile publicitare montate de noi sau de alta firma.<\/p>\n<p>Toate lucrarile noastre au garantie, dar ne putem ocupa de panourile tale chiar daca garantia a expirat. Avem personal care poate face fata oricarei provocari (print, probleme electrice, reparatii cutii, confectionarea unor noi reclame, casete luminoase sau panouri publicitare afisate la inaltime \u2013 dispunem si de o echipa de alpinisti certificati).<\/p>\n<p>La Grafomix am invatat toate nevoile voastre din 2001 incoace si credem ca putem face fata oricarei provocari.<\/p>\n<p>Asiguram intretinerea pentru panourile publicitare in judetul Mures si imprejurimi!<\/p>\n<p>Vino la intalnire cu noi sau lasa-ne sa iti aratam cum putem confectiona ceea ce ai tu nevoie!<\/p>\n<p><strong>De-abia asteptam sa apasi butonul de mai jos sa ne contactezi.<\/strong><\/p>\n","protected":false},"excerpt":{"rendered":"<p>Schimbam cu placere luminile, bannerele, efectuam mici modificari daca este cazul indiferent de inaltime sau dimensiune. Asiguram intretinerea pentru panourile publicitare montate de noi sau de alta firma. Toate lucrarile noastre au garantie, dar ne putem ocupa de panourile tale chiar daca garantia a expirat. Avem personal care poate face fata oricarei provocari (print, probleme [&hellip;]<\/p>\n","protected":false},"author":1,"featured_media":5398,"parent":2975,"menu_order":0,"comment_status":"closed","ping_status":"closed","template":"template-servicii.php","meta":{"_acf_changed":false,"footnotes":""},"class_list":["post-2979","page","type-page","status-publish","has-post-thumbnail","hentry"],"acf":[],"yoast_head":"<!-- This site is optimized with the Yoast SEO plugin v27.1.1 - https:\/\/yoast.com\/product\/yoast-seo-wordpress\/ -->\n<title>Asiguram intretinerea pentru panourile publicitare Targu Mures<\/title>\n<meta name=\"description\" content=\"Asiguram intretinerea pentru panourile publicitare in Targu Mures dar si imprejurimi. Avem la dispozitie alpinisti care pot efectua lucrari la inaltime.\" \/>\n<meta name=\"robots\" content=\"index, follow, max-snippet:-1, max-image-preview:large, max-video-preview:-1\" \/>\n<link rel=\"canonical\" href=\"https:\/\/grafomix.ro\/hu\/szolgaltatasok\/reklamok-karbantartasat-vallaljuk\/\" \/>\n<meta property=\"og:locale\" content=\"hu_HU\" \/>\n<meta property=\"og:type\" content=\"article\" \/>\n<meta property=\"og:title\" content=\"Asiguram intretinerea pentru panourile publicitare Targu Mures\" \/>\n<meta property=\"og:description\" content=\"Asiguram intretinerea pentru panourile publicitare in Targu Mures dar si imprejurimi. Avem la dispozitie alpinisti care pot efectua lucrari la inaltime.\" \/>\n<meta property=\"og:url\" content=\"https:\/\/grafomix.ro\/hu\/szolgaltatasok\/reklamok-karbantartasat-vallaljuk\/\" \/>\n<meta property=\"og:site_name\" content=\"Grafomix\" \/>\n<meta property=\"article:modified_time\" content=\"2020-09-09T08:12:42+00:00\" \/>\n<meta property=\"og:image\" content=\"https:\/\/grafomix.ro\/wp-content\/uploads\/2017\/02\/intretinere.png\" \/>\n\t<meta property=\"og:image:width\" content=\"360\" \/>\n\t<meta property=\"og:image:height\" content=\"320\" \/>\n\t<meta property=\"og:image:type\" content=\"image\/png\" \/>\n<meta name=\"twitter:card\" content=\"summary_large_image\" \/>\n<meta name=\"twitter:label1\" content=\"Becs\u00fclt olvas\u00e1si id\u0151\" \/>\n\t<meta name=\"twitter:data1\" content=\"1 perc\" \/>\n<script type=\"application\/ld+json\" class=\"yoast-schema-graph\">{\"@context\":\"https:\/\/schema.org\",\"@graph\":[{\"@type\":\"WebPage\",\"@id\":\"https:\/\/grafomix.ro\/hu\/szolgaltatasok\/reklamok-karbantartasat-vallaljuk\/\",\"url\":\"https:\/\/grafomix.ro\/hu\/szolgaltatasok\/reklamok-karbantartasat-vallaljuk\/\",\"name\":\"Asiguram intretinerea pentru panourile publicitare Targu Mures\",\"isPartOf\":{\"@id\":\"https:\/\/grafomix.ro\/#website\"},\"primaryImageOfPage\":{\"@id\":\"https:\/\/grafomix.ro\/hu\/szolgaltatasok\/reklamok-karbantartasat-vallaljuk\/#primaryimage\"},\"image\":{\"@id\":\"https:\/\/grafomix.ro\/hu\/szolgaltatasok\/reklamok-karbantartasat-vallaljuk\/#primaryimage\"},\"thumbnailUrl\":\"https:\/\/grafomix.ro\/wp-content\/uploads\/2017\/02\/intretinere.png\",\"datePublished\":\"2017-02-08T20:53:29+00:00\",\"dateModified\":\"2020-09-09T08:12:42+00:00\",\"description\":\"Asiguram intretinerea pentru panourile publicitare in Targu Mures dar si imprejurimi. Avem la dispozitie alpinisti care pot efectua lucrari la inaltime.\",\"breadcrumb\":{\"@id\":\"https:\/\/grafomix.ro\/hu\/szolgaltatasok\/reklamok-karbantartasat-vallaljuk\/#breadcrumb\"},\"inLanguage\":\"hu\",\"potentialAction\":[{\"@type\":\"ReadAction\",\"target\":[\"https:\/\/grafomix.ro\/hu\/szolgaltatasok\/reklamok-karbantartasat-vallaljuk\/\"]}]},{\"@type\":\"ImageObject\",\"inLanguage\":\"hu\",\"@id\":\"https:\/\/grafomix.ro\/hu\/szolgaltatasok\/reklamok-karbantartasat-vallaljuk\/#primaryimage\",\"url\":\"https:\/\/grafomix.ro\/wp-content\/uploads\/2017\/02\/intretinere.png\",\"contentUrl\":\"https:\/\/grafomix.ro\/wp-content\/uploads\/2017\/02\/intretinere.png\",\"width\":360,\"height\":320},{\"@type\":\"BreadcrumbList\",\"@id\":\"https:\/\/grafomix.ro\/hu\/szolgaltatasok\/reklamok-karbantartasat-vallaljuk\/#breadcrumb\",\"itemListElement\":[{\"@type\":\"ListItem\",\"position\":1,\"name\":\"Prima pagin\u0103\",\"item\":\"https:\/\/grafomix.ro\/hu\/\"},{\"@type\":\"ListItem\",\"position\":2,\"name\":\"SZOLG\u00c1LTAT\u00c1SOK\",\"item\":\"https:\/\/grafomix.ro\/hu\/szolgaltatasok\/\"},{\"@type\":\"ListItem\",\"position\":3,\"name\":\"REKL\u00c1MOK KARBANTART\u00c1S\u00c1T V\u00c1LLALJUK\"}]},{\"@type\":\"WebSite\",\"@id\":\"https:\/\/grafomix.ro\/#website\",\"url\":\"https:\/\/grafomix.ro\/\",\"name\":\"Grafomix\",\"description\":\"Reclame luminoase, 3d ,litere volumetrice\",\"potentialAction\":[{\"@type\":\"SearchAction\",\"target\":{\"@type\":\"EntryPoint\",\"urlTemplate\":\"https:\/\/grafomix.ro\/?s={search_term_string}\"},\"query-input\":{\"@type\":\"PropertyValueSpecification\",\"valueRequired\":true,\"valueName\":\"search_term_string\"}}],\"inLanguage\":\"hu\"}]}<\/script>\n<!-- \/ Yoast SEO plugin. -->","yoast_head_json":{"title":"Asiguram intretinerea pentru panourile publicitare Targu Mures","description":"Asiguram intretinerea pentru panourile publicitare in Targu Mures dar si imprejurimi. Avem la dispozitie alpinisti care pot efectua lucrari la inaltime.","robots":{"index":"index","follow":"follow","max-snippet":"max-snippet:-1","max-image-preview":"max-image-preview:large","max-video-preview":"max-video-preview:-1"},"canonical":"https:\/\/grafomix.ro\/hu\/szolgaltatasok\/reklamok-karbantartasat-vallaljuk\/","og_locale":"hu_HU","og_type":"article","og_title":"Asiguram intretinerea pentru panourile publicitare Targu Mures","og_description":"Asiguram intretinerea pentru panourile publicitare in Targu Mures dar si imprejurimi. Avem la dispozitie alpinisti care pot efectua lucrari la inaltime.","og_url":"https:\/\/grafomix.ro\/hu\/szolgaltatasok\/reklamok-karbantartasat-vallaljuk\/","og_site_name":"Grafomix","article_modified_time":"2020-09-09T08:12:42+00:00","og_image":[{"width":360,"height":320,"url":"https:\/\/grafomix.ro\/wp-content\/uploads\/2017\/02\/intretinere.png","type":"image\/png"}],"twitter_card":"summary_large_image","twitter_misc":{"Becs\u00fclt olvas\u00e1si id\u0151":"1 perc"},"schema":{"@context":"https:\/\/schema.org","@graph":[{"@type":"WebPage","@id":"https:\/\/grafomix.ro\/hu\/szolgaltatasok\/reklamok-karbantartasat-vallaljuk\/","url":"https:\/\/grafomix.ro\/hu\/szolgaltatasok\/reklamok-karbantartasat-vallaljuk\/","name":"Asiguram intretinerea pentru panourile publicitare Targu Mures","isPartOf":{"@id":"https:\/\/grafomix.ro\/#website"},"primaryImageOfPage":{"@id":"https:\/\/grafomix.ro\/hu\/szolgaltatasok\/reklamok-karbantartasat-vallaljuk\/#primaryimage"},"image":{"@id":"https:\/\/grafomix.ro\/hu\/szolgaltatasok\/reklamok-karbantartasat-vallaljuk\/#primaryimage"},"thumbnailUrl":"https:\/\/grafomix.ro\/wp-content\/uploads\/2017\/02\/intretinere.png","datePublished":"2017-02-08T20:53:29+00:00","dateModified":"2020-09-09T08:12:42+00:00","description":"Asiguram intretinerea pentru panourile publicitare in Targu Mures dar si imprejurimi. Avem la dispozitie alpinisti care pot efectua lucrari la inaltime.","breadcrumb":{"@id":"https:\/\/grafomix.ro\/hu\/szolgaltatasok\/reklamok-karbantartasat-vallaljuk\/#breadcrumb"},"inLanguage":"hu","potentialAction":[{"@type":"ReadAction","target":["https:\/\/grafomix.ro\/hu\/szolgaltatasok\/reklamok-karbantartasat-vallaljuk\/"]}]},{"@type":"ImageObject","inLanguage":"hu","@id":"https:\/\/grafomix.ro\/hu\/szolgaltatasok\/reklamok-karbantartasat-vallaljuk\/#primaryimage","url":"https:\/\/grafomix.ro\/wp-content\/uploads\/2017\/02\/intretinere.png","contentUrl":"https:\/\/grafomix.ro\/wp-content\/uploads\/2017\/02\/intretinere.png","width":360,"height":320},{"@type":"BreadcrumbList","@id":"https:\/\/grafomix.ro\/hu\/szolgaltatasok\/reklamok-karbantartasat-vallaljuk\/#breadcrumb","itemListElement":[{"@type":"ListItem","position":1,"name":"Prima pagin\u0103","item":"https:\/\/grafomix.ro\/hu\/"},{"@type":"ListItem","position":2,"name":"SZOLG\u00c1LTAT\u00c1SOK","item":"https:\/\/grafomix.ro\/hu\/szolgaltatasok\/"},{"@type":"ListItem","position":3,"name":"REKL\u00c1MOK KARBANTART\u00c1S\u00c1T V\u00c1LLALJUK"}]},{"@type":"WebSite","@id":"https:\/\/grafomix.ro\/#website","url":"https:\/\/grafomix.ro\/","name":"Grafomix","description":"Reclame luminoase, 3d ,litere volumetrice","potentialAction":[{"@type":"SearchAction","target":{"@type":"EntryPoint","urlTemplate":"https:\/\/grafomix.ro\/?s={search_term_string}"},"query-input":{"@type":"PropertyValueSpecification","valueRequired":true,"valueName":"search_term_string"}}],"inLanguage":"hu"}]}},"_links":{"self":[{"href":"https:\/\/grafomix.ro\/hu\/wp-json\/wp\/v2\/pages\/2979","targetHints":{"allow":["GET"]}}],"collection":[{"href":"https:\/\/grafomix.ro\/hu\/wp-json\/wp\/v2\/pages"}],"about":[{"href":"https:\/\/grafomix.ro\/hu\/wp-json\/wp\/v2\/types\/page"}],"author":[{"embeddable":true,"href":"https:\/\/grafomix.ro\/hu\/wp-json\/wp\/v2\/users\/1"}],"replies":[{"embeddable":true,"href":"https:\/\/grafomix.ro\/hu\/wp-json\/wp\/v2\/comments?post=2979"}],"version-history":[{"count":2,"href":"https:\/\/grafomix.ro\/hu\/wp-json\/wp\/v2\/pages\/2979\/revisions"}],"predecessor-version":[{"id":9129,"href":"https:\/\/grafomix.ro\/hu\/wp-json\/wp\/v2\/pages\/2979\/revisions\/9129"}],"up":[{"embeddable":true,"href":"https:\/\/grafomix.ro\/hu\/wp-json\/wp\/v2\/pages\/2975"}],"wp:featuredmedia":[{"embeddable":true,"href":"https:\/\/grafomix.ro\/hu\/wp-json\/wp\/v2\/media\/5398"}],"wp:attachment":[{"href":"https:\/\/grafomix.ro\/hu\/wp-json\/wp\/v2\/media?parent=2979"}],"curies":[{"name":"wp","href":"https:\/\/api.w.org\/{rel}","templated":true}]}}