{"id":2978,"date":"2016-02-20T21:41:28","date_gmt":"2016-02-20T18:41:28","guid":{"rendered":"http:\/\/grafomix.ro\/\/contact\/"},"modified":"2021-05-19T17:32:47","modified_gmt":"2021-05-19T14:32:47","slug":"kapcsolatok","status":"publish","type":"page","link":"https:\/\/grafomix.ro\/hu\/kapcsolatok\/","title":{"rendered":"KAPCSOLATOK"},"content":{"rendered":"<div class=\"row\">\n<div class=\"contact-info-block col-xs-12 col-sm-4 col-sm-offset-2 col-md-4 col-md-offset-2 col-lg-4 col-lg-offset-2\">\n<p><b>GRAFOMIX KFT<\/b><\/p>\n<p>Marosv\u00e1s\u00e1rhely, Budai Nagy Antal utca 8 sz\u00e1m<\/p>\n<p>J26\/189\/2001<\/p>\n<p>RO13750659<\/p>\n<\/div>\n<\/div>\n","protected":false},"excerpt":{"rendered":"<p>GRAFOMIX KFT Marosv\u00e1s\u00e1rhely, Budai Nagy Antal utca 8 sz\u00e1m J26\/189\/2001 RO13750659<\/p>\n","protected":false},"author":1,"featured_media":0,"parent":0,"menu_order":0,"comment_status":"closed","ping_status":"closed","template":"template-contact.php","meta":{"_acf_changed":false,"footnotes":""},"class_list":["post-2978","page","type-page","status-publish","hentry"],"acf":[],"yoast_head":"<!-- This site is optimized with the Yoast SEO plugin v27.1.1 - https:\/\/yoast.com\/product\/yoast-seo-wordpress\/ -->\n<title>Kapcsolatok - Grafomix Targu Mures - F\u00e9nyrekl\u00e1mdobozok<\/title>\n<meta name=\"description\" content=\"Kapcsolatok - Grafomix Targu Mures - F\u00e9nyrekl\u00e1mdobozok str. Budai Antal nr. 8, Luni \u2013 Vineri 8:00 \u2013 16:00, Mobil: 0744 775 803.\" \/>\n<meta name=\"robots\" content=\"index, follow, max-snippet:-1, max-image-preview:large, max-video-preview:-1\" \/>\n<link rel=\"canonical\" href=\"https:\/\/grafomix.ro\/hu\/kapcsolatok\/\" \/>\n<meta property=\"og:locale\" content=\"hu_HU\" \/>\n<meta property=\"og:type\" content=\"article\" \/>\n<meta property=\"og:title\" content=\"Kapcsolatok - Grafomix Targu Mures - F\u00e9nyrekl\u00e1mdobozok\" \/>\n<meta property=\"og:description\" content=\"Kapcsolatok - Grafomix Targu Mures - F\u00e9nyrekl\u00e1mdobozok str. Budai Antal nr. 8, Luni \u2013 Vineri 8:00 \u2013 16:00, Mobil: 0744 775 803.\" \/>\n<meta property=\"og:url\" content=\"https:\/\/grafomix.ro\/hu\/kapcsolatok\/\" \/>\n<meta property=\"og:site_name\" content=\"Grafomix\" \/>\n<meta property=\"article:modified_time\" content=\"2021-05-19T14:32:47+00:00\" \/>\n<meta name=\"twitter:card\" content=\"summary_large_image\" \/>\n<script type=\"application\/ld+json\" class=\"yoast-schema-graph\">{\"@context\":\"https:\/\/schema.org\",\"@graph\":[{\"@type\":\"WebPage\",\"@id\":\"https:\/\/grafomix.ro\/hu\/kapcsolatok\/\",\"url\":\"https:\/\/grafomix.ro\/hu\/kapcsolatok\/\",\"name\":\"Kapcsolatok - Grafomix Targu Mures - F\u00e9nyrekl\u00e1mdobozok\",\"isPartOf\":{\"@id\":\"https:\/\/grafomix.ro\/#website\"},\"datePublished\":\"2016-02-20T18:41:28+00:00\",\"dateModified\":\"2021-05-19T14:32:47+00:00\",\"description\":\"Kapcsolatok - Grafomix Targu Mures - F\u00e9nyrekl\u00e1mdobozok str. Budai Antal nr. 8, Luni \u2013 Vineri 8:00 \u2013 16:00, Mobil: 0744 775 803.\",\"breadcrumb\":{\"@id\":\"https:\/\/grafomix.ro\/hu\/kapcsolatok\/#breadcrumb\"},\"inLanguage\":\"hu\",\"potentialAction\":[{\"@type\":\"ReadAction\",\"target\":[\"https:\/\/grafomix.ro\/hu\/kapcsolatok\/\"]}]},{\"@type\":\"BreadcrumbList\",\"@id\":\"https:\/\/grafomix.ro\/hu\/kapcsolatok\/#breadcrumb\",\"itemListElement\":[{\"@type\":\"ListItem\",\"position\":1,\"name\":\"Prima pagin\u0103\",\"item\":\"https:\/\/grafomix.ro\/hu\/\"},{\"@type\":\"ListItem\",\"position\":2,\"name\":\"KAPCSOLATOK\"}]},{\"@type\":\"WebSite\",\"@id\":\"https:\/\/grafomix.ro\/#website\",\"url\":\"https:\/\/grafomix.ro\/\",\"name\":\"Grafomix\",\"description\":\"Reclame luminoase, 3d ,litere volumetrice\",\"potentialAction\":[{\"@type\":\"SearchAction\",\"target\":{\"@type\":\"EntryPoint\",\"urlTemplate\":\"https:\/\/grafomix.ro\/?s={search_term_string}\"},\"query-input\":{\"@type\":\"PropertyValueSpecification\",\"valueRequired\":true,\"valueName\":\"search_term_string\"}}],\"inLanguage\":\"hu\"}]}<\/script>\n<!-- \/ Yoast SEO plugin. -->","yoast_head_json":{"title":"Kapcsolatok - Grafomix Targu Mures - F\u00e9nyrekl\u00e1mdobozok","description":"Kapcsolatok - Grafomix Targu Mures - F\u00e9nyrekl\u00e1mdobozok str. Budai Antal nr. 8, Luni \u2013 Vineri 8:00 \u2013 16:00, Mobil: 0744 775 803.","robots":{"index":"index","follow":"follow","max-snippet":"max-snippet:-1","max-image-preview":"max-image-preview:large","max-video-preview":"max-video-preview:-1"},"canonical":"https:\/\/grafomix.ro\/hu\/kapcsolatok\/","og_locale":"hu_HU","og_type":"article","og_title":"Kapcsolatok - Grafomix Targu Mures - F\u00e9nyrekl\u00e1mdobozok","og_description":"Kapcsolatok - Grafomix Targu Mures - F\u00e9nyrekl\u00e1mdobozok str. Budai Antal nr. 8, Luni \u2013 Vineri 8:00 \u2013 16:00, Mobil: 0744 775 803.","og_url":"https:\/\/grafomix.ro\/hu\/kapcsolatok\/","og_site_name":"Grafomix","article_modified_time":"2021-05-19T14:32:47+00:00","twitter_card":"summary_large_image","schema":{"@context":"https:\/\/schema.org","@graph":[{"@type":"WebPage","@id":"https:\/\/grafomix.ro\/hu\/kapcsolatok\/","url":"https:\/\/grafomix.ro\/hu\/kapcsolatok\/","name":"Kapcsolatok - Grafomix Targu Mures - F\u00e9nyrekl\u00e1mdobozok","isPartOf":{"@id":"https:\/\/grafomix.ro\/#website"},"datePublished":"2016-02-20T18:41:28+00:00","dateModified":"2021-05-19T14:32:47+00:00","description":"Kapcsolatok - Grafomix Targu Mures - F\u00e9nyrekl\u00e1mdobozok str. Budai Antal nr. 8, Luni \u2013 Vineri 8:00 \u2013 16:00, Mobil: 0744 775 803.","breadcrumb":{"@id":"https:\/\/grafomix.ro\/hu\/kapcsolatok\/#breadcrumb"},"inLanguage":"hu","potentialAction":[{"@type":"ReadAction","target":["https:\/\/grafomix.ro\/hu\/kapcsolatok\/"]}]},{"@type":"BreadcrumbList","@id":"https:\/\/grafomix.ro\/hu\/kapcsolatok\/#breadcrumb","itemListElement":[{"@type":"ListItem","position":1,"name":"Prima pagin\u0103","item":"https:\/\/grafomix.ro\/hu\/"},{"@type":"ListItem","position":2,"name":"KAPCSOLATOK"}]},{"@type":"WebSite","@id":"https:\/\/grafomix.ro\/#website","url":"https:\/\/grafomix.ro\/","name":"Grafomix","description":"Reclame luminoase, 3d ,litere volumetrice","potentialAction":[{"@type":"SearchAction","target":{"@type":"EntryPoint","urlTemplate":"https:\/\/grafomix.ro\/?s={search_term_string}"},"query-input":{"@type":"PropertyValueSpecification","valueRequired":true,"valueName":"search_term_string"}}],"inLanguage":"hu"}]}},"_links":{"self":[{"href":"https:\/\/grafomix.ro\/hu\/wp-json\/wp\/v2\/pages\/2978","targetHints":{"allow":["GET"]}}],"collection":[{"href":"https:\/\/grafomix.ro\/hu\/wp-json\/wp\/v2\/pages"}],"about":[{"href":"https:\/\/grafomix.ro\/hu\/wp-json\/wp\/v2\/types\/page"}],"author":[{"embeddable":true,"href":"https:\/\/grafomix.ro\/hu\/wp-json\/wp\/v2\/users\/1"}],"replies":[{"embeddable":true,"href":"https:\/\/grafomix.ro\/hu\/wp-json\/wp\/v2\/comments?post=2978"}],"version-history":[{"count":3,"href":"https:\/\/grafomix.ro\/hu\/wp-json\/wp\/v2\/pages\/2978\/revisions"}],"predecessor-version":[{"id":9300,"href":"https:\/\/grafomix.ro\/hu\/wp-json\/wp\/v2\/pages\/2978\/revisions\/9300"}],"wp:attachment":[{"href":"https:\/\/grafomix.ro\/hu\/wp-json\/wp\/v2\/media?parent=2978"}],"curies":[{"name":"wp","href":"https:\/\/api.w.org\/{rel}","templated":true}]}}