{"id":2977,"date":"2016-02-20T21:52:09","date_gmt":"2016-02-20T21:52:09","guid":{"rendered":"http:\/\/grafomix.ro\/\/panouri-publicitare\/"},"modified":"2021-05-19T17:59:42","modified_gmt":"2021-05-19T14:59:42","slug":"reklamtablak","status":"publish","type":"page","link":"https:\/\/grafomix.ro\/hu\/reklamtablak\/","title":{"rendered":"REKL\u00c1MT\u00c1BL\u00c1K"},"content":{"rendered":"<h2 class=\"Body\">REKL\u00c1MT\u00c1BL\u00c1K<\/h2>\n<p>M\u00e1gneses t\u00e1bla is k\u00e9sz\u00edthet\u0151, korh\u00e1zak, poliklinik\u00e1k r\u00e9sz\u00e9re, amelyeken \u00a0k\u00f6nnyen cser\u00e9lhet\u0151 az orvosok neve, illetve programja, valamint \u00a0p\u00e9nzbev\u00e1li\u00f3 irod\u00e1k sz\u00e1m\u00e1ra j\u00f3 lehet\u0151s\u00e9get nyujt a napi \u00e1rfolyam \u00e1lland\u00f3 aktualiz\u00e1l\u00e1s\u00e1hoz.<\/p>\n<p class=\"Body\">Ha rekl\u00e1mt\u00e1bl\u00e1ra van sz\u00fcks\u00e9ge, forduljon bizalommal hozz\u00e1nk, telefonon a <strong>0744-775803<\/strong>-as telefonon vagy szem\u00e9lyesen Marosv\u00e1s\u00e1rhely, Budai Nagy Antal utca 8 sz\u00e1m alatti sz\u00e9khely\u00fcnk\u00f6n.<\/p>\n","protected":false},"excerpt":{"rendered":"<p>REKL\u00c1MT\u00c1BL\u00c1K M\u00e1gneses t\u00e1bla is k\u00e9sz\u00edthet\u0151, korh\u00e1zak, poliklinik\u00e1k r\u00e9sz\u00e9re, amelyeken \u00a0k\u00f6nnyen cser\u00e9lhet\u0151 az orvosok neve, illetve programja, valamint \u00a0p\u00e9nzbev\u00e1li\u00f3 irod\u00e1k sz\u00e1m\u00e1ra j\u00f3 lehet\u0151s\u00e9get nyujt a napi \u00e1rfolyam \u00e1lland\u00f3 aktualiz\u00e1l\u00e1s\u00e1hoz. Ha rekl\u00e1mt\u00e1bl\u00e1ra van sz\u00fcks\u00e9ge, forduljon bizalommal hozz\u00e1nk, telefonon a 0744-775803-as telefonon vagy szem\u00e9lyesen Marosv\u00e1s\u00e1rhely, Budai Nagy Antal utca 8 sz\u00e1m alatti sz\u00e9khely\u00fcnk\u00f6n.<\/p>\n","protected":false},"author":1,"featured_media":5263,"parent":0,"menu_order":0,"comment_status":"closed","ping_status":"closed","template":"template-portfolio.php","meta":{"_acf_changed":false,"footnotes":""},"class_list":["post-2977","page","type-page","status-publish","has-post-thumbnail","hentry"],"acf":[],"yoast_head":"<!-- This site is optimized with the Yoast SEO plugin v27.1.1 - https:\/\/yoast.com\/product\/yoast-seo-wordpress\/ -->\n<title>REKL\u00c1MT\u00c1BL\u00c1K banner - Grafomix Targu Mures<\/title>\n<meta name=\"description\" content=\"REKL\u00c1MT\u00c1BL\u00c1K banner - Grafomix Targu Mures. Rekl\u00e1mt\u00e1bl\u00e1kat PVC, Komatex vagy alukobond alapra lehet k\u00e9sz\u00edteni, amelyekre a fel\u00edratoz\u00e1s nyomtatott plotter\" \/>\n<meta name=\"robots\" content=\"index, follow, max-snippet:-1, max-image-preview:large, max-video-preview:-1\" \/>\n<link rel=\"canonical\" href=\"https:\/\/grafomix.ro\/hu\/reklamtablak\/\" \/>\n<meta property=\"og:locale\" content=\"hu_HU\" \/>\n<meta property=\"og:type\" content=\"article\" \/>\n<meta property=\"og:title\" content=\"REKL\u00c1MT\u00c1BL\u00c1K banner - Grafomix Targu Mures\" \/>\n<meta property=\"og:description\" content=\"REKL\u00c1MT\u00c1BL\u00c1K banner - Grafomix Targu Mures. Rekl\u00e1mt\u00e1bl\u00e1kat PVC, Komatex vagy alukobond alapra lehet k\u00e9sz\u00edteni, amelyekre a fel\u00edratoz\u00e1s nyomtatott plotter\" \/>\n<meta property=\"og:url\" content=\"https:\/\/grafomix.ro\/hu\/reklamtablak\/\" \/>\n<meta property=\"og:site_name\" content=\"Grafomix\" \/>\n<meta property=\"article:modified_time\" content=\"2021-05-19T14:59:42+00:00\" \/>\n<meta property=\"og:image\" content=\"https:\/\/grafomix.ro\/wp-content\/uploads\/2016\/02\/panouri_publicitare_mures_afisaje-1.jpg\" \/>\n\t<meta property=\"og:image:width\" content=\"2000\" \/>\n\t<meta property=\"og:image:height\" content=\"500\" \/>\n\t<meta property=\"og:image:type\" content=\"image\/jpeg\" \/>\n<meta name=\"twitter:card\" content=\"summary_large_image\" \/>\n<script type=\"application\/ld+json\" class=\"yoast-schema-graph\">{\"@context\":\"https:\/\/schema.org\",\"@graph\":[{\"@type\":\"WebPage\",\"@id\":\"https:\/\/grafomix.ro\/hu\/reklamtablak\/\",\"url\":\"https:\/\/grafomix.ro\/hu\/reklamtablak\/\",\"name\":\"REKL\u00c1MT\u00c1BL\u00c1K banner - Grafomix Targu Mures\",\"isPartOf\":{\"@id\":\"https:\/\/grafomix.ro\/#website\"},\"primaryImageOfPage\":{\"@id\":\"https:\/\/grafomix.ro\/hu\/reklamtablak\/#primaryimage\"},\"image\":{\"@id\":\"https:\/\/grafomix.ro\/hu\/reklamtablak\/#primaryimage\"},\"thumbnailUrl\":\"https:\/\/grafomix.ro\/wp-content\/uploads\/2016\/02\/panouri_publicitare_mures_afisaje-1.jpg\",\"datePublished\":\"2016-02-20T21:52:09+00:00\",\"dateModified\":\"2021-05-19T14:59:42+00:00\",\"description\":\"REKL\u00c1MT\u00c1BL\u00c1K banner - Grafomix Targu Mures. Rekl\u00e1mt\u00e1bl\u00e1kat PVC, Komatex vagy alukobond alapra lehet k\u00e9sz\u00edteni, amelyekre a fel\u00edratoz\u00e1s nyomtatott plotter\",\"breadcrumb\":{\"@id\":\"https:\/\/grafomix.ro\/hu\/reklamtablak\/#breadcrumb\"},\"inLanguage\":\"hu\",\"potentialAction\":[{\"@type\":\"ReadAction\",\"target\":[\"https:\/\/grafomix.ro\/hu\/reklamtablak\/\"]}]},{\"@type\":\"ImageObject\",\"inLanguage\":\"hu\",\"@id\":\"https:\/\/grafomix.ro\/hu\/reklamtablak\/#primaryimage\",\"url\":\"https:\/\/grafomix.ro\/wp-content\/uploads\/2016\/02\/panouri_publicitare_mures_afisaje-1.jpg\",\"contentUrl\":\"https:\/\/grafomix.ro\/wp-content\/uploads\/2016\/02\/panouri_publicitare_mures_afisaje-1.jpg\",\"width\":2000,\"height\":500},{\"@type\":\"BreadcrumbList\",\"@id\":\"https:\/\/grafomix.ro\/hu\/reklamtablak\/#breadcrumb\",\"itemListElement\":[{\"@type\":\"ListItem\",\"position\":1,\"name\":\"Prima pagin\u0103\",\"item\":\"https:\/\/grafomix.ro\/hu\/\"},{\"@type\":\"ListItem\",\"position\":2,\"name\":\"REKL\u00c1MT\u00c1BL\u00c1K\"}]},{\"@type\":\"WebSite\",\"@id\":\"https:\/\/grafomix.ro\/#website\",\"url\":\"https:\/\/grafomix.ro\/\",\"name\":\"Grafomix\",\"description\":\"Reclame luminoase, 3d ,litere volumetrice\",\"potentialAction\":[{\"@type\":\"SearchAction\",\"target\":{\"@type\":\"EntryPoint\",\"urlTemplate\":\"https:\/\/grafomix.ro\/?s={search_term_string}\"},\"query-input\":{\"@type\":\"PropertyValueSpecification\",\"valueRequired\":true,\"valueName\":\"search_term_string\"}}],\"inLanguage\":\"hu\"}]}<\/script>\n<!-- \/ Yoast SEO plugin. -->","yoast_head_json":{"title":"REKL\u00c1MT\u00c1BL\u00c1K banner - Grafomix Targu Mures","description":"REKL\u00c1MT\u00c1BL\u00c1K banner - Grafomix Targu Mures. Rekl\u00e1mt\u00e1bl\u00e1kat PVC, Komatex vagy alukobond alapra lehet k\u00e9sz\u00edteni, amelyekre a fel\u00edratoz\u00e1s nyomtatott plotter","robots":{"index":"index","follow":"follow","max-snippet":"max-snippet:-1","max-image-preview":"max-image-preview:large","max-video-preview":"max-video-preview:-1"},"canonical":"https:\/\/grafomix.ro\/hu\/reklamtablak\/","og_locale":"hu_HU","og_type":"article","og_title":"REKL\u00c1MT\u00c1BL\u00c1K banner - Grafomix Targu Mures","og_description":"REKL\u00c1MT\u00c1BL\u00c1K banner - Grafomix Targu Mures. Rekl\u00e1mt\u00e1bl\u00e1kat PVC, Komatex vagy alukobond alapra lehet k\u00e9sz\u00edteni, amelyekre a fel\u00edratoz\u00e1s nyomtatott plotter","og_url":"https:\/\/grafomix.ro\/hu\/reklamtablak\/","og_site_name":"Grafomix","article_modified_time":"2021-05-19T14:59:42+00:00","og_image":[{"width":2000,"height":500,"url":"https:\/\/grafomix.ro\/wp-content\/uploads\/2016\/02\/panouri_publicitare_mures_afisaje-1.jpg","type":"image\/jpeg"}],"twitter_card":"summary_large_image","schema":{"@context":"https:\/\/schema.org","@graph":[{"@type":"WebPage","@id":"https:\/\/grafomix.ro\/hu\/reklamtablak\/","url":"https:\/\/grafomix.ro\/hu\/reklamtablak\/","name":"REKL\u00c1MT\u00c1BL\u00c1K banner - Grafomix Targu Mures","isPartOf":{"@id":"https:\/\/grafomix.ro\/#website"},"primaryImageOfPage":{"@id":"https:\/\/grafomix.ro\/hu\/reklamtablak\/#primaryimage"},"image":{"@id":"https:\/\/grafomix.ro\/hu\/reklamtablak\/#primaryimage"},"thumbnailUrl":"https:\/\/grafomix.ro\/wp-content\/uploads\/2016\/02\/panouri_publicitare_mures_afisaje-1.jpg","datePublished":"2016-02-20T21:52:09+00:00","dateModified":"2021-05-19T14:59:42+00:00","description":"REKL\u00c1MT\u00c1BL\u00c1K banner - Grafomix Targu Mures. Rekl\u00e1mt\u00e1bl\u00e1kat PVC, Komatex vagy alukobond alapra lehet k\u00e9sz\u00edteni, amelyekre a fel\u00edratoz\u00e1s nyomtatott plotter","breadcrumb":{"@id":"https:\/\/grafomix.ro\/hu\/reklamtablak\/#breadcrumb"},"inLanguage":"hu","potentialAction":[{"@type":"ReadAction","target":["https:\/\/grafomix.ro\/hu\/reklamtablak\/"]}]},{"@type":"ImageObject","inLanguage":"hu","@id":"https:\/\/grafomix.ro\/hu\/reklamtablak\/#primaryimage","url":"https:\/\/grafomix.ro\/wp-content\/uploads\/2016\/02\/panouri_publicitare_mures_afisaje-1.jpg","contentUrl":"https:\/\/grafomix.ro\/wp-content\/uploads\/2016\/02\/panouri_publicitare_mures_afisaje-1.jpg","width":2000,"height":500},{"@type":"BreadcrumbList","@id":"https:\/\/grafomix.ro\/hu\/reklamtablak\/#breadcrumb","itemListElement":[{"@type":"ListItem","position":1,"name":"Prima pagin\u0103","item":"https:\/\/grafomix.ro\/hu\/"},{"@type":"ListItem","position":2,"name":"REKL\u00c1MT\u00c1BL\u00c1K"}]},{"@type":"WebSite","@id":"https:\/\/grafomix.ro\/#website","url":"https:\/\/grafomix.ro\/","name":"Grafomix","description":"Reclame luminoase, 3d ,litere volumetrice","potentialAction":[{"@type":"SearchAction","target":{"@type":"EntryPoint","urlTemplate":"https:\/\/grafomix.ro\/?s={search_term_string}"},"query-input":{"@type":"PropertyValueSpecification","valueRequired":true,"valueName":"search_term_string"}}],"inLanguage":"hu"}]}},"_links":{"self":[{"href":"https:\/\/grafomix.ro\/hu\/wp-json\/wp\/v2\/pages\/2977","targetHints":{"allow":["GET"]}}],"collection":[{"href":"https:\/\/grafomix.ro\/hu\/wp-json\/wp\/v2\/pages"}],"about":[{"href":"https:\/\/grafomix.ro\/hu\/wp-json\/wp\/v2\/types\/page"}],"author":[{"embeddable":true,"href":"https:\/\/grafomix.ro\/hu\/wp-json\/wp\/v2\/users\/1"}],"replies":[{"embeddable":true,"href":"https:\/\/grafomix.ro\/hu\/wp-json\/wp\/v2\/comments?post=2977"}],"version-history":[{"count":4,"href":"https:\/\/grafomix.ro\/hu\/wp-json\/wp\/v2\/pages\/2977\/revisions"}],"predecessor-version":[{"id":9313,"href":"https:\/\/grafomix.ro\/hu\/wp-json\/wp\/v2\/pages\/2977\/revisions\/9313"}],"wp:featuredmedia":[{"embeddable":true,"href":"https:\/\/grafomix.ro\/hu\/wp-json\/wp\/v2\/media\/5263"}],"wp:attachment":[{"href":"https:\/\/grafomix.ro\/hu\/wp-json\/wp\/v2\/media?parent=2977"}],"curies":[{"name":"wp","href":"https:\/\/api.w.org\/{rel}","templated":true}]}}